{"id":1061,"date":"2015-02-20T13:05:28","date_gmt":"2015-02-20T12:05:28","guid":{"rendered":"http:\/\/www.jazzypunto.es\/jazzaragon\/?page_id=1061"},"modified":"2022-03-10T13:13:35","modified_gmt":"2022-03-10T12:13:35","slug":"noches-de-molienda-2005","status":"publish","type":"page","link":"https:\/\/www.jazzypunto.es\/jazzaragon\/huesca\/sabinanigo\/noches-de-molienda-2005\/","title":{"rendered":"Noches de Molienda 2005"},"content":{"rendered":"<h4 style=\"text-align: center;\"><strong><em>Del 21 de Enero al 20 Febrero<\/em><\/strong><\/h4>\n<p style=\"text-align: center;\"><strong>21 de Enero <\/strong>\u2013 Viernes 22.30 horas<\/p>\n<p><strong><em>&#8211; D\u00b43<\/em><\/strong><\/p>\n<figure id=\"attachment_1086\" aria-describedby=\"caption-attachment-1086\" style=\"width: 392px\" class=\"wp-caption aligncenter\"><a href=\"https:\/\/i0.wp.com\/www.jazzypunto.es\/jazzaragon\/wp-content\/uploads\/2015\/02\/Jorge-Pardo.jpg\" rel=\"lightbox-0\" data-rel=\"lightbox-image-0\" data-imagelightbox=\"0\" data-rl_title=\"\" data-rl_caption=\"\" title=\"\"><img data-recalc-dims=\"1\" decoding=\"async\" class=\"wp-image-1086 lazyload\" data-src=\"https:\/\/i0.wp.com\/www.jazzypunto.es\/jazzaragon\/wp-content\/uploads\/2015\/02\/Jorge-Pardo.jpg?resize=392%2C216\" alt=\"\" width=\"392\" height=\"216\" src=\"data:image\/svg+xml;base64,PHN2ZyB3aWR0aD0iMSIgaGVpZ2h0PSIxIiB4bWxucz0iaHR0cDovL3d3dy53My5vcmcvMjAwMC9zdmciPjwvc3ZnPg==\" style=\"--smush-placeholder-width: 392px; --smush-placeholder-aspect-ratio: 392\/216;\"><\/a><figcaption id=\"caption-attachment-1086\" class=\"wp-caption-text\">D\u00b43<\/figcaption><\/figure>\n<p style=\"padding-left: 80px;\"><em>Jorge Pardo: Saxof\u00f3n<\/em><br \/>\n<em>Francis Pos\u00e9: Contrabajo<\/em><br \/>\n<em>Jos\u00e9 V\u00e1zquez\u201dRoper\u201d: Bater\u00eda<\/em><\/p>\n<p style=\"text-align: center;\"><strong>28 de Enero<\/strong> \u2013 Viernes 22,30 horas<\/p>\n<p><em><strong>&#8211; Javier Garayalde Quintet Jazz<\/strong><\/em><\/p>\n<p style=\"text-align: center;\"><strong>4 de Febrero<\/strong> \u2013 Viernes 23,00 horas<\/p>\n<p><em><strong>&#8211; Contramarea<\/strong><\/em><\/p>\n<figure id=\"attachment_1084\" aria-describedby=\"caption-attachment-1084\" style=\"width: 361px\" class=\"wp-caption aligncenter\"><a href=\"https:\/\/i0.wp.com\/www.jazzypunto.es\/jazzaragon\/wp-content\/uploads\/2015\/02\/2005-Contramarea.png\" rel=\"lightbox-1\" data-rel=\"lightbox-image-1\" data-imagelightbox=\"1\" data-rl_title=\"\" data-rl_caption=\"\" title=\"\"><img data-recalc-dims=\"1\" decoding=\"async\" class=\"wp-image-1084 lazyload\" data-src=\"https:\/\/i0.wp.com\/www.jazzypunto.es\/jazzaragon\/wp-content\/uploads\/2015\/02\/2005-Contramarea.png?resize=361%2C283\" alt=\"\" width=\"361\" height=\"283\" src=\"data:image\/svg+xml;base64,PHN2ZyB3aWR0aD0iMSIgaGVpZ2h0PSIxIiB4bWxucz0iaHR0cDovL3d3dy53My5vcmcvMjAwMC9zdmciPjwvc3ZnPg==\" style=\"--smush-placeholder-width: 361px; --smush-placeholder-aspect-ratio: 361\/283;\"><\/a><figcaption id=\"caption-attachment-1084\" class=\"wp-caption-text\">Contramarea<\/figcaption><\/figure>\n<p style=\"padding-left: 80px;\"><em>Jos\u00e9 Carlos Calvo: Saxo<\/em><br \/>\n<em>Jos\u00e9 Manuel Fern\u00e1ndez: Piano<\/em><br \/>\n<em>Javier Estella: Bajo<\/em><br \/>\n<em>Javier Payarola: Bater\u00eda<\/em><\/p>\n<p style=\"text-align: center;\"><strong>20 de Febrero <\/strong>\u2013 Viernes 23,00 horas<\/p>\n<p style=\"text-align: left;\"><strong><em>&#8211; Nuei Jazz Ensemble<\/em><\/strong><\/p>\n<figure id=\"attachment_1085\" aria-describedby=\"caption-attachment-1085\" style=\"width: 208px\" class=\"wp-caption aligncenter\"><a href=\"https:\/\/i0.wp.com\/www.jazzypunto.es\/jazzaragon\/wp-content\/uploads\/2015\/02\/2005-Nuei-Jazz-Ensemble.png\" rel=\"lightbox-2\" data-rel=\"lightbox-image-2\" data-imagelightbox=\"2\" data-rl_title=\"\" data-rl_caption=\"\" title=\"\"><img data-recalc-dims=\"1\" decoding=\"async\" class=\"wp-image-1085 size-full lazyload\" data-src=\"https:\/\/i0.wp.com\/www.jazzypunto.es\/jazzaragon\/wp-content\/uploads\/2015\/02\/2005-Nuei-Jazz-Ensemble.png?resize=208%2C291\" alt=\"\" width=\"208\" height=\"291\" src=\"data:image\/svg+xml;base64,PHN2ZyB3aWR0aD0iMSIgaGVpZ2h0PSIxIiB4bWxucz0iaHR0cDovL3d3dy53My5vcmcvMjAwMC9zdmciPjwvc3ZnPg==\" style=\"--smush-placeholder-width: 208px; --smush-placeholder-aspect-ratio: 208\/291;\"><\/a><figcaption id=\"caption-attachment-1085\" class=\"wp-caption-text\">Nuei Jazz Ensemble<\/figcaption><\/figure>\n<p style=\"padding-left: 80px;\"><em>Jos\u00e9 Ignacio Cipr\u00e9s: Trompeta<\/em><br \/>\n<em>Javier Mart\u00ednez: Saxo Bar\u00edtono<\/em><br \/>\n<em>Juan Mart\u00ednez: Saxo Alto<\/em><br \/>\n<em>Pablo Fenero: Saxo Tenor y soprano<\/em><br \/>\n<em>Chus\u00e9 Chabier P\u00e9rez: Bajo<\/em><br \/>\n<em>Jaime Arilla: Piano<\/em><br \/>\n<em>Domingo Solanas: Bater\u00eda<\/em><\/p>\n","protected":false},"excerpt":{"rendered":"<p>Del 21 de Enero al 20 Febrero 21 de Enero \u2013 Viernes 22.30 horas &#8211; D\u00b43 Jorge Pardo: Saxof\u00f3n Francis Pos\u00e9: Contrabajo Jos\u00e9 V\u00e1zquez\u201dRoper\u201d: Bater\u00eda 28 de Enero \u2013 Viernes 22,30 horas &#8211; Javier Garayalde Quintet Jazz 4 de Febrero \u2013 Viernes 23,00 horas &#8211; Contramarea Jos\u00e9 Carlos Calvo: Saxo Jos\u00e9 Manuel Fern\u00e1ndez: Piano Javier &hellip; <a href=\"https:\/\/www.jazzypunto.es\/jazzaragon\/huesca\/sabinanigo\/noches-de-molienda-2005\/\" class=\"more-link\">Seguir leyendo <span class=\"screen-reader-text\">Noches de Molienda 2005<\/span> <span class=\"meta-nav\">&rarr;<\/span><\/a><\/p>\n","protected":false},"author":1,"featured_media":0,"parent":451,"menu_order":2,"comment_status":"closed","ping_status":"open","template":"page-templates\/full-width.php","meta":{"footnotes":""},"class_list":["post-1061","page","type-page","status-publish","hentry"],"yoast_head":"<!-- This site is optimized with the Yoast SEO plugin v27.6 - https:\/\/yoast.com\/product\/yoast-seo-wordpress\/ -->\n<title>Noches de Molienda 2005 &#8212; Jazz Arag\u00f3n<\/title>\n<meta name=\"robots\" content=\"index, follow, max-snippet:-1, max-image-preview:large, max-video-preview:-1\" \/>\n<link rel=\"canonical\" href=\"https:\/\/www.jazzypunto.es\/jazzaragon\/huesca\/sabinanigo\/noches-de-molienda-2005\/\" \/>\n<meta property=\"og:locale\" content=\"es_ES\" \/>\n<meta property=\"og:type\" content=\"article\" \/>\n<meta property=\"og:title\" content=\"Noches de Molienda 2005 &#8212; Jazz Arag\u00f3n\" \/>\n<meta property=\"og:description\" content=\"Del 21 de Enero al 20 Febrero 21 de Enero \u2013 Viernes 22.30 horas &#8211; D\u00b43 Jorge Pardo: Saxof\u00f3n Francis Pos\u00e9: Contrabajo Jos\u00e9 V\u00e1zquez\u201dRoper\u201d: Bater\u00eda 28 de Enero \u2013 Viernes 22,30 horas &#8211; Javier Garayalde Quintet Jazz 4 de Febrero \u2013 Viernes 23,00 horas &#8211; Contramarea Jos\u00e9 Carlos Calvo: Saxo Jos\u00e9 Manuel Fern\u00e1ndez: Piano Javier &hellip; Seguir leyendo Noches de Molienda 2005 &rarr;\" \/>\n<meta property=\"og:url\" content=\"https:\/\/www.jazzypunto.es\/jazzaragon\/huesca\/sabinanigo\/noches-de-molienda-2005\/\" \/>\n<meta property=\"og:site_name\" content=\"Jazz Arag\u00f3n\" \/>\n<meta property=\"article:publisher\" content=\"https:\/\/www.facebook.com\/Danijazz\/\" \/>\n<meta property=\"article:modified_time\" content=\"2022-03-10T12:13:35+00:00\" \/>\n<meta property=\"og:image\" content=\"http:\/\/www.jazzypunto.es\/jazzaragon\/wp-content\/uploads\/2015\/02\/Jorge-Pardo.jpg\" \/>\n<meta name=\"twitter:card\" content=\"summary_large_image\" \/>\n<meta name=\"twitter:site\" content=\"@_jazzaragon\" \/>\n<meta name=\"twitter:label1\" content=\"Tiempo de lectura\" \/>\n\t<meta name=\"twitter:data1\" content=\"1 minuto\" \/>\n<script type=\"application\/ld+json\" class=\"yoast-schema-graph\">{\"@context\":\"https:\\\/\\\/schema.org\",\"@graph\":[{\"@type\":\"WebPage\",\"@id\":\"https:\\\/\\\/www.jazzypunto.es\\\/jazzaragon\\\/huesca\\\/sabinanigo\\\/noches-de-molienda-2005\\\/\",\"url\":\"https:\\\/\\\/www.jazzypunto.es\\\/jazzaragon\\\/huesca\\\/sabinanigo\\\/noches-de-molienda-2005\\\/\",\"name\":\"Noches de Molienda 2005 &#8212; Jazz Arag\u00f3n\",\"isPartOf\":{\"@id\":\"https:\\\/\\\/www.jazzypunto.es\\\/jazzaragon\\\/#website\"},\"primaryImageOfPage\":{\"@id\":\"https:\\\/\\\/www.jazzypunto.es\\\/jazzaragon\\\/huesca\\\/sabinanigo\\\/noches-de-molienda-2005\\\/#primaryimage\"},\"image\":{\"@id\":\"https:\\\/\\\/www.jazzypunto.es\\\/jazzaragon\\\/huesca\\\/sabinanigo\\\/noches-de-molienda-2005\\\/#primaryimage\"},\"thumbnailUrl\":\"http:\\\/\\\/www.jazzypunto.es\\\/jazzaragon\\\/wp-content\\\/uploads\\\/2015\\\/02\\\/Jorge-Pardo.jpg\",\"datePublished\":\"2015-02-20T12:05:28+00:00\",\"dateModified\":\"2022-03-10T12:13:35+00:00\",\"breadcrumb\":{\"@id\":\"https:\\\/\\\/www.jazzypunto.es\\\/jazzaragon\\\/huesca\\\/sabinanigo\\\/noches-de-molienda-2005\\\/#breadcrumb\"},\"inLanguage\":\"es\",\"potentialAction\":[{\"@type\":\"ReadAction\",\"target\":[\"https:\\\/\\\/www.jazzypunto.es\\\/jazzaragon\\\/huesca\\\/sabinanigo\\\/noches-de-molienda-2005\\\/\"]}]},{\"@type\":\"ImageObject\",\"inLanguage\":\"es\",\"@id\":\"https:\\\/\\\/www.jazzypunto.es\\\/jazzaragon\\\/huesca\\\/sabinanigo\\\/noches-de-molienda-2005\\\/#primaryimage\",\"url\":\"https:\\\/\\\/i0.wp.com\\\/www.jazzypunto.es\\\/jazzaragon\\\/wp-content\\\/uploads\\\/2015\\\/02\\\/Jorge-Pardo.jpg?fit=432%2C238&ssl=1\",\"contentUrl\":\"https:\\\/\\\/i0.wp.com\\\/www.jazzypunto.es\\\/jazzaragon\\\/wp-content\\\/uploads\\\/2015\\\/02\\\/Jorge-Pardo.jpg?fit=432%2C238&ssl=1\",\"width\":432,\"height\":238},{\"@type\":\"BreadcrumbList\",\"@id\":\"https:\\\/\\\/www.jazzypunto.es\\\/jazzaragon\\\/huesca\\\/sabinanigo\\\/noches-de-molienda-2005\\\/#breadcrumb\",\"itemListElement\":[{\"@type\":\"ListItem\",\"position\":1,\"name\":\"Portada\",\"item\":\"https:\\\/\\\/www.jazzypunto.es\\\/jazzaragon\\\/\"},{\"@type\":\"ListItem\",\"position\":2,\"name\":\"Huesca\",\"item\":\"https:\\\/\\\/www.jazzypunto.es\\\/jazzaragon\\\/huesca\\\/\"},{\"@type\":\"ListItem\",\"position\":3,\"name\":\"Sabi\u00f1\u00e1nigo\",\"item\":\"https:\\\/\\\/www.jazzypunto.es\\\/jazzaragon\\\/huesca\\\/sabinanigo\\\/\"},{\"@type\":\"ListItem\",\"position\":4,\"name\":\"Noches de Molienda 2005\"}]},{\"@type\":\"WebSite\",\"@id\":\"https:\\\/\\\/www.jazzypunto.es\\\/jazzaragon\\\/#website\",\"url\":\"https:\\\/\\\/www.jazzypunto.es\\\/jazzaragon\\\/\",\"name\":\"Jazz Arag\u00f3n\",\"description\":\"Historia y Actualidad\",\"publisher\":{\"@id\":\"https:\\\/\\\/www.jazzypunto.es\\\/jazzaragon\\\/#\\\/schema\\\/person\\\/c0d650c3b28b68befb325c5cddc3b0fe\"},\"potentialAction\":[{\"@type\":\"SearchAction\",\"target\":{\"@type\":\"EntryPoint\",\"urlTemplate\":\"https:\\\/\\\/www.jazzypunto.es\\\/jazzaragon\\\/?s={search_term_string}\"},\"query-input\":{\"@type\":\"PropertyValueSpecification\",\"valueRequired\":true,\"valueName\":\"search_term_string\"}}],\"inLanguage\":\"es\"},{\"@type\":[\"Person\",\"Organization\"],\"@id\":\"https:\\\/\\\/www.jazzypunto.es\\\/jazzaragon\\\/#\\\/schema\\\/person\\\/c0d650c3b28b68befb325c5cddc3b0fe\",\"name\":\"Danijazz\",\"image\":{\"@type\":\"ImageObject\",\"inLanguage\":\"es\",\"@id\":\"https:\\\/\\\/i0.wp.com\\\/www.jazzypunto.es\\\/jazzaragon\\\/wp-content\\\/uploads\\\/2022\\\/11\\\/Benja_Daniel-e1667983357479.jpg?fit=1000%2C975&ssl=1\",\"url\":\"https:\\\/\\\/i0.wp.com\\\/www.jazzypunto.es\\\/jazzaragon\\\/wp-content\\\/uploads\\\/2022\\\/11\\\/Benja_Daniel-e1667983357479.jpg?fit=1000%2C975&ssl=1\",\"contentUrl\":\"https:\\\/\\\/i0.wp.com\\\/www.jazzypunto.es\\\/jazzaragon\\\/wp-content\\\/uploads\\\/2022\\\/11\\\/Benja_Daniel-e1667983357479.jpg?fit=1000%2C975&ssl=1\",\"width\":1000,\"height\":975,\"caption\":\"Danijazz\"},\"logo\":{\"@id\":\"https:\\\/\\\/i0.wp.com\\\/www.jazzypunto.es\\\/jazzaragon\\\/wp-content\\\/uploads\\\/2022\\\/11\\\/Benja_Daniel-e1667983357479.jpg?fit=1000%2C975&ssl=1\"},\"sameAs\":[\"https:\\\/\\\/www.facebook.com\\\/Danijazz\\\/\"]}]}<\/script>\n<!-- \/ Yoast SEO plugin. -->","yoast_head_json":{"title":"Noches de Molienda 2005 &#8212; Jazz Arag\u00f3n","robots":{"index":"index","follow":"follow","max-snippet":"max-snippet:-1","max-image-preview":"max-image-preview:large","max-video-preview":"max-video-preview:-1"},"canonical":"https:\/\/www.jazzypunto.es\/jazzaragon\/huesca\/sabinanigo\/noches-de-molienda-2005\/","og_locale":"es_ES","og_type":"article","og_title":"Noches de Molienda 2005 &#8212; Jazz Arag\u00f3n","og_description":"Del 21 de Enero al 20 Febrero 21 de Enero \u2013 Viernes 22.30 horas &#8211; D\u00b43 Jorge Pardo: Saxof\u00f3n Francis Pos\u00e9: Contrabajo Jos\u00e9 V\u00e1zquez\u201dRoper\u201d: Bater\u00eda 28 de Enero \u2013 Viernes 22,30 horas &#8211; Javier Garayalde Quintet Jazz 4 de Febrero \u2013 Viernes 23,00 horas &#8211; Contramarea Jos\u00e9 Carlos Calvo: Saxo Jos\u00e9 Manuel Fern\u00e1ndez: Piano Javier &hellip; Seguir leyendo Noches de Molienda 2005 &rarr;","og_url":"https:\/\/www.jazzypunto.es\/jazzaragon\/huesca\/sabinanigo\/noches-de-molienda-2005\/","og_site_name":"Jazz Arag\u00f3n","article_publisher":"https:\/\/www.facebook.com\/Danijazz\/","article_modified_time":"2022-03-10T12:13:35+00:00","og_image":[{"url":"http:\/\/www.jazzypunto.es\/jazzaragon\/wp-content\/uploads\/2015\/02\/Jorge-Pardo.jpg","type":"","width":"","height":""}],"twitter_card":"summary_large_image","twitter_site":"@_jazzaragon","twitter_misc":{"Tiempo de lectura":"1 minuto"},"schema":{"@context":"https:\/\/schema.org","@graph":[{"@type":"WebPage","@id":"https:\/\/www.jazzypunto.es\/jazzaragon\/huesca\/sabinanigo\/noches-de-molienda-2005\/","url":"https:\/\/www.jazzypunto.es\/jazzaragon\/huesca\/sabinanigo\/noches-de-molienda-2005\/","name":"Noches de Molienda 2005 &#8212; Jazz Arag\u00f3n","isPartOf":{"@id":"https:\/\/www.jazzypunto.es\/jazzaragon\/#website"},"primaryImageOfPage":{"@id":"https:\/\/www.jazzypunto.es\/jazzaragon\/huesca\/sabinanigo\/noches-de-molienda-2005\/#primaryimage"},"image":{"@id":"https:\/\/www.jazzypunto.es\/jazzaragon\/huesca\/sabinanigo\/noches-de-molienda-2005\/#primaryimage"},"thumbnailUrl":"http:\/\/www.jazzypunto.es\/jazzaragon\/wp-content\/uploads\/2015\/02\/Jorge-Pardo.jpg","datePublished":"2015-02-20T12:05:28+00:00","dateModified":"2022-03-10T12:13:35+00:00","breadcrumb":{"@id":"https:\/\/www.jazzypunto.es\/jazzaragon\/huesca\/sabinanigo\/noches-de-molienda-2005\/#breadcrumb"},"inLanguage":"es","potentialAction":[{"@type":"ReadAction","target":["https:\/\/www.jazzypunto.es\/jazzaragon\/huesca\/sabinanigo\/noches-de-molienda-2005\/"]}]},{"@type":"ImageObject","inLanguage":"es","@id":"https:\/\/www.jazzypunto.es\/jazzaragon\/huesca\/sabinanigo\/noches-de-molienda-2005\/#primaryimage","url":"https:\/\/i0.wp.com\/www.jazzypunto.es\/jazzaragon\/wp-content\/uploads\/2015\/02\/Jorge-Pardo.jpg?fit=432%2C238&ssl=1","contentUrl":"https:\/\/i0.wp.com\/www.jazzypunto.es\/jazzaragon\/wp-content\/uploads\/2015\/02\/Jorge-Pardo.jpg?fit=432%2C238&ssl=1","width":432,"height":238},{"@type":"BreadcrumbList","@id":"https:\/\/www.jazzypunto.es\/jazzaragon\/huesca\/sabinanigo\/noches-de-molienda-2005\/#breadcrumb","itemListElement":[{"@type":"ListItem","position":1,"name":"Portada","item":"https:\/\/www.jazzypunto.es\/jazzaragon\/"},{"@type":"ListItem","position":2,"name":"Huesca","item":"https:\/\/www.jazzypunto.es\/jazzaragon\/huesca\/"},{"@type":"ListItem","position":3,"name":"Sabi\u00f1\u00e1nigo","item":"https:\/\/www.jazzypunto.es\/jazzaragon\/huesca\/sabinanigo\/"},{"@type":"ListItem","position":4,"name":"Noches de Molienda 2005"}]},{"@type":"WebSite","@id":"https:\/\/www.jazzypunto.es\/jazzaragon\/#website","url":"https:\/\/www.jazzypunto.es\/jazzaragon\/","name":"Jazz Arag\u00f3n","description":"Historia y Actualidad","publisher":{"@id":"https:\/\/www.jazzypunto.es\/jazzaragon\/#\/schema\/person\/c0d650c3b28b68befb325c5cddc3b0fe"},"potentialAction":[{"@type":"SearchAction","target":{"@type":"EntryPoint","urlTemplate":"https:\/\/www.jazzypunto.es\/jazzaragon\/?s={search_term_string}"},"query-input":{"@type":"PropertyValueSpecification","valueRequired":true,"valueName":"search_term_string"}}],"inLanguage":"es"},{"@type":["Person","Organization"],"@id":"https:\/\/www.jazzypunto.es\/jazzaragon\/#\/schema\/person\/c0d650c3b28b68befb325c5cddc3b0fe","name":"Danijazz","image":{"@type":"ImageObject","inLanguage":"es","@id":"https:\/\/i0.wp.com\/www.jazzypunto.es\/jazzaragon\/wp-content\/uploads\/2022\/11\/Benja_Daniel-e1667983357479.jpg?fit=1000%2C975&ssl=1","url":"https:\/\/i0.wp.com\/www.jazzypunto.es\/jazzaragon\/wp-content\/uploads\/2022\/11\/Benja_Daniel-e1667983357479.jpg?fit=1000%2C975&ssl=1","contentUrl":"https:\/\/i0.wp.com\/www.jazzypunto.es\/jazzaragon\/wp-content\/uploads\/2022\/11\/Benja_Daniel-e1667983357479.jpg?fit=1000%2C975&ssl=1","width":1000,"height":975,"caption":"Danijazz"},"logo":{"@id":"https:\/\/i0.wp.com\/www.jazzypunto.es\/jazzaragon\/wp-content\/uploads\/2022\/11\/Benja_Daniel-e1667983357479.jpg?fit=1000%2C975&ssl=1"},"sameAs":["https:\/\/www.facebook.com\/Danijazz\/"]}]}},"jetpack_sharing_enabled":true,"_links":{"self":[{"href":"https:\/\/www.jazzypunto.es\/jazzaragon\/wp-json\/wp\/v2\/pages\/1061","targetHints":{"allow":["GET"]}}],"collection":[{"href":"https:\/\/www.jazzypunto.es\/jazzaragon\/wp-json\/wp\/v2\/pages"}],"about":[{"href":"https:\/\/www.jazzypunto.es\/jazzaragon\/wp-json\/wp\/v2\/types\/page"}],"author":[{"embeddable":true,"href":"https:\/\/www.jazzypunto.es\/jazzaragon\/wp-json\/wp\/v2\/users\/1"}],"replies":[{"embeddable":true,"href":"https:\/\/www.jazzypunto.es\/jazzaragon\/wp-json\/wp\/v2\/comments?post=1061"}],"version-history":[{"count":12,"href":"https:\/\/www.jazzypunto.es\/jazzaragon\/wp-json\/wp\/v2\/pages\/1061\/revisions"}],"predecessor-version":[{"id":16642,"href":"https:\/\/www.jazzypunto.es\/jazzaragon\/wp-json\/wp\/v2\/pages\/1061\/revisions\/16642"}],"up":[{"embeddable":true,"href":"https:\/\/www.jazzypunto.es\/jazzaragon\/wp-json\/wp\/v2\/pages\/451"}],"wp:attachment":[{"href":"https:\/\/www.jazzypunto.es\/jazzaragon\/wp-json\/wp\/v2\/media?parent=1061"}],"curies":[{"name":"wp","href":"https:\/\/api.w.org\/{rel}","templated":true}]}}