{"id":1101,"date":"2015-02-20T15:12:44","date_gmt":"2015-02-20T14:12:44","guid":{"rendered":"http:\/\/www.jazzypunto.es\/jazzaragon\/?page_id=1101"},"modified":"2024-09-17T13:30:33","modified_gmt":"2024-09-17T11:30:33","slug":"jazz-en-la-colina-2010","status":"publish","type":"page","link":"https:\/\/www.jazzypunto.es\/jazzaragon\/huesca\/sabinanigo\/jazz-en-la-colina-2010\/","title":{"rendered":"Jazz en la Colina 2010"},"content":{"rendered":"<h3 style=\"text-align: center;\"><em><strong>19 y 26 de Febrero<\/strong><\/em><\/h3>\n<p style=\"text-align: center;\"><strong>19 de Febrero \u00a0&#8211; <\/strong>Viernes 22.30 horas<\/p>\n<div class=\"mceTemp\"><\/div>\n<p><strong><em>&#8211; Lluis Vidal Tr\u00edo<\/em><\/strong><\/p>\n<figure id=\"attachment_2441\" aria-describedby=\"caption-attachment-2441\" style=\"width: 310px\" class=\"wp-caption aligncenter\"><a href=\"https:\/\/i0.wp.com\/www.jazzypunto.es\/jazzaragon\/wp-content\/uploads\/2015\/02\/Lluis-Vidal.jpg\" rel=\"lightbox-0\" data-rel=\"lightbox-image-0\" data-imagelightbox=\"0\" data-rl_title=\"\" data-rl_caption=\"\" title=\"\"><img data-recalc-dims=\"1\" decoding=\"async\" class=\"wp-image-2441 size-full lazyload\" data-src=\"https:\/\/i0.wp.com\/www.jazzypunto.es\/jazzaragon\/wp-content\/uploads\/2015\/02\/Lluis-Vidal.jpg?resize=310%2C234\" alt=\"\" width=\"310\" height=\"234\" data-srcset=\"https:\/\/i0.wp.com\/www.jazzypunto.es\/jazzaragon\/wp-content\/uploads\/2015\/02\/Lluis-Vidal.jpg?w=310&amp;ssl=1 310w, https:\/\/i0.wp.com\/www.jazzypunto.es\/jazzaragon\/wp-content\/uploads\/2015\/02\/Lluis-Vidal.jpg?resize=300%2C226&amp;ssl=1 300w\" data-sizes=\"(max-width: 310px) 100vw, 310px\" src=\"data:image\/svg+xml;base64,PHN2ZyB3aWR0aD0iMSIgaGVpZ2h0PSIxIiB4bWxucz0iaHR0cDovL3d3dy53My5vcmcvMjAwMC9zdmciPjwvc3ZnPg==\" style=\"--smush-placeholder-width: 310px; --smush-placeholder-aspect-ratio: 310\/234;\" \/><\/a><figcaption id=\"caption-attachment-2441\" class=\"wp-caption-text\">Lluis Vidal<\/figcaption><\/figure>\n<p style=\"padding-left: 80px;\"><em>Lluis Vidal: Piano<\/em><br \/>\n<em>Massa Kamaguchi: Contrabajo<\/em><br \/>\n<em>David Xirgu: Bater\u00eda<\/em><\/p>\n<p style=\"text-align: center;\"><strong>26 de Febrero \u00a0&#8211; <\/strong>Viernes 22.30 horas<\/p>\n<p><strong><em>&#8211; Miguel \u00c1ngel Remiro Tr\u00edo<\/em><\/strong><\/p>\n<figure id=\"attachment_2444\" aria-describedby=\"caption-attachment-2444\" style=\"width: 300px\" class=\"wp-caption aligncenter\"><a href=\"https:\/\/i0.wp.com\/www.jazzypunto.es\/jazzaragon\/wp-content\/uploads\/2015\/02\/MA-Remiro-Tr%C3%ADo.jpg\" rel=\"lightbox-1\" data-rel=\"lightbox-image-1\" data-imagelightbox=\"1\" data-rl_title=\"\" data-rl_caption=\"\" title=\"\"><img data-recalc-dims=\"1\" decoding=\"async\" class=\"wp-image-2444 size-full lazyload\" data-src=\"https:\/\/i0.wp.com\/www.jazzypunto.es\/jazzaragon\/wp-content\/uploads\/2015\/02\/MA-Remiro-Tr%C3%ADo.jpg?resize=300%2C240\" alt=\"\" width=\"300\" height=\"240\" src=\"data:image\/svg+xml;base64,PHN2ZyB3aWR0aD0iMSIgaGVpZ2h0PSIxIiB4bWxucz0iaHR0cDovL3d3dy53My5vcmcvMjAwMC9zdmciPjwvc3ZnPg==\" style=\"--smush-placeholder-width: 300px; --smush-placeholder-aspect-ratio: 300\/240;\" \/><\/a><figcaption id=\"caption-attachment-2444\" class=\"wp-caption-text\">Miguel \u00c1ngel Remiro Tr\u00edo<\/figcaption><\/figure>\n<p style=\"padding-left: 80px;\"><em>Miguel \u00c1ngel Remiro: Piano<\/em><br \/>\n<em>Javier Estella: Bajo<\/em><br \/>\n<em>Sergio Gra\u00f1a: Bater\u00eda<\/em><\/p>\n<p><em>\u00a0<\/em><\/p>\n","protected":false},"excerpt":{"rendered":"<p>19 y 26 de Febrero 19 de Febrero \u00a0&#8211; Viernes 22.30 horas &#8211; Lluis Vidal Tr\u00edo Lluis Vidal: Piano Massa Kamaguchi: Contrabajo David Xirgu: Bater\u00eda 26 de Febrero \u00a0&#8211; Viernes 22.30 horas &#8211; Miguel \u00c1ngel Remiro Tr\u00edo Miguel \u00c1ngel Remiro: Piano Javier Estella: Bajo Sergio Gra\u00f1a: Bater\u00eda \u00a0<\/p>\n","protected":false},"author":1,"featured_media":0,"parent":451,"menu_order":7,"comment_status":"closed","ping_status":"open","template":"page-templates\/full-width.php","meta":{"footnotes":""},"class_list":["post-1101","page","type-page","status-publish","hentry"],"yoast_head":"<!-- This site is optimized with the Yoast SEO plugin v27.3 - https:\/\/yoast.com\/product\/yoast-seo-wordpress\/ -->\n<title>Jazz en la Colina 2010 &#8212; Jazz Arag\u00f3n<\/title>\n<meta name=\"robots\" content=\"index, follow, max-snippet:-1, max-image-preview:large, max-video-preview:-1\" \/>\n<link rel=\"canonical\" href=\"https:\/\/www.jazzypunto.es\/jazzaragon\/huesca\/sabinanigo\/jazz-en-la-colina-2010\/\" \/>\n<meta property=\"og:locale\" content=\"es_ES\" \/>\n<meta property=\"og:type\" content=\"article\" \/>\n<meta property=\"og:title\" content=\"Jazz en la Colina 2010 &#8212; Jazz Arag\u00f3n\" \/>\n<meta property=\"og:description\" content=\"19 y 26 de Febrero 19 de Febrero \u00a0&#8211; Viernes 22.30 horas &#8211; Lluis Vidal Tr\u00edo Lluis Vidal: Piano Massa Kamaguchi: Contrabajo David Xirgu: Bater\u00eda 26 de Febrero \u00a0&#8211; Viernes 22.30 horas &#8211; Miguel \u00c1ngel Remiro Tr\u00edo Miguel \u00c1ngel Remiro: Piano Javier Estella: Bajo Sergio Gra\u00f1a: Bater\u00eda \u00a0\" \/>\n<meta property=\"og:url\" content=\"https:\/\/www.jazzypunto.es\/jazzaragon\/huesca\/sabinanigo\/jazz-en-la-colina-2010\/\" \/>\n<meta property=\"og:site_name\" content=\"Jazz Arag\u00f3n\" \/>\n<meta property=\"article:publisher\" content=\"https:\/\/www.facebook.com\/Danijazz\/\" \/>\n<meta property=\"article:modified_time\" content=\"2024-09-17T11:30:33+00:00\" \/>\n<meta property=\"og:image\" content=\"http:\/\/www.jazzypunto.es\/jazzaragon\/wp-content\/uploads\/2015\/02\/Lluis-Vidal.jpg\" \/>\n<meta name=\"twitter:card\" content=\"summary_large_image\" \/>\n<meta name=\"twitter:site\" content=\"@_jazzaragon\" \/>\n<meta name=\"twitter:label1\" content=\"Tiempo de lectura\" \/>\n\t<meta name=\"twitter:data1\" content=\"1 minuto\" \/>\n<script type=\"application\/ld+json\" class=\"yoast-schema-graph\">{\"@context\":\"https:\\\/\\\/schema.org\",\"@graph\":[{\"@type\":\"WebPage\",\"@id\":\"https:\\\/\\\/www.jazzypunto.es\\\/jazzaragon\\\/huesca\\\/sabinanigo\\\/jazz-en-la-colina-2010\\\/\",\"url\":\"https:\\\/\\\/www.jazzypunto.es\\\/jazzaragon\\\/huesca\\\/sabinanigo\\\/jazz-en-la-colina-2010\\\/\",\"name\":\"Jazz en la Colina 2010 &#8212; Jazz Arag\u00f3n\",\"isPartOf\":{\"@id\":\"https:\\\/\\\/www.jazzypunto.es\\\/jazzaragon\\\/#website\"},\"primaryImageOfPage\":{\"@id\":\"https:\\\/\\\/www.jazzypunto.es\\\/jazzaragon\\\/huesca\\\/sabinanigo\\\/jazz-en-la-colina-2010\\\/#primaryimage\"},\"image\":{\"@id\":\"https:\\\/\\\/www.jazzypunto.es\\\/jazzaragon\\\/huesca\\\/sabinanigo\\\/jazz-en-la-colina-2010\\\/#primaryimage\"},\"thumbnailUrl\":\"http:\\\/\\\/www.jazzypunto.es\\\/jazzaragon\\\/wp-content\\\/uploads\\\/2015\\\/02\\\/Lluis-Vidal.jpg\",\"datePublished\":\"2015-02-20T14:12:44+00:00\",\"dateModified\":\"2024-09-17T11:30:33+00:00\",\"breadcrumb\":{\"@id\":\"https:\\\/\\\/www.jazzypunto.es\\\/jazzaragon\\\/huesca\\\/sabinanigo\\\/jazz-en-la-colina-2010\\\/#breadcrumb\"},\"inLanguage\":\"es\",\"potentialAction\":[{\"@type\":\"ReadAction\",\"target\":[\"https:\\\/\\\/www.jazzypunto.es\\\/jazzaragon\\\/huesca\\\/sabinanigo\\\/jazz-en-la-colina-2010\\\/\"]}]},{\"@type\":\"ImageObject\",\"inLanguage\":\"es\",\"@id\":\"https:\\\/\\\/www.jazzypunto.es\\\/jazzaragon\\\/huesca\\\/sabinanigo\\\/jazz-en-la-colina-2010\\\/#primaryimage\",\"url\":\"https:\\\/\\\/i0.wp.com\\\/www.jazzypunto.es\\\/jazzaragon\\\/wp-content\\\/uploads\\\/2015\\\/02\\\/Lluis-Vidal.jpg?fit=310%2C234&ssl=1\",\"contentUrl\":\"https:\\\/\\\/i0.wp.com\\\/www.jazzypunto.es\\\/jazzaragon\\\/wp-content\\\/uploads\\\/2015\\\/02\\\/Lluis-Vidal.jpg?fit=310%2C234&ssl=1\",\"width\":310,\"height\":234,\"caption\":\"Lluis Vidal\"},{\"@type\":\"BreadcrumbList\",\"@id\":\"https:\\\/\\\/www.jazzypunto.es\\\/jazzaragon\\\/huesca\\\/sabinanigo\\\/jazz-en-la-colina-2010\\\/#breadcrumb\",\"itemListElement\":[{\"@type\":\"ListItem\",\"position\":1,\"name\":\"Portada\",\"item\":\"https:\\\/\\\/www.jazzypunto.es\\\/jazzaragon\\\/\"},{\"@type\":\"ListItem\",\"position\":2,\"name\":\"Huesca\",\"item\":\"https:\\\/\\\/www.jazzypunto.es\\\/jazzaragon\\\/huesca\\\/\"},{\"@type\":\"ListItem\",\"position\":3,\"name\":\"Sabi\u00f1\u00e1nigo\",\"item\":\"https:\\\/\\\/www.jazzypunto.es\\\/jazzaragon\\\/huesca\\\/sabinanigo\\\/\"},{\"@type\":\"ListItem\",\"position\":4,\"name\":\"Jazz en la Colina 2010\"}]},{\"@type\":\"WebSite\",\"@id\":\"https:\\\/\\\/www.jazzypunto.es\\\/jazzaragon\\\/#website\",\"url\":\"https:\\\/\\\/www.jazzypunto.es\\\/jazzaragon\\\/\",\"name\":\"Jazz Arag\u00f3n\",\"description\":\"Historia y Actualidad\",\"publisher\":{\"@id\":\"https:\\\/\\\/www.jazzypunto.es\\\/jazzaragon\\\/#\\\/schema\\\/person\\\/c0d650c3b28b68befb325c5cddc3b0fe\"},\"potentialAction\":[{\"@type\":\"SearchAction\",\"target\":{\"@type\":\"EntryPoint\",\"urlTemplate\":\"https:\\\/\\\/www.jazzypunto.es\\\/jazzaragon\\\/?s={search_term_string}\"},\"query-input\":{\"@type\":\"PropertyValueSpecification\",\"valueRequired\":true,\"valueName\":\"search_term_string\"}}],\"inLanguage\":\"es\"},{\"@type\":[\"Person\",\"Organization\"],\"@id\":\"https:\\\/\\\/www.jazzypunto.es\\\/jazzaragon\\\/#\\\/schema\\\/person\\\/c0d650c3b28b68befb325c5cddc3b0fe\",\"name\":\"Danijazz\",\"image\":{\"@type\":\"ImageObject\",\"inLanguage\":\"es\",\"@id\":\"https:\\\/\\\/i0.wp.com\\\/www.jazzypunto.es\\\/jazzaragon\\\/wp-content\\\/uploads\\\/2022\\\/11\\\/Benja_Daniel-e1667983357479.jpg?fit=1000%2C975&ssl=1\",\"url\":\"https:\\\/\\\/i0.wp.com\\\/www.jazzypunto.es\\\/jazzaragon\\\/wp-content\\\/uploads\\\/2022\\\/11\\\/Benja_Daniel-e1667983357479.jpg?fit=1000%2C975&ssl=1\",\"contentUrl\":\"https:\\\/\\\/i0.wp.com\\\/www.jazzypunto.es\\\/jazzaragon\\\/wp-content\\\/uploads\\\/2022\\\/11\\\/Benja_Daniel-e1667983357479.jpg?fit=1000%2C975&ssl=1\",\"width\":1000,\"height\":975,\"caption\":\"Danijazz\"},\"logo\":{\"@id\":\"https:\\\/\\\/i0.wp.com\\\/www.jazzypunto.es\\\/jazzaragon\\\/wp-content\\\/uploads\\\/2022\\\/11\\\/Benja_Daniel-e1667983357479.jpg?fit=1000%2C975&ssl=1\"},\"sameAs\":[\"https:\\\/\\\/www.facebook.com\\\/Danijazz\\\/\"]}]}<\/script>\n<!-- \/ Yoast SEO plugin. -->","yoast_head_json":{"title":"Jazz en la Colina 2010 &#8212; Jazz Arag\u00f3n","robots":{"index":"index","follow":"follow","max-snippet":"max-snippet:-1","max-image-preview":"max-image-preview:large","max-video-preview":"max-video-preview:-1"},"canonical":"https:\/\/www.jazzypunto.es\/jazzaragon\/huesca\/sabinanigo\/jazz-en-la-colina-2010\/","og_locale":"es_ES","og_type":"article","og_title":"Jazz en la Colina 2010 &#8212; Jazz Arag\u00f3n","og_description":"19 y 26 de Febrero 19 de Febrero \u00a0&#8211; Viernes 22.30 horas &#8211; Lluis Vidal Tr\u00edo Lluis Vidal: Piano Massa Kamaguchi: Contrabajo David Xirgu: Bater\u00eda 26 de Febrero \u00a0&#8211; Viernes 22.30 horas &#8211; Miguel \u00c1ngel Remiro Tr\u00edo Miguel \u00c1ngel Remiro: Piano Javier Estella: Bajo Sergio Gra\u00f1a: Bater\u00eda \u00a0","og_url":"https:\/\/www.jazzypunto.es\/jazzaragon\/huesca\/sabinanigo\/jazz-en-la-colina-2010\/","og_site_name":"Jazz Arag\u00f3n","article_publisher":"https:\/\/www.facebook.com\/Danijazz\/","article_modified_time":"2024-09-17T11:30:33+00:00","og_image":[{"url":"http:\/\/www.jazzypunto.es\/jazzaragon\/wp-content\/uploads\/2015\/02\/Lluis-Vidal.jpg","type":"","width":"","height":""}],"twitter_card":"summary_large_image","twitter_site":"@_jazzaragon","twitter_misc":{"Tiempo de lectura":"1 minuto"},"schema":{"@context":"https:\/\/schema.org","@graph":[{"@type":"WebPage","@id":"https:\/\/www.jazzypunto.es\/jazzaragon\/huesca\/sabinanigo\/jazz-en-la-colina-2010\/","url":"https:\/\/www.jazzypunto.es\/jazzaragon\/huesca\/sabinanigo\/jazz-en-la-colina-2010\/","name":"Jazz en la Colina 2010 &#8212; Jazz Arag\u00f3n","isPartOf":{"@id":"https:\/\/www.jazzypunto.es\/jazzaragon\/#website"},"primaryImageOfPage":{"@id":"https:\/\/www.jazzypunto.es\/jazzaragon\/huesca\/sabinanigo\/jazz-en-la-colina-2010\/#primaryimage"},"image":{"@id":"https:\/\/www.jazzypunto.es\/jazzaragon\/huesca\/sabinanigo\/jazz-en-la-colina-2010\/#primaryimage"},"thumbnailUrl":"http:\/\/www.jazzypunto.es\/jazzaragon\/wp-content\/uploads\/2015\/02\/Lluis-Vidal.jpg","datePublished":"2015-02-20T14:12:44+00:00","dateModified":"2024-09-17T11:30:33+00:00","breadcrumb":{"@id":"https:\/\/www.jazzypunto.es\/jazzaragon\/huesca\/sabinanigo\/jazz-en-la-colina-2010\/#breadcrumb"},"inLanguage":"es","potentialAction":[{"@type":"ReadAction","target":["https:\/\/www.jazzypunto.es\/jazzaragon\/huesca\/sabinanigo\/jazz-en-la-colina-2010\/"]}]},{"@type":"ImageObject","inLanguage":"es","@id":"https:\/\/www.jazzypunto.es\/jazzaragon\/huesca\/sabinanigo\/jazz-en-la-colina-2010\/#primaryimage","url":"https:\/\/i0.wp.com\/www.jazzypunto.es\/jazzaragon\/wp-content\/uploads\/2015\/02\/Lluis-Vidal.jpg?fit=310%2C234&ssl=1","contentUrl":"https:\/\/i0.wp.com\/www.jazzypunto.es\/jazzaragon\/wp-content\/uploads\/2015\/02\/Lluis-Vidal.jpg?fit=310%2C234&ssl=1","width":310,"height":234,"caption":"Lluis Vidal"},{"@type":"BreadcrumbList","@id":"https:\/\/www.jazzypunto.es\/jazzaragon\/huesca\/sabinanigo\/jazz-en-la-colina-2010\/#breadcrumb","itemListElement":[{"@type":"ListItem","position":1,"name":"Portada","item":"https:\/\/www.jazzypunto.es\/jazzaragon\/"},{"@type":"ListItem","position":2,"name":"Huesca","item":"https:\/\/www.jazzypunto.es\/jazzaragon\/huesca\/"},{"@type":"ListItem","position":3,"name":"Sabi\u00f1\u00e1nigo","item":"https:\/\/www.jazzypunto.es\/jazzaragon\/huesca\/sabinanigo\/"},{"@type":"ListItem","position":4,"name":"Jazz en la Colina 2010"}]},{"@type":"WebSite","@id":"https:\/\/www.jazzypunto.es\/jazzaragon\/#website","url":"https:\/\/www.jazzypunto.es\/jazzaragon\/","name":"Jazz Arag\u00f3n","description":"Historia y Actualidad","publisher":{"@id":"https:\/\/www.jazzypunto.es\/jazzaragon\/#\/schema\/person\/c0d650c3b28b68befb325c5cddc3b0fe"},"potentialAction":[{"@type":"SearchAction","target":{"@type":"EntryPoint","urlTemplate":"https:\/\/www.jazzypunto.es\/jazzaragon\/?s={search_term_string}"},"query-input":{"@type":"PropertyValueSpecification","valueRequired":true,"valueName":"search_term_string"}}],"inLanguage":"es"},{"@type":["Person","Organization"],"@id":"https:\/\/www.jazzypunto.es\/jazzaragon\/#\/schema\/person\/c0d650c3b28b68befb325c5cddc3b0fe","name":"Danijazz","image":{"@type":"ImageObject","inLanguage":"es","@id":"https:\/\/i0.wp.com\/www.jazzypunto.es\/jazzaragon\/wp-content\/uploads\/2022\/11\/Benja_Daniel-e1667983357479.jpg?fit=1000%2C975&ssl=1","url":"https:\/\/i0.wp.com\/www.jazzypunto.es\/jazzaragon\/wp-content\/uploads\/2022\/11\/Benja_Daniel-e1667983357479.jpg?fit=1000%2C975&ssl=1","contentUrl":"https:\/\/i0.wp.com\/www.jazzypunto.es\/jazzaragon\/wp-content\/uploads\/2022\/11\/Benja_Daniel-e1667983357479.jpg?fit=1000%2C975&ssl=1","width":1000,"height":975,"caption":"Danijazz"},"logo":{"@id":"https:\/\/i0.wp.com\/www.jazzypunto.es\/jazzaragon\/wp-content\/uploads\/2022\/11\/Benja_Daniel-e1667983357479.jpg?fit=1000%2C975&ssl=1"},"sameAs":["https:\/\/www.facebook.com\/Danijazz\/"]}]}},"jetpack_sharing_enabled":true,"_links":{"self":[{"href":"https:\/\/www.jazzypunto.es\/jazzaragon\/wp-json\/wp\/v2\/pages\/1101","targetHints":{"allow":["GET"]}}],"collection":[{"href":"https:\/\/www.jazzypunto.es\/jazzaragon\/wp-json\/wp\/v2\/pages"}],"about":[{"href":"https:\/\/www.jazzypunto.es\/jazzaragon\/wp-json\/wp\/v2\/types\/page"}],"author":[{"embeddable":true,"href":"https:\/\/www.jazzypunto.es\/jazzaragon\/wp-json\/wp\/v2\/users\/1"}],"replies":[{"embeddable":true,"href":"https:\/\/www.jazzypunto.es\/jazzaragon\/wp-json\/wp\/v2\/comments?post=1101"}],"version-history":[{"count":12,"href":"https:\/\/www.jazzypunto.es\/jazzaragon\/wp-json\/wp\/v2\/pages\/1101\/revisions"}],"predecessor-version":[{"id":23520,"href":"https:\/\/www.jazzypunto.es\/jazzaragon\/wp-json\/wp\/v2\/pages\/1101\/revisions\/23520"}],"up":[{"embeddable":true,"href":"https:\/\/www.jazzypunto.es\/jazzaragon\/wp-json\/wp\/v2\/pages\/451"}],"wp:attachment":[{"href":"https:\/\/www.jazzypunto.es\/jazzaragon\/wp-json\/wp\/v2\/media?parent=1101"}],"curies":[{"name":"wp","href":"https:\/\/api.w.org\/{rel}","templated":true}]}}