{"id":1109,"date":"2015-02-20T15:33:43","date_gmt":"2015-02-20T14:33:43","guid":{"rendered":"http:\/\/www.jazzypunto.es\/jazzaragon\/?page_id=1109"},"modified":"2022-03-10T13:31:32","modified_gmt":"2022-03-10T12:31:32","slug":"jazz-en-la-colina-2012","status":"publish","type":"page","link":"https:\/\/www.jazzypunto.es\/jazzaragon\/huesca\/sabinanigo\/jazz-en-la-colina-2012\/","title":{"rendered":"Jazz en la Colina 2012"},"content":{"rendered":"<h4 style=\"text-align: center;\"><em><strong>27 de Enero, 3 y 10 de Febrero<\/strong><\/em><\/h4>\n<p style=\"text-align: center;\"><strong>27 de Enero<\/strong> \u2013 Viernes 22,30 horas<\/p>\n<p style=\"text-align: left;\"><em><strong>&#8211; Jazz 4 Fun<\/strong><\/em><\/p>\n<figure id=\"attachment_12448\" aria-describedby=\"caption-attachment-12448\" style=\"width: 389px\" class=\"wp-caption aligncenter\"><img data-recalc-dims=\"1\" decoding=\"async\" class=\"wp-image-12448 lazyload\" data-src=\"https:\/\/i0.wp.com\/www.jazzypunto.es\/jazzaragon\/wp-content\/uploads\/2021\/08\/J4F-2012.jpg?resize=389%2C219\" alt=\"\" width=\"389\" height=\"219\" data-srcset=\"https:\/\/i0.wp.com\/www.jazzypunto.es\/jazzaragon\/wp-content\/uploads\/2021\/08\/J4F-2012.jpg?w=700&amp;ssl=1 700w, https:\/\/i0.wp.com\/www.jazzypunto.es\/jazzaragon\/wp-content\/uploads\/2021\/08\/J4F-2012.jpg?resize=300%2C169&amp;ssl=1 300w\" data-sizes=\"(max-width: 389px) 100vw, 389px\" src=\"data:image\/svg+xml;base64,PHN2ZyB3aWR0aD0iMSIgaGVpZ2h0PSIxIiB4bWxucz0iaHR0cDovL3d3dy53My5vcmcvMjAwMC9zdmciPjwvc3ZnPg==\" style=\"--smush-placeholder-width: 389px; --smush-placeholder-aspect-ratio: 389\/219;\" \/><figcaption id=\"caption-attachment-12448\" class=\"wp-caption-text\">J4F<\/figcaption><\/figure>\n<p style=\"text-align: left; padding-left: 80px;\"><em>Jaime Arilla: Teclados<\/em><br \/>\n<em>Mart\u00edn Dom\u00ednguez: Viol\u00edn<\/em><br \/>\n<em>Jose Manuel Escudero: Bajo<\/em><br \/>\n<em>Carlos \u00c1lvarez: Bater\u00eda<\/em><\/p>\n<p style=\"text-align: center;\"><strong>3 de Febrero<\/strong> \u2013 Viernes 22,30 horas<\/p>\n<p><em><strong>&#8211; Bob Sands \u2013 David Fern\u00e1ndez Quintet<\/strong><\/em><\/p>\n<figure id=\"attachment_2452\" aria-describedby=\"caption-attachment-2452\" style=\"width: 419px\" class=\"wp-caption aligncenter\"><a href=\"https:\/\/i0.wp.com\/www.jazzypunto.es\/jazzaragon\/wp-content\/uploads\/2015\/02\/Bob-Sands-e1427911382433.jpg\" rel=\"lightbox-0\" data-rel=\"lightbox-image-0\" data-imagelightbox=\"0\" data-rl_title=\"\" data-rl_caption=\"\" title=\"\"><img data-recalc-dims=\"1\" decoding=\"async\" class=\"wp-image-2452 lazyload\" data-src=\"https:\/\/i0.wp.com\/www.jazzypunto.es\/jazzaragon\/wp-content\/uploads\/2015\/02\/Bob-Sands-e1427911382433.jpg?resize=419%2C161\" alt=\"Bob Sands\" width=\"419\" height=\"161\" src=\"data:image\/svg+xml;base64,PHN2ZyB3aWR0aD0iMSIgaGVpZ2h0PSIxIiB4bWxucz0iaHR0cDovL3d3dy53My5vcmcvMjAwMC9zdmciPjwvc3ZnPg==\" style=\"--smush-placeholder-width: 419px; --smush-placeholder-aspect-ratio: 419\/161;\"><\/a><figcaption id=\"caption-attachment-2452\" class=\"wp-caption-text\">Bob Sands<\/figcaption><\/figure>\n<p style=\"padding-left: 120px;\">\n<p style=\"padding-left: 80px;\"><em>Bob Sands: Saxo<\/em><br \/>\n<em>Rub\u00e9n Andreu: Piano<\/em><br \/>\n<em>Francisco L\u00f3pez: Contrabajo<\/em><br \/>\n<em>David Fern\u00e1ndez: Bater\u00eda<\/em><br \/>\n<em>Angela Fern\u00e1ndez: Voz<\/em><\/p>\n<p style=\"text-align: center;\"><strong>10 de Febrero<\/strong> \u2013 Viernes 22,30 horas<\/p>\n<p><em><strong>&#8211; Aragonian<\/strong><\/em><\/p>\n<figure id=\"attachment_2453\" aria-describedby=\"caption-attachment-2453\" style=\"width: 429px\" class=\"wp-caption aligncenter\"><a href=\"https:\/\/i0.wp.com\/www.jazzypunto.es\/jazzaragon\/wp-content\/uploads\/2015\/02\/Aragonian1.jpg\" rel=\"lightbox-1\" data-rel=\"lightbox-image-1\" data-imagelightbox=\"1\" data-rl_title=\"\" data-rl_caption=\"\" title=\"\"><img data-recalc-dims=\"1\" decoding=\"async\" class=\"wp-image-2453 lazyload\" data-src=\"https:\/\/i0.wp.com\/www.jazzypunto.es\/jazzaragon\/wp-content\/uploads\/2015\/02\/Aragonian1.jpg?resize=429%2C236\" alt=\"\" width=\"429\" height=\"236\" data-srcset=\"https:\/\/i0.wp.com\/www.jazzypunto.es\/jazzaragon\/wp-content\/uploads\/2015\/02\/Aragonian1.jpg?w=432&amp;ssl=1 432w, https:\/\/i0.wp.com\/www.jazzypunto.es\/jazzaragon\/wp-content\/uploads\/2015\/02\/Aragonian1.jpg?resize=300%2C165&amp;ssl=1 300w\" data-sizes=\"(max-width: 429px) 100vw, 429px\" src=\"data:image\/svg+xml;base64,PHN2ZyB3aWR0aD0iMSIgaGVpZ2h0PSIxIiB4bWxucz0iaHR0cDovL3d3dy53My5vcmcvMjAwMC9zdmciPjwvc3ZnPg==\" style=\"--smush-placeholder-width: 429px; --smush-placeholder-aspect-ratio: 429\/236;\" \/><\/a><figcaption id=\"caption-attachment-2453\" class=\"wp-caption-text\">Aragonian<\/figcaption><\/figure>\n<p style=\"padding-left: 120px;\">\n<p style=\"padding-left: 80px;\"><em>Gerardo L\u00f3pez: Trompeta<\/em><br \/>\n<em>Miguel \u00c1ngel Royo \u201cWally\u201d: Saxo<\/em><br \/>\n<em>Alonso Mart\u00ednez: Guitarra<\/em><br \/>\n<em>Jes\u00fas Mart\u00ed: Bajo<\/em><br \/>\n<em>Pablo Posa: Bater\u00eda<\/em><\/p>\n","protected":false},"excerpt":{"rendered":"<p>27 de Enero, 3 y 10 de Febrero 27 de Enero \u2013 Viernes 22,30 horas &#8211; Jazz 4 Fun Jaime Arilla: Teclados Mart\u00edn Dom\u00ednguez: Viol\u00edn Jose Manuel Escudero: Bajo Carlos \u00c1lvarez: Bater\u00eda 3 de Febrero \u2013 Viernes 22,30 horas &#8211; Bob Sands \u2013 David Fern\u00e1ndez Quintet Bob Sands: Saxo Rub\u00e9n Andreu: Piano Francisco L\u00f3pez: Contrabajo &hellip; <a href=\"https:\/\/www.jazzypunto.es\/jazzaragon\/huesca\/sabinanigo\/jazz-en-la-colina-2012\/\" class=\"more-link\">Seguir leyendo <span class=\"screen-reader-text\">Jazz en la Colina 2012<\/span> <span class=\"meta-nav\">&rarr;<\/span><\/a><\/p>\n","protected":false},"author":1,"featured_media":0,"parent":451,"menu_order":9,"comment_status":"closed","ping_status":"open","template":"page-templates\/full-width.php","meta":{"footnotes":""},"class_list":["post-1109","page","type-page","status-publish","hentry"],"yoast_head":"<!-- This site is optimized with the Yoast SEO plugin v27.3 - https:\/\/yoast.com\/product\/yoast-seo-wordpress\/ -->\n<title>Jazz en la Colina 2012 &#8212; Jazz Arag\u00f3n<\/title>\n<meta name=\"robots\" content=\"index, follow, max-snippet:-1, max-image-preview:large, max-video-preview:-1\" \/>\n<link rel=\"canonical\" href=\"https:\/\/www.jazzypunto.es\/jazzaragon\/huesca\/sabinanigo\/jazz-en-la-colina-2012\/\" \/>\n<meta property=\"og:locale\" content=\"es_ES\" \/>\n<meta property=\"og:type\" content=\"article\" \/>\n<meta property=\"og:title\" content=\"Jazz en la Colina 2012 &#8212; Jazz Arag\u00f3n\" \/>\n<meta property=\"og:description\" content=\"27 de Enero, 3 y 10 de Febrero 27 de Enero \u2013 Viernes 22,30 horas &#8211; Jazz 4 Fun Jaime Arilla: Teclados Mart\u00edn Dom\u00ednguez: Viol\u00edn Jose Manuel Escudero: Bajo Carlos \u00c1lvarez: Bater\u00eda 3 de Febrero \u2013 Viernes 22,30 horas &#8211; Bob Sands \u2013 David Fern\u00e1ndez Quintet Bob Sands: Saxo Rub\u00e9n Andreu: Piano Francisco L\u00f3pez: Contrabajo &hellip; Seguir leyendo Jazz en la Colina 2012 &rarr;\" \/>\n<meta property=\"og:url\" content=\"https:\/\/www.jazzypunto.es\/jazzaragon\/huesca\/sabinanigo\/jazz-en-la-colina-2012\/\" \/>\n<meta property=\"og:site_name\" content=\"Jazz Arag\u00f3n\" \/>\n<meta property=\"article:publisher\" content=\"https:\/\/www.facebook.com\/Danijazz\/\" \/>\n<meta property=\"article:modified_time\" content=\"2022-03-10T12:31:32+00:00\" \/>\n<meta property=\"og:image\" content=\"http:\/\/www.jazzypunto.es\/jazzaragon\/wp-content\/uploads\/2021\/08\/J4F-2012.jpg\" \/>\n<meta name=\"twitter:card\" content=\"summary_large_image\" \/>\n<meta name=\"twitter:site\" content=\"@_jazzaragon\" \/>\n<meta name=\"twitter:label1\" content=\"Tiempo de lectura\" \/>\n\t<meta name=\"twitter:data1\" content=\"1 minuto\" \/>\n<script type=\"application\/ld+json\" class=\"yoast-schema-graph\">{\"@context\":\"https:\\\/\\\/schema.org\",\"@graph\":[{\"@type\":\"WebPage\",\"@id\":\"https:\\\/\\\/www.jazzypunto.es\\\/jazzaragon\\\/huesca\\\/sabinanigo\\\/jazz-en-la-colina-2012\\\/\",\"url\":\"https:\\\/\\\/www.jazzypunto.es\\\/jazzaragon\\\/huesca\\\/sabinanigo\\\/jazz-en-la-colina-2012\\\/\",\"name\":\"Jazz en la Colina 2012 &#8212; Jazz Arag\u00f3n\",\"isPartOf\":{\"@id\":\"https:\\\/\\\/www.jazzypunto.es\\\/jazzaragon\\\/#website\"},\"primaryImageOfPage\":{\"@id\":\"https:\\\/\\\/www.jazzypunto.es\\\/jazzaragon\\\/huesca\\\/sabinanigo\\\/jazz-en-la-colina-2012\\\/#primaryimage\"},\"image\":{\"@id\":\"https:\\\/\\\/www.jazzypunto.es\\\/jazzaragon\\\/huesca\\\/sabinanigo\\\/jazz-en-la-colina-2012\\\/#primaryimage\"},\"thumbnailUrl\":\"http:\\\/\\\/www.jazzypunto.es\\\/jazzaragon\\\/wp-content\\\/uploads\\\/2021\\\/08\\\/J4F-2012.jpg\",\"datePublished\":\"2015-02-20T14:33:43+00:00\",\"dateModified\":\"2022-03-10T12:31:32+00:00\",\"breadcrumb\":{\"@id\":\"https:\\\/\\\/www.jazzypunto.es\\\/jazzaragon\\\/huesca\\\/sabinanigo\\\/jazz-en-la-colina-2012\\\/#breadcrumb\"},\"inLanguage\":\"es\",\"potentialAction\":[{\"@type\":\"ReadAction\",\"target\":[\"https:\\\/\\\/www.jazzypunto.es\\\/jazzaragon\\\/huesca\\\/sabinanigo\\\/jazz-en-la-colina-2012\\\/\"]}]},{\"@type\":\"ImageObject\",\"inLanguage\":\"es\",\"@id\":\"https:\\\/\\\/www.jazzypunto.es\\\/jazzaragon\\\/huesca\\\/sabinanigo\\\/jazz-en-la-colina-2012\\\/#primaryimage\",\"url\":\"https:\\\/\\\/i0.wp.com\\\/www.jazzypunto.es\\\/jazzaragon\\\/wp-content\\\/uploads\\\/2021\\\/08\\\/J4F-2012.jpg?fit=700%2C394&ssl=1\",\"contentUrl\":\"https:\\\/\\\/i0.wp.com\\\/www.jazzypunto.es\\\/jazzaragon\\\/wp-content\\\/uploads\\\/2021\\\/08\\\/J4F-2012.jpg?fit=700%2C394&ssl=1\",\"width\":700,\"height\":394},{\"@type\":\"BreadcrumbList\",\"@id\":\"https:\\\/\\\/www.jazzypunto.es\\\/jazzaragon\\\/huesca\\\/sabinanigo\\\/jazz-en-la-colina-2012\\\/#breadcrumb\",\"itemListElement\":[{\"@type\":\"ListItem\",\"position\":1,\"name\":\"Portada\",\"item\":\"https:\\\/\\\/www.jazzypunto.es\\\/jazzaragon\\\/\"},{\"@type\":\"ListItem\",\"position\":2,\"name\":\"Huesca\",\"item\":\"https:\\\/\\\/www.jazzypunto.es\\\/jazzaragon\\\/huesca\\\/\"},{\"@type\":\"ListItem\",\"position\":3,\"name\":\"Sabi\u00f1\u00e1nigo\",\"item\":\"https:\\\/\\\/www.jazzypunto.es\\\/jazzaragon\\\/huesca\\\/sabinanigo\\\/\"},{\"@type\":\"ListItem\",\"position\":4,\"name\":\"Jazz en la Colina 2012\"}]},{\"@type\":\"WebSite\",\"@id\":\"https:\\\/\\\/www.jazzypunto.es\\\/jazzaragon\\\/#website\",\"url\":\"https:\\\/\\\/www.jazzypunto.es\\\/jazzaragon\\\/\",\"name\":\"Jazz Arag\u00f3n\",\"description\":\"Historia y Actualidad\",\"publisher\":{\"@id\":\"https:\\\/\\\/www.jazzypunto.es\\\/jazzaragon\\\/#\\\/schema\\\/person\\\/c0d650c3b28b68befb325c5cddc3b0fe\"},\"potentialAction\":[{\"@type\":\"SearchAction\",\"target\":{\"@type\":\"EntryPoint\",\"urlTemplate\":\"https:\\\/\\\/www.jazzypunto.es\\\/jazzaragon\\\/?s={search_term_string}\"},\"query-input\":{\"@type\":\"PropertyValueSpecification\",\"valueRequired\":true,\"valueName\":\"search_term_string\"}}],\"inLanguage\":\"es\"},{\"@type\":[\"Person\",\"Organization\"],\"@id\":\"https:\\\/\\\/www.jazzypunto.es\\\/jazzaragon\\\/#\\\/schema\\\/person\\\/c0d650c3b28b68befb325c5cddc3b0fe\",\"name\":\"Danijazz\",\"image\":{\"@type\":\"ImageObject\",\"inLanguage\":\"es\",\"@id\":\"https:\\\/\\\/i0.wp.com\\\/www.jazzypunto.es\\\/jazzaragon\\\/wp-content\\\/uploads\\\/2022\\\/11\\\/Benja_Daniel-e1667983357479.jpg?fit=1000%2C975&ssl=1\",\"url\":\"https:\\\/\\\/i0.wp.com\\\/www.jazzypunto.es\\\/jazzaragon\\\/wp-content\\\/uploads\\\/2022\\\/11\\\/Benja_Daniel-e1667983357479.jpg?fit=1000%2C975&ssl=1\",\"contentUrl\":\"https:\\\/\\\/i0.wp.com\\\/www.jazzypunto.es\\\/jazzaragon\\\/wp-content\\\/uploads\\\/2022\\\/11\\\/Benja_Daniel-e1667983357479.jpg?fit=1000%2C975&ssl=1\",\"width\":1000,\"height\":975,\"caption\":\"Danijazz\"},\"logo\":{\"@id\":\"https:\\\/\\\/i0.wp.com\\\/www.jazzypunto.es\\\/jazzaragon\\\/wp-content\\\/uploads\\\/2022\\\/11\\\/Benja_Daniel-e1667983357479.jpg?fit=1000%2C975&ssl=1\"},\"sameAs\":[\"https:\\\/\\\/www.facebook.com\\\/Danijazz\\\/\"]}]}<\/script>\n<!-- \/ Yoast SEO plugin. -->","yoast_head_json":{"title":"Jazz en la Colina 2012 &#8212; Jazz Arag\u00f3n","robots":{"index":"index","follow":"follow","max-snippet":"max-snippet:-1","max-image-preview":"max-image-preview:large","max-video-preview":"max-video-preview:-1"},"canonical":"https:\/\/www.jazzypunto.es\/jazzaragon\/huesca\/sabinanigo\/jazz-en-la-colina-2012\/","og_locale":"es_ES","og_type":"article","og_title":"Jazz en la Colina 2012 &#8212; Jazz Arag\u00f3n","og_description":"27 de Enero, 3 y 10 de Febrero 27 de Enero \u2013 Viernes 22,30 horas &#8211; Jazz 4 Fun Jaime Arilla: Teclados Mart\u00edn Dom\u00ednguez: Viol\u00edn Jose Manuel Escudero: Bajo Carlos \u00c1lvarez: Bater\u00eda 3 de Febrero \u2013 Viernes 22,30 horas &#8211; Bob Sands \u2013 David Fern\u00e1ndez Quintet Bob Sands: Saxo Rub\u00e9n Andreu: Piano Francisco L\u00f3pez: Contrabajo &hellip; Seguir leyendo Jazz en la Colina 2012 &rarr;","og_url":"https:\/\/www.jazzypunto.es\/jazzaragon\/huesca\/sabinanigo\/jazz-en-la-colina-2012\/","og_site_name":"Jazz Arag\u00f3n","article_publisher":"https:\/\/www.facebook.com\/Danijazz\/","article_modified_time":"2022-03-10T12:31:32+00:00","og_image":[{"url":"http:\/\/www.jazzypunto.es\/jazzaragon\/wp-content\/uploads\/2021\/08\/J4F-2012.jpg","type":"","width":"","height":""}],"twitter_card":"summary_large_image","twitter_site":"@_jazzaragon","twitter_misc":{"Tiempo de lectura":"1 minuto"},"schema":{"@context":"https:\/\/schema.org","@graph":[{"@type":"WebPage","@id":"https:\/\/www.jazzypunto.es\/jazzaragon\/huesca\/sabinanigo\/jazz-en-la-colina-2012\/","url":"https:\/\/www.jazzypunto.es\/jazzaragon\/huesca\/sabinanigo\/jazz-en-la-colina-2012\/","name":"Jazz en la Colina 2012 &#8212; Jazz Arag\u00f3n","isPartOf":{"@id":"https:\/\/www.jazzypunto.es\/jazzaragon\/#website"},"primaryImageOfPage":{"@id":"https:\/\/www.jazzypunto.es\/jazzaragon\/huesca\/sabinanigo\/jazz-en-la-colina-2012\/#primaryimage"},"image":{"@id":"https:\/\/www.jazzypunto.es\/jazzaragon\/huesca\/sabinanigo\/jazz-en-la-colina-2012\/#primaryimage"},"thumbnailUrl":"http:\/\/www.jazzypunto.es\/jazzaragon\/wp-content\/uploads\/2021\/08\/J4F-2012.jpg","datePublished":"2015-02-20T14:33:43+00:00","dateModified":"2022-03-10T12:31:32+00:00","breadcrumb":{"@id":"https:\/\/www.jazzypunto.es\/jazzaragon\/huesca\/sabinanigo\/jazz-en-la-colina-2012\/#breadcrumb"},"inLanguage":"es","potentialAction":[{"@type":"ReadAction","target":["https:\/\/www.jazzypunto.es\/jazzaragon\/huesca\/sabinanigo\/jazz-en-la-colina-2012\/"]}]},{"@type":"ImageObject","inLanguage":"es","@id":"https:\/\/www.jazzypunto.es\/jazzaragon\/huesca\/sabinanigo\/jazz-en-la-colina-2012\/#primaryimage","url":"https:\/\/i0.wp.com\/www.jazzypunto.es\/jazzaragon\/wp-content\/uploads\/2021\/08\/J4F-2012.jpg?fit=700%2C394&ssl=1","contentUrl":"https:\/\/i0.wp.com\/www.jazzypunto.es\/jazzaragon\/wp-content\/uploads\/2021\/08\/J4F-2012.jpg?fit=700%2C394&ssl=1","width":700,"height":394},{"@type":"BreadcrumbList","@id":"https:\/\/www.jazzypunto.es\/jazzaragon\/huesca\/sabinanigo\/jazz-en-la-colina-2012\/#breadcrumb","itemListElement":[{"@type":"ListItem","position":1,"name":"Portada","item":"https:\/\/www.jazzypunto.es\/jazzaragon\/"},{"@type":"ListItem","position":2,"name":"Huesca","item":"https:\/\/www.jazzypunto.es\/jazzaragon\/huesca\/"},{"@type":"ListItem","position":3,"name":"Sabi\u00f1\u00e1nigo","item":"https:\/\/www.jazzypunto.es\/jazzaragon\/huesca\/sabinanigo\/"},{"@type":"ListItem","position":4,"name":"Jazz en la Colina 2012"}]},{"@type":"WebSite","@id":"https:\/\/www.jazzypunto.es\/jazzaragon\/#website","url":"https:\/\/www.jazzypunto.es\/jazzaragon\/","name":"Jazz Arag\u00f3n","description":"Historia y Actualidad","publisher":{"@id":"https:\/\/www.jazzypunto.es\/jazzaragon\/#\/schema\/person\/c0d650c3b28b68befb325c5cddc3b0fe"},"potentialAction":[{"@type":"SearchAction","target":{"@type":"EntryPoint","urlTemplate":"https:\/\/www.jazzypunto.es\/jazzaragon\/?s={search_term_string}"},"query-input":{"@type":"PropertyValueSpecification","valueRequired":true,"valueName":"search_term_string"}}],"inLanguage":"es"},{"@type":["Person","Organization"],"@id":"https:\/\/www.jazzypunto.es\/jazzaragon\/#\/schema\/person\/c0d650c3b28b68befb325c5cddc3b0fe","name":"Danijazz","image":{"@type":"ImageObject","inLanguage":"es","@id":"https:\/\/i0.wp.com\/www.jazzypunto.es\/jazzaragon\/wp-content\/uploads\/2022\/11\/Benja_Daniel-e1667983357479.jpg?fit=1000%2C975&ssl=1","url":"https:\/\/i0.wp.com\/www.jazzypunto.es\/jazzaragon\/wp-content\/uploads\/2022\/11\/Benja_Daniel-e1667983357479.jpg?fit=1000%2C975&ssl=1","contentUrl":"https:\/\/i0.wp.com\/www.jazzypunto.es\/jazzaragon\/wp-content\/uploads\/2022\/11\/Benja_Daniel-e1667983357479.jpg?fit=1000%2C975&ssl=1","width":1000,"height":975,"caption":"Danijazz"},"logo":{"@id":"https:\/\/i0.wp.com\/www.jazzypunto.es\/jazzaragon\/wp-content\/uploads\/2022\/11\/Benja_Daniel-e1667983357479.jpg?fit=1000%2C975&ssl=1"},"sameAs":["https:\/\/www.facebook.com\/Danijazz\/"]}]}},"jetpack_sharing_enabled":true,"_links":{"self":[{"href":"https:\/\/www.jazzypunto.es\/jazzaragon\/wp-json\/wp\/v2\/pages\/1109","targetHints":{"allow":["GET"]}}],"collection":[{"href":"https:\/\/www.jazzypunto.es\/jazzaragon\/wp-json\/wp\/v2\/pages"}],"about":[{"href":"https:\/\/www.jazzypunto.es\/jazzaragon\/wp-json\/wp\/v2\/types\/page"}],"author":[{"embeddable":true,"href":"https:\/\/www.jazzypunto.es\/jazzaragon\/wp-json\/wp\/v2\/users\/1"}],"replies":[{"embeddable":true,"href":"https:\/\/www.jazzypunto.es\/jazzaragon\/wp-json\/wp\/v2\/comments?post=1109"}],"version-history":[{"count":7,"href":"https:\/\/www.jazzypunto.es\/jazzaragon\/wp-json\/wp\/v2\/pages\/1109\/revisions"}],"predecessor-version":[{"id":16660,"href":"https:\/\/www.jazzypunto.es\/jazzaragon\/wp-json\/wp\/v2\/pages\/1109\/revisions\/16660"}],"up":[{"embeddable":true,"href":"https:\/\/www.jazzypunto.es\/jazzaragon\/wp-json\/wp\/v2\/pages\/451"}],"wp:attachment":[{"href":"https:\/\/www.jazzypunto.es\/jazzaragon\/wp-json\/wp\/v2\/media?parent=1109"}],"curies":[{"name":"wp","href":"https:\/\/api.w.org\/{rel}","templated":true}]}}