{"id":12709,"date":"2021-08-30T18:43:09","date_gmt":"2021-08-30T16:43:09","guid":{"rendered":"http:\/\/www.jazzypunto.es\/jazzaragon\/?page_id=12709"},"modified":"2025-12-11T14:15:46","modified_gmt":"2025-12-11T13:15:46","slug":"morillo-de-tou-2021","status":"publish","type":"page","link":"https:\/\/www.jazzypunto.es\/jazzaragon\/morillo-de-tou-2021\/","title":{"rendered":"Morillo de Tou 2021"},"content":{"rendered":"<p><img data-recalc-dims=\"1\" decoding=\"async\" class=\"aligncenter  wp-image-12707 lazyload\" data-src=\"https:\/\/i0.wp.com\/www.jazzypunto.es\/jazzaragon\/wp-content\/uploads\/2021\/08\/Cartel-Morillo-2021-Definitivo-e1630339855861.jpg?resize=409%2C577\" alt=\"\" width=\"409\" height=\"577\" src=\"data:image\/svg+xml;base64,PHN2ZyB3aWR0aD0iMSIgaGVpZ2h0PSIxIiB4bWxucz0iaHR0cDovL3d3dy53My5vcmcvMjAwMC9zdmciPjwvc3ZnPg==\" style=\"--smush-placeholder-width: 409px; --smush-placeholder-aspect-ratio: 409\/577;\" \/><\/p>\n<h3 style=\"text-align: center;\"><strong><em>Del 3 al 25 de Septiembre<\/em><\/strong><\/h3>\n<h5 style=\"text-align: center;\"><strong><em>3 de Septiembre\u00a0 Viernes<\/em><\/strong><\/h5>\n<p style=\"text-align: center;\"><strong><em>Terraza de Casa Cuello<\/em><\/strong><\/p>\n<p style=\"text-align: center;\"><strong><em>21:00 horas<\/em><\/strong><em>\u00a0<\/em><\/p>\n<p><strong><em>&#8211; Ana Di\u00e1fana e I\u00f1aki Zuazu Quartet\u00a0\u00a0<\/em><\/strong><\/p>\n<p style=\"padding-left: 40px;\"><em>Ana Di\u00e1fana: voz<\/em><br \/>\n<em>I\u00f1aki Zuazu: guitarra espa\u00f1ola y voz<\/em><br \/>\n<em>Mario Cantabrana: contrabajo<\/em><br \/>\n<em>Nicol\u00e1s Deglaire: percusi\u00f3n<\/em><\/p>\n<h5 style=\"text-align: center;\"><strong><em>4 de Septiembre\u00a0 S\u00e1bado<\/em><\/strong><\/h5>\n<p style=\"text-align: center;\"><strong><em>Recinto de la Expoferia, Castillo de Ainsa<\/em><\/strong><\/p>\n<p style=\"text-align: center;\"><strong><em>19:30 horas<\/em><\/strong><\/p>\n<p><strong><em>\u00a0<\/em><\/strong><strong><em>&#8211; Dixieland Blues Band<\/em><\/strong><\/p>\n<p style=\"padding-left: 40px;\"><em>Jos\u00e9 Carlos Badorrey: trompeta<\/em><br \/>\n<em>Jos\u00e9 Carlos Calvo: saxo soprano<\/em><br \/>\n<em>Sergio Gaspar: banjo<\/em><br \/>\n<em>Francisco Javier Garc\u00eda: tromb\u00f3n<\/em><br \/>\n<em>Jos\u00e9 Luis Collado: tuba<\/em><br \/>\n<em>Juan Mar\u00eda Mill\u00e1n: percusi\u00f3n<\/em><\/p>\n<p style=\"text-align: center;\"><strong><em>Terraza de Casa Cuello<\/em><\/strong><\/p>\n<p style=\"text-align: center;\"><strong><em>22:30 horas<\/em><\/strong><\/p>\n<p><strong><em>\u00a0<\/em><\/strong><strong><em>&#8211; Dixieland Blues Band<\/em><\/strong><\/p>\n<h5 style=\"text-align: center;\"><strong><em>10 de Septiembre\u00a0 Viernes<\/em><\/strong><\/h5>\n<p style=\"text-align: center;\"><strong><em>Terraza de Casa Cuello<\/em><\/strong><\/p>\n<p style=\"text-align: center;\"><strong><em>21:00 horas<\/em><\/strong><\/p>\n<p><strong><em>&#8211; The Rural Project Tr\u00edo<\/em><\/strong><\/p>\n<p><img data-recalc-dims=\"1\" decoding=\"async\" class=\"aligncenter  wp-image-12824 lazyload\" data-src=\"https:\/\/i0.wp.com\/www.jazzypunto.es\/jazzaragon\/wp-content\/uploads\/2021\/09\/2021-09-10-CBP-The-Rural-Project-e1631523113202.jpg?resize=400%2C300\" alt=\"\" width=\"400\" height=\"300\" src=\"data:image\/svg+xml;base64,PHN2ZyB3aWR0aD0iMSIgaGVpZ2h0PSIxIiB4bWxucz0iaHR0cDovL3d3dy53My5vcmcvMjAwMC9zdmciPjwvc3ZnPg==\" style=\"--smush-placeholder-width: 400px; --smush-placeholder-aspect-ratio: 400\/300;\" \/><\/p>\n<p style=\"padding-left: 40px;\"><em>Gerardo L\u00f3pez: trompeta<\/em><br \/>\n<em>Paco Escudero: teclado<\/em><br \/>\n<em>Carlos Barraguer: bater\u00eda<\/em><\/p>\n<h5 style=\"text-align: center;\"><strong><em>\u00a0<\/em><\/strong><strong><em>11 de Septiembre\u00a0 S\u00e1bado<\/em><\/strong><\/h5>\n<p style=\"text-align: center;\"><strong><em>Terraza de Casa Cuello<\/em><\/strong><\/p>\n<p style=\"text-align: center;\"><strong><em>21:00 horas<\/em><\/strong><\/p>\n<p><strong><em>&#8211; CBP Quartet<\/em><\/strong><\/p>\n<p><img data-recalc-dims=\"1\" decoding=\"async\" class=\"aligncenter  wp-image-12826 lazyload\" data-src=\"https:\/\/i0.wp.com\/www.jazzypunto.es\/jazzaragon\/wp-content\/uploads\/2021\/09\/2021-09-11-CBP-Quartet-e1631523160763.jpg?resize=401%2C301\" alt=\"\" width=\"401\" height=\"301\" src=\"data:image\/svg+xml;base64,PHN2ZyB3aWR0aD0iMSIgaGVpZ2h0PSIxIiB4bWxucz0iaHR0cDovL3d3dy53My5vcmcvMjAwMC9zdmciPjwvc3ZnPg==\" style=\"--smush-placeholder-width: 401px; --smush-placeholder-aspect-ratio: 401\/301;\" \/><\/p>\n<p style=\"padding-left: 40px;\"><em>Carlos Barraguer: bater\u00eda<\/em><br \/>\n<em>Eduard Guardiola: saxo<\/em><br \/>\n<em>G\u00f6khan S\u00fcrer: teclados<\/em><br \/>\n<em>\u00c1lvaro Taboada: bajo<\/em><\/p>\n<h5 style=\"text-align: center;\"><strong><em>17 de Septiembre\u00a0 Viernes<\/em><\/strong><\/h5>\n<p style=\"text-align: center;\"><strong><em>Terraza de Casa Cuello<\/em><\/strong><\/p>\n<p style=\"text-align: center;\"><strong><em>21:00 horas<\/em><\/strong><\/p>\n<p><strong><em>&#8211; Jazz 4 Fun<\/em><\/strong><\/p>\n<p style=\"padding-left: 40px;\"><em>Jaime Arilla: teclados<\/em><br \/>\n<em>Nicol\u00e1s Mora: guitarra<\/em><br \/>\n<em>Patrick Philips: bajo<\/em><br \/>\n<em>Carlos \u00c1lvarez: bater\u00eda<\/em><\/p>\n<p><strong><em>\u00a0<\/em><\/strong><\/p>\n<h5 style=\"text-align: center;\"><strong><em>18 de Septiembre\u00a0 S\u00e1bado<\/em><\/strong><\/h5>\n<p style=\"text-align: center;\"><strong><em>Terraza de Casa Cuello<\/em><\/strong><\/p>\n<p style=\"text-align: center;\"><strong><em>21:00 horas<\/em><\/strong><\/p>\n<p><strong><em>&#8211; Ambient Waves<\/em><\/strong><\/p>\n<p style=\"padding-left: 40px;\"><em>Ester Rivas: voz<\/em><br \/>\n<em>Javier Call\u00e9n: teclados<\/em><br \/>\n<em>Beto Foronda: bajo<\/em><br \/>\n<em>Jos\u00e9 L\u00f3pez: bater\u00eda<\/em><\/p>\n<h5 style=\"text-align: center;\"><strong><em>24 de Septiembre\u00a0 Viernes<\/em><\/strong><\/h5>\n<p style=\"text-align: center;\"><strong><em>Carpa Pirineos Jazz<\/em><\/strong><\/p>\n<p style=\"text-align: center;\"><strong><em>22:00 horas<\/em><\/strong><\/p>\n<p><strong><em>&#8211; Carola Ort\u00edz Tr\u00edo<\/em><\/strong><\/p>\n<p style=\"padding-left: 40px;\"><em>\u00a0Carola Ort\u00edz: voz, clarinete<\/em><\/p>\n<h5 style=\"text-align: center;\"><strong><em>25 de Septiembre\u00a0 S\u00e1bado<\/em><\/strong><\/h5>\n<p style=\"text-align: center;\"><strong><em>10:00 a 13:00 horas<\/em><\/strong><\/p>\n<p><strong><em>&#8211; Carola Ort\u00edz Tr\u00edo <\/em><\/strong><em>\u2013 Taller de Canto y Repertorio Folcl\u00f3rico<\/em><\/p>\n<p><strong><em>\u00a0<\/em><\/strong><\/p>\n<p style=\"text-align: center;\"><strong><em>\u00a0<\/em><\/strong><strong><em>Carpa Pirineos Jazz<\/em><\/strong><\/p>\n<p style=\"text-align: center;\"><strong><em>21:00 horas<\/em><\/strong><\/p>\n<p><strong><em>&#8211; Monkayo Jazz Band<\/em><\/strong><\/p>\n<p style=\"padding-left: 40px;\"><em>Jos\u00e9 Manuel Fern\u00e1ndez: piano y saxo<\/em><br \/>\n<em>Carlos Badorrey: trompeta<\/em><br \/>\n<em>Teo Romero: percusi\u00f3n<\/em><br \/>\n<em>Alex Saura: bater\u00eda<\/em><br \/>\n<em>Chus Fern\u00e1ndez: bajo<\/em><\/p>\n<p><strong><em>\u00a0<\/em><\/strong><\/p>\n<p><strong><em>Artist Management: <\/em><\/strong><em>Chus Fern\u00e1ndez<\/em><\/p>\n<p><strong><em>Organizan:<\/em><\/strong><\/p>\n<p><em>\u00a0\u00a0\u00a0\u00a0\u00a0\u00a0\u00a0\u00a0\u00a0\u00a0\u00a0\u00a0\u00a0\u00a0 <\/em><em>Ayuntamiento de L\u00b4Ainsa<\/em><br \/>\n<em> \u00a0\u00a0\u00a0\u00a0\u00a0\u00a0\u00a0\u00a0\u00a0\u00a0\u00a0\u00a0\u00a0\u00a0 Morillo de Tou<\/em><\/p>\n<p><strong><em>Patrocinan:<\/em><\/strong><\/p>\n<p><em>\u00a0\u00a0\u00a0\u00a0\u00a0\u00a0\u00a0\u00a0\u00a0\u00a0\u00a0\u00a0\u00a0\u00a0\u00a0 Diputaci\u00f3n de Huesca<\/em><\/p>\n<p><strong><em>Colaboran:<\/em><\/strong><\/p>\n<p><em>\u00a0\u00a0\u00a0\u00a0\u00a0\u00a0\u00a0\u00a0\u00a0\u00a0\u00a0\u00a0\u00a0\u00a0\u00a0 Ambar<\/em><\/p>\n","protected":false},"excerpt":{"rendered":"<p>Del 3 al 25 de Septiembre 3 de Septiembre\u00a0 Viernes Terraza de Casa Cuello 21:00 horas\u00a0 &#8211; Ana Di\u00e1fana e I\u00f1aki Zuazu Quartet\u00a0\u00a0 Ana Di\u00e1fana: voz I\u00f1aki Zuazu: guitarra espa\u00f1ola y voz Mario Cantabrana: contrabajo Nicol\u00e1s Deglaire: percusi\u00f3n 4 de Septiembre\u00a0 S\u00e1bado Recinto de la Expoferia, Castillo de Ainsa 19:30 horas \u00a0&#8211; Dixieland Blues Band &hellip; <a href=\"https:\/\/www.jazzypunto.es\/jazzaragon\/morillo-de-tou-2021\/\" class=\"more-link\">Seguir leyendo <span class=\"screen-reader-text\">Morillo de Tou 2021<\/span> <span class=\"meta-nav\">&rarr;<\/span><\/a><\/p>\n","protected":false},"author":1,"featured_media":0,"parent":0,"menu_order":0,"comment_status":"closed","ping_status":"closed","template":"page-templates\/full-width.php","meta":{"footnotes":""},"class_list":["post-12709","page","type-page","status-publish","hentry"],"yoast_head":"<!-- This site is optimized with the Yoast SEO plugin v27.3 - https:\/\/yoast.com\/product\/yoast-seo-wordpress\/ -->\n<title>Morillo de Tou 2021 &#8212; Jazz Arag\u00f3n<\/title>\n<meta name=\"robots\" content=\"index, follow, max-snippet:-1, max-image-preview:large, max-video-preview:-1\" \/>\n<link rel=\"canonical\" href=\"https:\/\/www.jazzypunto.es\/jazzaragon\/morillo-de-tou-2021\/\" \/>\n<meta property=\"og:locale\" content=\"es_ES\" \/>\n<meta property=\"og:type\" content=\"article\" \/>\n<meta property=\"og:title\" content=\"Morillo de Tou 2021 &#8212; Jazz Arag\u00f3n\" \/>\n<meta property=\"og:description\" content=\"Del 3 al 25 de Septiembre 3 de Septiembre\u00a0 Viernes Terraza de Casa Cuello 21:00 horas\u00a0 &#8211; Ana Di\u00e1fana e I\u00f1aki Zuazu Quartet\u00a0\u00a0 Ana Di\u00e1fana: voz I\u00f1aki Zuazu: guitarra espa\u00f1ola y voz Mario Cantabrana: contrabajo Nicol\u00e1s Deglaire: percusi\u00f3n 4 de Septiembre\u00a0 S\u00e1bado Recinto de la Expoferia, Castillo de Ainsa 19:30 horas \u00a0&#8211; Dixieland Blues Band &hellip; Seguir leyendo Morillo de Tou 2021 &rarr;\" \/>\n<meta property=\"og:url\" content=\"https:\/\/www.jazzypunto.es\/jazzaragon\/morillo-de-tou-2021\/\" \/>\n<meta property=\"og:site_name\" content=\"Jazz Arag\u00f3n\" \/>\n<meta property=\"article:publisher\" content=\"https:\/\/www.facebook.com\/Danijazz\/\" \/>\n<meta property=\"article:modified_time\" content=\"2025-12-11T13:15:46+00:00\" \/>\n<meta property=\"og:image\" content=\"http:\/\/www.jazzypunto.es\/jazzaragon\/wp-content\/uploads\/2021\/08\/Cartel-Morillo-2021-Definitivo-e1630339855861.jpg\" \/>\n<meta name=\"twitter:card\" content=\"summary_large_image\" \/>\n<meta name=\"twitter:site\" content=\"@_jazzaragon\" \/>\n<meta name=\"twitter:label1\" content=\"Tiempo de lectura\" \/>\n\t<meta name=\"twitter:data1\" content=\"2 minutos\" \/>\n<script type=\"application\/ld+json\" class=\"yoast-schema-graph\">{\"@context\":\"https:\\\/\\\/schema.org\",\"@graph\":[{\"@type\":\"WebPage\",\"@id\":\"https:\\\/\\\/www.jazzypunto.es\\\/jazzaragon\\\/morillo-de-tou-2021\\\/\",\"url\":\"https:\\\/\\\/www.jazzypunto.es\\\/jazzaragon\\\/morillo-de-tou-2021\\\/\",\"name\":\"Morillo de Tou 2021 &#8212; Jazz Arag\u00f3n\",\"isPartOf\":{\"@id\":\"https:\\\/\\\/www.jazzypunto.es\\\/jazzaragon\\\/#website\"},\"primaryImageOfPage\":{\"@id\":\"https:\\\/\\\/www.jazzypunto.es\\\/jazzaragon\\\/morillo-de-tou-2021\\\/#primaryimage\"},\"image\":{\"@id\":\"https:\\\/\\\/www.jazzypunto.es\\\/jazzaragon\\\/morillo-de-tou-2021\\\/#primaryimage\"},\"thumbnailUrl\":\"http:\\\/\\\/www.jazzypunto.es\\\/jazzaragon\\\/wp-content\\\/uploads\\\/2021\\\/08\\\/Cartel-Morillo-2021-Definitivo-e1630339855861.jpg\",\"datePublished\":\"2021-08-30T16:43:09+00:00\",\"dateModified\":\"2025-12-11T13:15:46+00:00\",\"breadcrumb\":{\"@id\":\"https:\\\/\\\/www.jazzypunto.es\\\/jazzaragon\\\/morillo-de-tou-2021\\\/#breadcrumb\"},\"inLanguage\":\"es\",\"potentialAction\":[{\"@type\":\"ReadAction\",\"target\":[\"https:\\\/\\\/www.jazzypunto.es\\\/jazzaragon\\\/morillo-de-tou-2021\\\/\"]}]},{\"@type\":\"ImageObject\",\"inLanguage\":\"es\",\"@id\":\"https:\\\/\\\/www.jazzypunto.es\\\/jazzaragon\\\/morillo-de-tou-2021\\\/#primaryimage\",\"url\":\"https:\\\/\\\/i0.wp.com\\\/www.jazzypunto.es\\\/jazzaragon\\\/wp-content\\\/uploads\\\/2021\\\/08\\\/Cartel-Morillo-2021-Definitivo-e1630339855861.jpg?fit=496%2C700&ssl=1\",\"contentUrl\":\"https:\\\/\\\/i0.wp.com\\\/www.jazzypunto.es\\\/jazzaragon\\\/wp-content\\\/uploads\\\/2021\\\/08\\\/Cartel-Morillo-2021-Definitivo-e1630339855861.jpg?fit=496%2C700&ssl=1\",\"width\":496,\"height\":700},{\"@type\":\"BreadcrumbList\",\"@id\":\"https:\\\/\\\/www.jazzypunto.es\\\/jazzaragon\\\/morillo-de-tou-2021\\\/#breadcrumb\",\"itemListElement\":[{\"@type\":\"ListItem\",\"position\":1,\"name\":\"Portada\",\"item\":\"https:\\\/\\\/www.jazzypunto.es\\\/jazzaragon\\\/\"},{\"@type\":\"ListItem\",\"position\":2,\"name\":\"Morillo de Tou 2021\"}]},{\"@type\":\"WebSite\",\"@id\":\"https:\\\/\\\/www.jazzypunto.es\\\/jazzaragon\\\/#website\",\"url\":\"https:\\\/\\\/www.jazzypunto.es\\\/jazzaragon\\\/\",\"name\":\"Jazz Arag\u00f3n\",\"description\":\"Historia y Actualidad\",\"publisher\":{\"@id\":\"https:\\\/\\\/www.jazzypunto.es\\\/jazzaragon\\\/#\\\/schema\\\/person\\\/c0d650c3b28b68befb325c5cddc3b0fe\"},\"potentialAction\":[{\"@type\":\"SearchAction\",\"target\":{\"@type\":\"EntryPoint\",\"urlTemplate\":\"https:\\\/\\\/www.jazzypunto.es\\\/jazzaragon\\\/?s={search_term_string}\"},\"query-input\":{\"@type\":\"PropertyValueSpecification\",\"valueRequired\":true,\"valueName\":\"search_term_string\"}}],\"inLanguage\":\"es\"},{\"@type\":[\"Person\",\"Organization\"],\"@id\":\"https:\\\/\\\/www.jazzypunto.es\\\/jazzaragon\\\/#\\\/schema\\\/person\\\/c0d650c3b28b68befb325c5cddc3b0fe\",\"name\":\"Danijazz\",\"image\":{\"@type\":\"ImageObject\",\"inLanguage\":\"es\",\"@id\":\"https:\\\/\\\/i0.wp.com\\\/www.jazzypunto.es\\\/jazzaragon\\\/wp-content\\\/uploads\\\/2022\\\/11\\\/Benja_Daniel-e1667983357479.jpg?fit=1000%2C975&ssl=1\",\"url\":\"https:\\\/\\\/i0.wp.com\\\/www.jazzypunto.es\\\/jazzaragon\\\/wp-content\\\/uploads\\\/2022\\\/11\\\/Benja_Daniel-e1667983357479.jpg?fit=1000%2C975&ssl=1\",\"contentUrl\":\"https:\\\/\\\/i0.wp.com\\\/www.jazzypunto.es\\\/jazzaragon\\\/wp-content\\\/uploads\\\/2022\\\/11\\\/Benja_Daniel-e1667983357479.jpg?fit=1000%2C975&ssl=1\",\"width\":1000,\"height\":975,\"caption\":\"Danijazz\"},\"logo\":{\"@id\":\"https:\\\/\\\/i0.wp.com\\\/www.jazzypunto.es\\\/jazzaragon\\\/wp-content\\\/uploads\\\/2022\\\/11\\\/Benja_Daniel-e1667983357479.jpg?fit=1000%2C975&ssl=1\"},\"sameAs\":[\"https:\\\/\\\/www.facebook.com\\\/Danijazz\\\/\"]}]}<\/script>\n<!-- \/ Yoast SEO plugin. -->","yoast_head_json":{"title":"Morillo de Tou 2021 &#8212; Jazz Arag\u00f3n","robots":{"index":"index","follow":"follow","max-snippet":"max-snippet:-1","max-image-preview":"max-image-preview:large","max-video-preview":"max-video-preview:-1"},"canonical":"https:\/\/www.jazzypunto.es\/jazzaragon\/morillo-de-tou-2021\/","og_locale":"es_ES","og_type":"article","og_title":"Morillo de Tou 2021 &#8212; Jazz Arag\u00f3n","og_description":"Del 3 al 25 de Septiembre 3 de Septiembre\u00a0 Viernes Terraza de Casa Cuello 21:00 horas\u00a0 &#8211; Ana Di\u00e1fana e I\u00f1aki Zuazu Quartet\u00a0\u00a0 Ana Di\u00e1fana: voz I\u00f1aki Zuazu: guitarra espa\u00f1ola y voz Mario Cantabrana: contrabajo Nicol\u00e1s Deglaire: percusi\u00f3n 4 de Septiembre\u00a0 S\u00e1bado Recinto de la Expoferia, Castillo de Ainsa 19:30 horas \u00a0&#8211; Dixieland Blues Band &hellip; Seguir leyendo Morillo de Tou 2021 &rarr;","og_url":"https:\/\/www.jazzypunto.es\/jazzaragon\/morillo-de-tou-2021\/","og_site_name":"Jazz Arag\u00f3n","article_publisher":"https:\/\/www.facebook.com\/Danijazz\/","article_modified_time":"2025-12-11T13:15:46+00:00","og_image":[{"url":"http:\/\/www.jazzypunto.es\/jazzaragon\/wp-content\/uploads\/2021\/08\/Cartel-Morillo-2021-Definitivo-e1630339855861.jpg","type":"","width":"","height":""}],"twitter_card":"summary_large_image","twitter_site":"@_jazzaragon","twitter_misc":{"Tiempo de lectura":"2 minutos"},"schema":{"@context":"https:\/\/schema.org","@graph":[{"@type":"WebPage","@id":"https:\/\/www.jazzypunto.es\/jazzaragon\/morillo-de-tou-2021\/","url":"https:\/\/www.jazzypunto.es\/jazzaragon\/morillo-de-tou-2021\/","name":"Morillo de Tou 2021 &#8212; Jazz Arag\u00f3n","isPartOf":{"@id":"https:\/\/www.jazzypunto.es\/jazzaragon\/#website"},"primaryImageOfPage":{"@id":"https:\/\/www.jazzypunto.es\/jazzaragon\/morillo-de-tou-2021\/#primaryimage"},"image":{"@id":"https:\/\/www.jazzypunto.es\/jazzaragon\/morillo-de-tou-2021\/#primaryimage"},"thumbnailUrl":"http:\/\/www.jazzypunto.es\/jazzaragon\/wp-content\/uploads\/2021\/08\/Cartel-Morillo-2021-Definitivo-e1630339855861.jpg","datePublished":"2021-08-30T16:43:09+00:00","dateModified":"2025-12-11T13:15:46+00:00","breadcrumb":{"@id":"https:\/\/www.jazzypunto.es\/jazzaragon\/morillo-de-tou-2021\/#breadcrumb"},"inLanguage":"es","potentialAction":[{"@type":"ReadAction","target":["https:\/\/www.jazzypunto.es\/jazzaragon\/morillo-de-tou-2021\/"]}]},{"@type":"ImageObject","inLanguage":"es","@id":"https:\/\/www.jazzypunto.es\/jazzaragon\/morillo-de-tou-2021\/#primaryimage","url":"https:\/\/i0.wp.com\/www.jazzypunto.es\/jazzaragon\/wp-content\/uploads\/2021\/08\/Cartel-Morillo-2021-Definitivo-e1630339855861.jpg?fit=496%2C700&ssl=1","contentUrl":"https:\/\/i0.wp.com\/www.jazzypunto.es\/jazzaragon\/wp-content\/uploads\/2021\/08\/Cartel-Morillo-2021-Definitivo-e1630339855861.jpg?fit=496%2C700&ssl=1","width":496,"height":700},{"@type":"BreadcrumbList","@id":"https:\/\/www.jazzypunto.es\/jazzaragon\/morillo-de-tou-2021\/#breadcrumb","itemListElement":[{"@type":"ListItem","position":1,"name":"Portada","item":"https:\/\/www.jazzypunto.es\/jazzaragon\/"},{"@type":"ListItem","position":2,"name":"Morillo de Tou 2021"}]},{"@type":"WebSite","@id":"https:\/\/www.jazzypunto.es\/jazzaragon\/#website","url":"https:\/\/www.jazzypunto.es\/jazzaragon\/","name":"Jazz Arag\u00f3n","description":"Historia y Actualidad","publisher":{"@id":"https:\/\/www.jazzypunto.es\/jazzaragon\/#\/schema\/person\/c0d650c3b28b68befb325c5cddc3b0fe"},"potentialAction":[{"@type":"SearchAction","target":{"@type":"EntryPoint","urlTemplate":"https:\/\/www.jazzypunto.es\/jazzaragon\/?s={search_term_string}"},"query-input":{"@type":"PropertyValueSpecification","valueRequired":true,"valueName":"search_term_string"}}],"inLanguage":"es"},{"@type":["Person","Organization"],"@id":"https:\/\/www.jazzypunto.es\/jazzaragon\/#\/schema\/person\/c0d650c3b28b68befb325c5cddc3b0fe","name":"Danijazz","image":{"@type":"ImageObject","inLanguage":"es","@id":"https:\/\/i0.wp.com\/www.jazzypunto.es\/jazzaragon\/wp-content\/uploads\/2022\/11\/Benja_Daniel-e1667983357479.jpg?fit=1000%2C975&ssl=1","url":"https:\/\/i0.wp.com\/www.jazzypunto.es\/jazzaragon\/wp-content\/uploads\/2022\/11\/Benja_Daniel-e1667983357479.jpg?fit=1000%2C975&ssl=1","contentUrl":"https:\/\/i0.wp.com\/www.jazzypunto.es\/jazzaragon\/wp-content\/uploads\/2022\/11\/Benja_Daniel-e1667983357479.jpg?fit=1000%2C975&ssl=1","width":1000,"height":975,"caption":"Danijazz"},"logo":{"@id":"https:\/\/i0.wp.com\/www.jazzypunto.es\/jazzaragon\/wp-content\/uploads\/2022\/11\/Benja_Daniel-e1667983357479.jpg?fit=1000%2C975&ssl=1"},"sameAs":["https:\/\/www.facebook.com\/Danijazz\/"]}]}},"jetpack_sharing_enabled":true,"_links":{"self":[{"href":"https:\/\/www.jazzypunto.es\/jazzaragon\/wp-json\/wp\/v2\/pages\/12709","targetHints":{"allow":["GET"]}}],"collection":[{"href":"https:\/\/www.jazzypunto.es\/jazzaragon\/wp-json\/wp\/v2\/pages"}],"about":[{"href":"https:\/\/www.jazzypunto.es\/jazzaragon\/wp-json\/wp\/v2\/types\/page"}],"author":[{"embeddable":true,"href":"https:\/\/www.jazzypunto.es\/jazzaragon\/wp-json\/wp\/v2\/users\/1"}],"replies":[{"embeddable":true,"href":"https:\/\/www.jazzypunto.es\/jazzaragon\/wp-json\/wp\/v2\/comments?post=12709"}],"version-history":[{"count":10,"href":"https:\/\/www.jazzypunto.es\/jazzaragon\/wp-json\/wp\/v2\/pages\/12709\/revisions"}],"predecessor-version":[{"id":27022,"href":"https:\/\/www.jazzypunto.es\/jazzaragon\/wp-json\/wp\/v2\/pages\/12709\/revisions\/27022"}],"wp:attachment":[{"href":"https:\/\/www.jazzypunto.es\/jazzaragon\/wp-json\/wp\/v2\/media?parent=12709"}],"curies":[{"name":"wp","href":"https:\/\/api.w.org\/{rel}","templated":true}]}}