{"id":1535,"date":"2015-03-04T20:38:10","date_gmt":"2015-03-04T19:38:10","guid":{"rendered":"http:\/\/www.jazzypunto.es\/jazzaragon\/?page_id=1535"},"modified":"2026-04-28T10:41:34","modified_gmt":"2026-04-28T08:41:34","slug":"alejandro-donagueda","status":"publish","type":"page","link":"https:\/\/www.jazzypunto.es\/jazzaragon\/musicos\/saxofon\/alejandro-donagueda\/","title":{"rendered":"Alejandro Do\u00f1agueda Navarro"},"content":{"rendered":"<p style=\"text-align: center;\"><a href=\"https:\/\/i0.wp.com\/www.jazzypunto.es\/jazzaragon\/wp-content\/uploads\/2026\/04\/alejandro_donagueda.jpeg\" rel=\"lightbox-0\" data-rel=\"lightbox-image-0\" data-imagelightbox=\"0\" data-rl_title=\"\" data-rl_caption=\"\" title=\"\"><img data-recalc-dims=\"1\" decoding=\"async\" class=\"alignnone  wp-image-27976 lazyload\" data-src=\"https:\/\/i0.wp.com\/www.jazzypunto.es\/jazzaragon\/wp-content\/uploads\/2026\/04\/alejandro_donagueda.jpeg?resize=366%2C366\" alt=\"\" width=\"366\" height=\"366\" data-srcset=\"https:\/\/i0.wp.com\/www.jazzypunto.es\/jazzaragon\/wp-content\/uploads\/2026\/04\/alejandro_donagueda.jpeg?w=300&amp;ssl=1 300w, https:\/\/i0.wp.com\/www.jazzypunto.es\/jazzaragon\/wp-content\/uploads\/2026\/04\/alejandro_donagueda.jpeg?resize=150%2C150&amp;ssl=1 150w\" data-sizes=\"(max-width: 366px) 100vw, 366px\" src=\"data:image\/svg+xml;base64,PHN2ZyB3aWR0aD0iMSIgaGVpZ2h0PSIxIiB4bWxucz0iaHR0cDovL3d3dy53My5vcmcvMjAwMC9zdmciPjwvc3ZnPg==\" style=\"--smush-placeholder-width: 366px; --smush-placeholder-aspect-ratio: 366\/366;\" \/><\/a><\/p>\n<p class=\"has-nv-text-dark-bg-color has-text-color\"><em>Nacido en 1982 en Calatayud (Zaragoza), a los 11 a\u00f1os comienza su formaci\u00f3n musical en la Agrupaci\u00f3n Musical Pascual Marquina de Calatayud con Alfonso Catal\u00e1n y continu\u00e1ndola con Manuel Gracia (Clarinete y Saxof\u00f3n) y Francisco Roy Roy (Saxof\u00f3n), entonces catedr\u00e1tico del Conservatorio Superior de Arag\u00f3n. Continuar\u00e1 form\u00e1ndose en las ciudades de Zaragoza, Logro\u00f1o, Valencia, Pamplona y Madrid obteniendo, el\u00a0<strong>T\u00edtulo Superior en M\u00fasica,<\/strong>\u00a0especialidad Interpretaci\u00f3n Saxof\u00f3n Jazz,\u00a0<strong>Licenciado en Musicolog\u00eda<\/strong>\u00a0(Ciencias e Historia de la M\u00fasica),\u00a0<strong>Diplomado en Magisterio en Educaci\u00f3n Musical,<\/strong>\u00a0Titulado como\u00a0<strong>Profesor de Saxof\u00f3n Cl\u00e1sico<\/strong>\u00a0y\u00a0<strong>M\u00e1ster en Investigaci\u00f3n Musicol\u00f3gica Universitaria<\/strong>\u00a0donde ha trabajado su tesina de fin de M\u00e1ster en la figura del compositor bilbilitano Pascual Marquina.\u00a0Tambi\u00e9n recibe clases de Flauta travesera con la profesora D\u00aa Mar\u00eda del Barrio.<\/em><\/p>\n<ul class=\"has-nv-text-dark-bg-color has-text-color\">\n<li><em><strong>Master Oficial en Investigaci\u00f3n Universitaria<\/strong>: Investigaci\u00f3n en el \u00e1mbito espec\u00edfico de Musicolog\u00eda. Universidad Cat\u00f3lica de Valencia \u201cSan Vicente M\u00e1rtir\u201d.<\/em><\/li>\n<li><em><strong>T\u00edtulo Superior en M\u00fasica (Interpretaci\u00f3n Jazz):<\/strong>\u00a0especialidad Saxof\u00f3n por el Conservatorio Superior de M\u00fasica de Navarra.<\/em><\/li>\n<li><em><strong>Licenciado en Historia y Ciencias de la M\u00fasica\u00a0<\/strong>por la Universidad de La Rioja.<\/em><\/li>\n<li><em><strong>Diplomado en Magisterio Esp. Educaci\u00f3n Musical<\/strong>\u00a0por la Universidad de Zaragoza.<\/em><\/li>\n<li><em><strong>T\u00edtulo de Profesor en la especialidad de Saxof\u00f3n Cl\u00e1sico\u00a0<\/strong>por el Conservatorio Profesional de M\u00fasica J.R. Santamar\u00eda. (Zaragoza).<\/em><\/li>\n<\/ul>\n<p class=\"has-nv-text-dark-bg-color has-text-color\"><em>\u00a0\u00a0\u00a0\u00a0\u00a0\u00a0\u00a0\u00a0\u00a0\u00a0\u00a0\u00a0Finaliz\u00f3 su formaci\u00f3n instrumental en el Conservatorio Superior de M\u00fasica de Navarra estudiando el Titulo Superior de Saxof\u00f3n especialidad Jazz con profesores como\u00a0<strong>Mikel Andueza, Alberto Arteta, Javier Garayalde<\/strong>, I\u00f1aki Askunce, Jonathan Hurtado, Iv\u00e1n Sanmiguel, Mauro Urriza entre otros.\u00a0<\/em><\/p>\n<p class=\"has-nv-text-dark-bg-color has-text-color\"><em>\u00a0\u00a0\u00a0\u00a0\u00a0\u00a0\u00a0\u00a0\u00a0\u00a0\u00a0\u00a0Recibe formaci\u00f3n de direcci\u00f3n de Orquesta, Banda y Coros en distintos cursos con profesores como Marga Pau Sarreta, Xavier Pastrana, Jaume Sala, Jos\u00e9 Luis Mart\u00ednez, L\u00e1szl\u00f3 Heltay, Crist\u00f3bal Soler, Jos\u00e9 F\u00e9lix Tallada y Juan Carlos Pericas.<\/em><\/p>\n<p><em><img data-recalc-dims=\"1\" decoding=\"async\" class=\"wp-image-18803 alignleft lazyload\" data-src=\"https:\/\/i0.wp.com\/www.jazzypunto.es\/jazzaragon\/wp-content\/uploads\/2022\/09\/Alejandro-Donagueda-2022.jpeg?resize=474%2C313\" alt=\"\" width=\"474\" height=\"313\" data-srcset=\"https:\/\/i0.wp.com\/www.jazzypunto.es\/jazzaragon\/wp-content\/uploads\/2022\/09\/Alejandro-Donagueda-2022.jpeg?resize=300%2C198&amp;ssl=1 300w, https:\/\/i0.wp.com\/www.jazzypunto.es\/jazzaragon\/wp-content\/uploads\/2022\/09\/Alejandro-Donagueda-2022.jpeg?w=768&amp;ssl=1 768w\" data-sizes=\"(max-width: 474px) 100vw, 474px\" src=\"data:image\/svg+xml;base64,PHN2ZyB3aWR0aD0iMSIgaGVpZ2h0PSIxIiB4bWxucz0iaHR0cDovL3d3dy53My5vcmcvMjAwMC9zdmciPjwvc3ZnPg==\" style=\"--smush-placeholder-width: 474px; --smush-placeholder-aspect-ratio: 474\/313;\" \/><\/em><\/p>\n<p class=\"has-nv-text-dark-bg-color has-text-color\"><em>\u2013 Pedagog\u00eda Musical, congresos, musicolog\u00eda<\/em><\/p>\n<p class=\"has-nv-text-dark-bg-color has-text-color\"><strong><em>Direcci\u00f3n<\/em><\/strong><\/p>\n<ol class=\"has-nv-text-dark-bg-color has-text-color\">\n<li><em>Curso de Direcci\u00f3n Coral. Tres fines de semana completos en el a\u00f1o 2003\/4 organizado por la Federaci\u00f3n Aragonesa de Coros impartido por Marga Pau Sarreta, Xavier Pastrana, Jaume Sala, Jos\u00e9 Luis Mart\u00ednez y L\u00e1szl\u00f3 Heltay .<\/em><\/li>\n<li><em>Curso de Direcci\u00f3n de Bandas organizado por la Federaci\u00f3n Aragonesa de Bandas Amateur impartido por Crist\u00f3bal Soler \u00a0(Director titular de la Orquesta Universidad Valencia). Curso 2004\/5.<\/em><\/li>\n<li><em>Curso de Direcci\u00f3n de Bandas organizado por la Federaci\u00f3n Aragonesa de Bandas Amateur impartido por Crist\u00f3bal Soler (Director titular de la Orquesta Universidad Valencia). Curso 2005\/6.<\/em><\/li>\n<li><em>1er Curso de Educaci\u00f3n Musical \u201cLa Direcci\u00f3n y Organizaci\u00f3n de Agrupaciones Vocales e Instrumentales en las Escuelas de M\u00fasica\u201d. Impartido por Don Jos\u00e9 F\u00e9lix Tallada y Don Juan Carlos Pericas. Financiado por la Diputaci\u00f3n de Zaragoza, Junio 2007. 30 horas.<\/em><\/li>\n<li><em>2\u00ba Curso de Educaci\u00f3n Musical \u201cLa Direcci\u00f3n y Organizaci\u00f3n de Agrupaciones Vocales e Instrumentales en las Escuelas de M\u00fasica\u201d. Impartido por Don Jos\u00e9 F\u00e9lix Tallada y Don Juan Carlos Pericas. Financiado por la Diputaci\u00f3n de Zaragoza, Junio 2008. 30 horas.<\/em><\/li>\n<\/ol>\n<ul class=\"has-nv-text-dark-bg-color has-text-color\">\n<li><em>1er Encuentro de Profesores de M\u00fasica: organizado por la fundaci\u00f3n SM, Madrid 8 y 9 de Mayo del 2009.<\/em><\/li>\n<li><em>Curso: Orientaciones Did\u00e1cticas para el Profesor de m\u00fasica y Movimiento: Iniciaci\u00f3n (de 3 a 6 a\u00f1os).A\u00f1o 2004\/5, financiado por la Diputaci\u00f3n de Zaragoza. 30 horas<\/em><\/li>\n<li><em>Curso: Orientaciones Did\u00e1cticas para el Profesor de m\u00fasica y Movimiento: Formaci\u00f3n B\u00e1sica (de 6 a 8 a\u00f1os). A\u00f1o 2004\/5, financiado por la Diputaci\u00f3n de Zaragoza. 30 horas<\/em><\/li>\n<li><em>A\u00f1o 2000\/01 recibe clases particulares de ampliaci\u00f3n de t\u00e9cnica de saxof\u00f3n con Francisco Roy Roy (Catedr\u00e1tico de Saxof\u00f3n del Conservatorio Superior de Arag\u00f3n).<\/em><\/li>\n<li><em>Curso de Historia de la M\u00fasica en la Escuela de M\u00fasica \u201cJos\u00e9 de Nebra\u201d de Calatayud. Julio 2007. Impartido por Manuel P\u00e9rez. 3 semanas.<\/em><\/li>\n<li><em>Curso- coloquio: \u201c\u00c9poca, Estilo, Discurso: Las periorizaci\u00f3n en la Historia de la M\u00fasica\u201d. Ponentes: Andrea Bombii, \u00c1lvaro Torrente, Pablo L. Rodr\u00edguez, Anselm Gerhard, Miguel \u00c1ngel Mar\u00edn, Jos\u00e9 M\u00e1ximo Leza, Patrick Taieb, Jim Samson, Juan Jos\u00e9 Carreras, Teresa Cascudo, Bernardo Illari, Fabrizio della Seta. Organizado por la Universidad de Zaragoza. 1 cr\u00e9dito de Formaci\u00f3n del profesorado.\u00a0<\/em><\/li>\n<li><em>Durante 5 a\u00f1os recibi\u00f3 clases de clarinete, con los profesores Alfonso Catal\u00e1n Catal\u00e1n y Manuel Gracia Ballano, llegando a realizar el primer curso de clarinete en el Conservatorio de Teruel.<\/em><\/li>\n<li><em>A\u00f1o 2001, recibe un cursillo, reparaci\u00f3n y mantenimiento del saxof\u00f3n de 10 horas. Profesor: Alipio Guinaldo (Profesor del Musikene de San Sebasti\u00e1n). Organizado por el Conservatorio Profesional de Zaragoza. 10 horas.<\/em><\/li>\n<\/ul>\n<p class=\"has-nv-text-dark-bg-color has-text-color\"><em>Actualmente dirige la Agrupaci\u00f3n Musical Pascual Marquina de Calatayud y toma la direcci\u00f3n musical de Feeling Big Band, donde ha compuesto varios temas para dicha formaci\u00f3n, aparte de ser saxo alto lead.<\/em><\/p>\n<p><em>En 2026 ha ganado el Primer Premio en el Concurso Internacional de Composici\u00f3n Musical de Y\u00e1tova.<\/em><\/p>\n<p style=\"text-align: justify;\"><em>\u00a0<\/em><\/p>\n","protected":false},"excerpt":{"rendered":"<p>Nacido en 1982 en Calatayud (Zaragoza), a los 11 a\u00f1os comienza su formaci\u00f3n musical en la Agrupaci\u00f3n Musical Pascual Marquina de Calatayud con Alfonso Catal\u00e1n y continu\u00e1ndola con Manuel Gracia (Clarinete y Saxof\u00f3n) y Francisco Roy Roy (Saxof\u00f3n), entonces catedr\u00e1tico del Conservatorio Superior de Arag\u00f3n. Continuar\u00e1 form\u00e1ndose en las ciudades de Zaragoza, Logro\u00f1o, Valencia, Pamplona &hellip; <a href=\"https:\/\/www.jazzypunto.es\/jazzaragon\/musicos\/saxofon\/alejandro-donagueda\/\" class=\"more-link\">Seguir leyendo <span class=\"screen-reader-text\">Alejandro Do\u00f1agueda Navarro<\/span> <span class=\"meta-nav\">&rarr;<\/span><\/a><\/p>\n","protected":false},"author":1,"featured_media":0,"parent":1696,"menu_order":0,"comment_status":"open","ping_status":"open","template":"page-templates\/full-width.php","meta":{"footnotes":""},"class_list":["post-1535","page","type-page","status-publish","hentry"],"yoast_head":"<!-- This site is optimized with the Yoast SEO plugin v27.6 - https:\/\/yoast.com\/product\/yoast-seo-wordpress\/ -->\n<title>Alejandro Do\u00f1agueda Navarro &#8212; Jazz Arag\u00f3n<\/title>\n<meta name=\"robots\" content=\"index, follow, max-snippet:-1, max-image-preview:large, max-video-preview:-1\" \/>\n<link rel=\"canonical\" href=\"https:\/\/www.jazzypunto.es\/jazzaragon\/musicos\/saxofon\/alejandro-donagueda\/\" \/>\n<meta property=\"og:locale\" content=\"es_ES\" \/>\n<meta property=\"og:type\" content=\"article\" \/>\n<meta property=\"og:title\" content=\"Alejandro Do\u00f1agueda Navarro &#8212; Jazz Arag\u00f3n\" \/>\n<meta property=\"og:description\" content=\"Nacido en 1982 en Calatayud (Zaragoza), a los 11 a\u00f1os comienza su formaci\u00f3n musical en la Agrupaci\u00f3n Musical Pascual Marquina de Calatayud con Alfonso Catal\u00e1n y continu\u00e1ndola con Manuel Gracia (Clarinete y Saxof\u00f3n) y Francisco Roy Roy (Saxof\u00f3n), entonces catedr\u00e1tico del Conservatorio Superior de Arag\u00f3n. Continuar\u00e1 form\u00e1ndose en las ciudades de Zaragoza, Logro\u00f1o, Valencia, Pamplona &hellip; Seguir leyendo Alejandro Do\u00f1agueda Navarro &rarr;\" \/>\n<meta property=\"og:url\" content=\"https:\/\/www.jazzypunto.es\/jazzaragon\/musicos\/saxofon\/alejandro-donagueda\/\" \/>\n<meta property=\"og:site_name\" content=\"Jazz Arag\u00f3n\" \/>\n<meta property=\"article:publisher\" content=\"https:\/\/www.facebook.com\/Danijazz\/\" \/>\n<meta property=\"article:modified_time\" content=\"2026-04-28T08:41:34+00:00\" \/>\n<meta property=\"og:image\" content=\"http:\/\/www.jazzypunto.es\/jazzaragon\/wp-content\/uploads\/2026\/04\/alejandro_donagueda.jpeg\" \/>\n<meta name=\"twitter:card\" content=\"summary_large_image\" \/>\n<meta name=\"twitter:site\" content=\"@_jazzaragon\" \/>\n<meta name=\"twitter:label1\" content=\"Tiempo de lectura\" \/>\n\t<meta name=\"twitter:data1\" content=\"4 minutos\" \/>\n<script type=\"application\/ld+json\" class=\"yoast-schema-graph\">{\"@context\":\"https:\\\/\\\/schema.org\",\"@graph\":[{\"@type\":\"WebPage\",\"@id\":\"https:\\\/\\\/www.jazzypunto.es\\\/jazzaragon\\\/musicos\\\/saxofon\\\/alejandro-donagueda\\\/\",\"url\":\"https:\\\/\\\/www.jazzypunto.es\\\/jazzaragon\\\/musicos\\\/saxofon\\\/alejandro-donagueda\\\/\",\"name\":\"Alejandro Do\u00f1agueda Navarro &#8212; Jazz Arag\u00f3n\",\"isPartOf\":{\"@id\":\"https:\\\/\\\/www.jazzypunto.es\\\/jazzaragon\\\/#website\"},\"primaryImageOfPage\":{\"@id\":\"https:\\\/\\\/www.jazzypunto.es\\\/jazzaragon\\\/musicos\\\/saxofon\\\/alejandro-donagueda\\\/#primaryimage\"},\"image\":{\"@id\":\"https:\\\/\\\/www.jazzypunto.es\\\/jazzaragon\\\/musicos\\\/saxofon\\\/alejandro-donagueda\\\/#primaryimage\"},\"thumbnailUrl\":\"http:\\\/\\\/www.jazzypunto.es\\\/jazzaragon\\\/wp-content\\\/uploads\\\/2026\\\/04\\\/alejandro_donagueda.jpeg\",\"datePublished\":\"2015-03-04T19:38:10+00:00\",\"dateModified\":\"2026-04-28T08:41:34+00:00\",\"breadcrumb\":{\"@id\":\"https:\\\/\\\/www.jazzypunto.es\\\/jazzaragon\\\/musicos\\\/saxofon\\\/alejandro-donagueda\\\/#breadcrumb\"},\"inLanguage\":\"es\",\"potentialAction\":[{\"@type\":\"ReadAction\",\"target\":[\"https:\\\/\\\/www.jazzypunto.es\\\/jazzaragon\\\/musicos\\\/saxofon\\\/alejandro-donagueda\\\/\"]}]},{\"@type\":\"ImageObject\",\"inLanguage\":\"es\",\"@id\":\"https:\\\/\\\/www.jazzypunto.es\\\/jazzaragon\\\/musicos\\\/saxofon\\\/alejandro-donagueda\\\/#primaryimage\",\"url\":\"https:\\\/\\\/i0.wp.com\\\/www.jazzypunto.es\\\/jazzaragon\\\/wp-content\\\/uploads\\\/2026\\\/04\\\/alejandro_donagueda.jpeg?fit=300%2C300&ssl=1\",\"contentUrl\":\"https:\\\/\\\/i0.wp.com\\\/www.jazzypunto.es\\\/jazzaragon\\\/wp-content\\\/uploads\\\/2026\\\/04\\\/alejandro_donagueda.jpeg?fit=300%2C300&ssl=1\",\"width\":300,\"height\":300},{\"@type\":\"BreadcrumbList\",\"@id\":\"https:\\\/\\\/www.jazzypunto.es\\\/jazzaragon\\\/musicos\\\/saxofon\\\/alejandro-donagueda\\\/#breadcrumb\",\"itemListElement\":[{\"@type\":\"ListItem\",\"position\":1,\"name\":\"Portada\",\"item\":\"https:\\\/\\\/www.jazzypunto.es\\\/jazzaragon\\\/\"},{\"@type\":\"ListItem\",\"position\":2,\"name\":\"M\u00fasicos de Arag\u00f3n\",\"item\":\"https:\\\/\\\/www.jazzypunto.es\\\/jazzaragon\\\/musicos\\\/\"},{\"@type\":\"ListItem\",\"position\":3,\"name\":\"Saxof\u00f3n\",\"item\":\"https:\\\/\\\/www.jazzypunto.es\\\/jazzaragon\\\/musicos\\\/saxofon\\\/\"},{\"@type\":\"ListItem\",\"position\":4,\"name\":\"Alejandro Do\u00f1agueda Navarro\"}]},{\"@type\":\"WebSite\",\"@id\":\"https:\\\/\\\/www.jazzypunto.es\\\/jazzaragon\\\/#website\",\"url\":\"https:\\\/\\\/www.jazzypunto.es\\\/jazzaragon\\\/\",\"name\":\"Jazz Arag\u00f3n\",\"description\":\"Historia y Actualidad\",\"publisher\":{\"@id\":\"https:\\\/\\\/www.jazzypunto.es\\\/jazzaragon\\\/#\\\/schema\\\/person\\\/c0d650c3b28b68befb325c5cddc3b0fe\"},\"potentialAction\":[{\"@type\":\"SearchAction\",\"target\":{\"@type\":\"EntryPoint\",\"urlTemplate\":\"https:\\\/\\\/www.jazzypunto.es\\\/jazzaragon\\\/?s={search_term_string}\"},\"query-input\":{\"@type\":\"PropertyValueSpecification\",\"valueRequired\":true,\"valueName\":\"search_term_string\"}}],\"inLanguage\":\"es\"},{\"@type\":[\"Person\",\"Organization\"],\"@id\":\"https:\\\/\\\/www.jazzypunto.es\\\/jazzaragon\\\/#\\\/schema\\\/person\\\/c0d650c3b28b68befb325c5cddc3b0fe\",\"name\":\"Danijazz\",\"image\":{\"@type\":\"ImageObject\",\"inLanguage\":\"es\",\"@id\":\"https:\\\/\\\/i0.wp.com\\\/www.jazzypunto.es\\\/jazzaragon\\\/wp-content\\\/uploads\\\/2022\\\/11\\\/Benja_Daniel-e1667983357479.jpg?fit=1000%2C975&ssl=1\",\"url\":\"https:\\\/\\\/i0.wp.com\\\/www.jazzypunto.es\\\/jazzaragon\\\/wp-content\\\/uploads\\\/2022\\\/11\\\/Benja_Daniel-e1667983357479.jpg?fit=1000%2C975&ssl=1\",\"contentUrl\":\"https:\\\/\\\/i0.wp.com\\\/www.jazzypunto.es\\\/jazzaragon\\\/wp-content\\\/uploads\\\/2022\\\/11\\\/Benja_Daniel-e1667983357479.jpg?fit=1000%2C975&ssl=1\",\"width\":1000,\"height\":975,\"caption\":\"Danijazz\"},\"logo\":{\"@id\":\"https:\\\/\\\/i0.wp.com\\\/www.jazzypunto.es\\\/jazzaragon\\\/wp-content\\\/uploads\\\/2022\\\/11\\\/Benja_Daniel-e1667983357479.jpg?fit=1000%2C975&ssl=1\"},\"sameAs\":[\"https:\\\/\\\/www.facebook.com\\\/Danijazz\\\/\"]}]}<\/script>\n<!-- \/ Yoast SEO plugin. -->","yoast_head_json":{"title":"Alejandro Do\u00f1agueda Navarro &#8212; Jazz Arag\u00f3n","robots":{"index":"index","follow":"follow","max-snippet":"max-snippet:-1","max-image-preview":"max-image-preview:large","max-video-preview":"max-video-preview:-1"},"canonical":"https:\/\/www.jazzypunto.es\/jazzaragon\/musicos\/saxofon\/alejandro-donagueda\/","og_locale":"es_ES","og_type":"article","og_title":"Alejandro Do\u00f1agueda Navarro &#8212; Jazz Arag\u00f3n","og_description":"Nacido en 1982 en Calatayud (Zaragoza), a los 11 a\u00f1os comienza su formaci\u00f3n musical en la Agrupaci\u00f3n Musical Pascual Marquina de Calatayud con Alfonso Catal\u00e1n y continu\u00e1ndola con Manuel Gracia (Clarinete y Saxof\u00f3n) y Francisco Roy Roy (Saxof\u00f3n), entonces catedr\u00e1tico del Conservatorio Superior de Arag\u00f3n. Continuar\u00e1 form\u00e1ndose en las ciudades de Zaragoza, Logro\u00f1o, Valencia, Pamplona &hellip; Seguir leyendo Alejandro Do\u00f1agueda Navarro &rarr;","og_url":"https:\/\/www.jazzypunto.es\/jazzaragon\/musicos\/saxofon\/alejandro-donagueda\/","og_site_name":"Jazz Arag\u00f3n","article_publisher":"https:\/\/www.facebook.com\/Danijazz\/","article_modified_time":"2026-04-28T08:41:34+00:00","og_image":[{"url":"http:\/\/www.jazzypunto.es\/jazzaragon\/wp-content\/uploads\/2026\/04\/alejandro_donagueda.jpeg","type":"","width":"","height":""}],"twitter_card":"summary_large_image","twitter_site":"@_jazzaragon","twitter_misc":{"Tiempo de lectura":"4 minutos"},"schema":{"@context":"https:\/\/schema.org","@graph":[{"@type":"WebPage","@id":"https:\/\/www.jazzypunto.es\/jazzaragon\/musicos\/saxofon\/alejandro-donagueda\/","url":"https:\/\/www.jazzypunto.es\/jazzaragon\/musicos\/saxofon\/alejandro-donagueda\/","name":"Alejandro Do\u00f1agueda Navarro &#8212; Jazz Arag\u00f3n","isPartOf":{"@id":"https:\/\/www.jazzypunto.es\/jazzaragon\/#website"},"primaryImageOfPage":{"@id":"https:\/\/www.jazzypunto.es\/jazzaragon\/musicos\/saxofon\/alejandro-donagueda\/#primaryimage"},"image":{"@id":"https:\/\/www.jazzypunto.es\/jazzaragon\/musicos\/saxofon\/alejandro-donagueda\/#primaryimage"},"thumbnailUrl":"http:\/\/www.jazzypunto.es\/jazzaragon\/wp-content\/uploads\/2026\/04\/alejandro_donagueda.jpeg","datePublished":"2015-03-04T19:38:10+00:00","dateModified":"2026-04-28T08:41:34+00:00","breadcrumb":{"@id":"https:\/\/www.jazzypunto.es\/jazzaragon\/musicos\/saxofon\/alejandro-donagueda\/#breadcrumb"},"inLanguage":"es","potentialAction":[{"@type":"ReadAction","target":["https:\/\/www.jazzypunto.es\/jazzaragon\/musicos\/saxofon\/alejandro-donagueda\/"]}]},{"@type":"ImageObject","inLanguage":"es","@id":"https:\/\/www.jazzypunto.es\/jazzaragon\/musicos\/saxofon\/alejandro-donagueda\/#primaryimage","url":"https:\/\/i0.wp.com\/www.jazzypunto.es\/jazzaragon\/wp-content\/uploads\/2026\/04\/alejandro_donagueda.jpeg?fit=300%2C300&ssl=1","contentUrl":"https:\/\/i0.wp.com\/www.jazzypunto.es\/jazzaragon\/wp-content\/uploads\/2026\/04\/alejandro_donagueda.jpeg?fit=300%2C300&ssl=1","width":300,"height":300},{"@type":"BreadcrumbList","@id":"https:\/\/www.jazzypunto.es\/jazzaragon\/musicos\/saxofon\/alejandro-donagueda\/#breadcrumb","itemListElement":[{"@type":"ListItem","position":1,"name":"Portada","item":"https:\/\/www.jazzypunto.es\/jazzaragon\/"},{"@type":"ListItem","position":2,"name":"M\u00fasicos de Arag\u00f3n","item":"https:\/\/www.jazzypunto.es\/jazzaragon\/musicos\/"},{"@type":"ListItem","position":3,"name":"Saxof\u00f3n","item":"https:\/\/www.jazzypunto.es\/jazzaragon\/musicos\/saxofon\/"},{"@type":"ListItem","position":4,"name":"Alejandro Do\u00f1agueda Navarro"}]},{"@type":"WebSite","@id":"https:\/\/www.jazzypunto.es\/jazzaragon\/#website","url":"https:\/\/www.jazzypunto.es\/jazzaragon\/","name":"Jazz Arag\u00f3n","description":"Historia y Actualidad","publisher":{"@id":"https:\/\/www.jazzypunto.es\/jazzaragon\/#\/schema\/person\/c0d650c3b28b68befb325c5cddc3b0fe"},"potentialAction":[{"@type":"SearchAction","target":{"@type":"EntryPoint","urlTemplate":"https:\/\/www.jazzypunto.es\/jazzaragon\/?s={search_term_string}"},"query-input":{"@type":"PropertyValueSpecification","valueRequired":true,"valueName":"search_term_string"}}],"inLanguage":"es"},{"@type":["Person","Organization"],"@id":"https:\/\/www.jazzypunto.es\/jazzaragon\/#\/schema\/person\/c0d650c3b28b68befb325c5cddc3b0fe","name":"Danijazz","image":{"@type":"ImageObject","inLanguage":"es","@id":"https:\/\/i0.wp.com\/www.jazzypunto.es\/jazzaragon\/wp-content\/uploads\/2022\/11\/Benja_Daniel-e1667983357479.jpg?fit=1000%2C975&ssl=1","url":"https:\/\/i0.wp.com\/www.jazzypunto.es\/jazzaragon\/wp-content\/uploads\/2022\/11\/Benja_Daniel-e1667983357479.jpg?fit=1000%2C975&ssl=1","contentUrl":"https:\/\/i0.wp.com\/www.jazzypunto.es\/jazzaragon\/wp-content\/uploads\/2022\/11\/Benja_Daniel-e1667983357479.jpg?fit=1000%2C975&ssl=1","width":1000,"height":975,"caption":"Danijazz"},"logo":{"@id":"https:\/\/i0.wp.com\/www.jazzypunto.es\/jazzaragon\/wp-content\/uploads\/2022\/11\/Benja_Daniel-e1667983357479.jpg?fit=1000%2C975&ssl=1"},"sameAs":["https:\/\/www.facebook.com\/Danijazz\/"]}]}},"jetpack_sharing_enabled":true,"_links":{"self":[{"href":"https:\/\/www.jazzypunto.es\/jazzaragon\/wp-json\/wp\/v2\/pages\/1535","targetHints":{"allow":["GET"]}}],"collection":[{"href":"https:\/\/www.jazzypunto.es\/jazzaragon\/wp-json\/wp\/v2\/pages"}],"about":[{"href":"https:\/\/www.jazzypunto.es\/jazzaragon\/wp-json\/wp\/v2\/types\/page"}],"author":[{"embeddable":true,"href":"https:\/\/www.jazzypunto.es\/jazzaragon\/wp-json\/wp\/v2\/users\/1"}],"replies":[{"embeddable":true,"href":"https:\/\/www.jazzypunto.es\/jazzaragon\/wp-json\/wp\/v2\/comments?post=1535"}],"version-history":[{"count":14,"href":"https:\/\/www.jazzypunto.es\/jazzaragon\/wp-json\/wp\/v2\/pages\/1535\/revisions"}],"predecessor-version":[{"id":27977,"href":"https:\/\/www.jazzypunto.es\/jazzaragon\/wp-json\/wp\/v2\/pages\/1535\/revisions\/27977"}],"up":[{"embeddable":true,"href":"https:\/\/www.jazzypunto.es\/jazzaragon\/wp-json\/wp\/v2\/pages\/1696"}],"wp:attachment":[{"href":"https:\/\/www.jazzypunto.es\/jazzaragon\/wp-json\/wp\/v2\/media?parent=1535"}],"curies":[{"name":"wp","href":"https:\/\/api.w.org\/{rel}","templated":true}]}}