{"id":17176,"date":"2022-04-02T20:20:16","date_gmt":"2022-04-02T18:20:16","guid":{"rendered":"http:\/\/www.jazzypunto.es\/jazzaragon\/?page_id=17176"},"modified":"2025-10-17T10:13:42","modified_gmt":"2025-10-17T08:13:42","slug":"bajo","status":"publish","type":"page","link":"https:\/\/www.jazzypunto.es\/jazzaragon\/bajo\/","title":{"rendered":"Bajo"},"content":{"rendered":"\n<figure class=\"wp-block-table is-style-stripes\"><table class=\"has-fixed-layout\"><tbody><tr><td><a rel=\"noopener\" href=\"http:\/\/www.jazzypunto.es\/jazzaragon\/musicos\/antonio-bernal\/\" target=\"_blank\"><strong><em>Antonio Bernal G\u00f3mez<\/em><\/strong><\/a><\/td><\/tr><tr><td><strong><em><a rel=\"noreferrer noopener\" href=\"http:\/\/www.jazzypunto.es\/jazzaragon\/apolo-ruiz-de-la-hermosa\/\" target=\"_blank\">Apolo Ruiz de la Hermosa<\/a><\/em><\/strong><\/td><\/tr><tr><td><a rel=\"noopener\" href=\"http:\/\/www.jazzypunto.es\/jazzaragon\/musicos\/chus-fernandez\/\" target=\"_blank\"><strong><em>Chus Fern\u00e1ndez<\/em><\/strong><\/a><\/td><\/tr><tr><td><a rel=\"noopener\" href=\"http:\/\/www.jazzypunto.es\/jazzaragon\/musicos\/coco-balasch\/\" target=\"_blank\"><strong><em>Coco Balasch<\/em><\/strong><\/a><\/td><\/tr><tr><td><strong><em><a rel=\"noopener\" href=\"http:\/\/www.jazzypunto.es\/jazzaragon\/musicos\/daniel-escolano\/\" target=\"_blank\">Daniel Escolano Garc\u00eda<\/a><\/em><\/strong><\/td><\/tr><tr><td><strong><em><a rel=\"noopener\" href=\"http:\/\/www.jazzypunto.es\/jazzaragon\/musicos\/ernesto-calvo-soria\/\" target=\"_blank\">Ernesto Calvo Soria<\/a><\/em><\/strong><\/td><\/tr><tr><td><em><strong><a href=\"http:\/\/www.jazzypunto.es\/jazzaragon\/ernesto-larcher\/\" target=\"_blank\" rel=\"noreferrer noopener\">Ernesto Larcher<\/a><\/strong><\/em><\/td><\/tr><tr><td><a rel=\"noopener\" href=\"http:\/\/www.jazzypunto.es\/jazzaragon\/musicos\/javier-callen-salazar\/\" target=\"_blank\"><strong><em>Javier Call\u00e9n Salazar<\/em><\/strong><\/a><\/td><\/tr><tr><td><a rel=\"noopener\" href=\"http:\/\/www.jazzypunto.es\/jazzaragon\/musicos\/javier-estella\/\" target=\"_blank\"><strong><em>Javier Estella Lacuey<\/em><\/strong><\/a><\/td><\/tr><tr><td><a rel=\"noopener\" href=\"http:\/\/www.jazzypunto.es\/jazzaragon\/musicos\/jesus-martin\/\" target=\"_blank\"><strong><em>Jes\u00fas Mart\u00ed&nbsp;Guti\u00e9rrez<\/em><\/strong><\/a><\/td><\/tr><tr><td><a rel=\"noopener\" href=\"http:\/\/www.jazzypunto.es\/jazzaragon\/musicos\/joaquin-marti\/\" target=\"_blank\"><strong><em>Joaquin Mart\u00ed<\/em><\/strong><\/a><\/td><\/tr><tr><td><strong><em><a href=\"https:\/\/www.jazzypunto.es\/jazzaragon\/juan-rebenaque\/\" target=\"_blank\" rel=\"noreferrer noopener\">Juan Rebenaque<\/a><\/em><\/strong><\/td><\/tr><tr><td><em><strong><a href=\"http:\/\/www.jazzypunto.es\/jazzaragon\/juan-san-martin\/\" target=\"_blank\" rel=\"noreferrer noopener\">Juan San Mart\u00edn<\/a><\/strong><\/em><\/td><\/tr><tr><td><a rel=\"noopener\" href=\"http:\/\/www.jazzypunto.es\/jazzaragon\/musicos\/marcelo-escrich\/\" target=\"_blank\"><strong><em>Marcelo Escrich<\/em><\/strong><\/a><\/td><\/tr><tr><td><em><strong><a href=\"https:\/\/www.jazzypunto.es\/jazzaragon\/martin-gros\/\">M<\/a><a href=\"https:\/\/www.jazzypunto.es\/jazzaragon\/martin-gros\/\" target=\"_blank\" rel=\"noreferrer noopener\">art\u00edn Gros<\/a><\/strong><\/em><\/td><\/tr><tr><td><a rel=\"noopener noreferrer\" href=\"http:\/\/www.jazzypunto.es\/jazzaragon\/miguel-viejo-6\/\" target=\"_blank\"><strong><em>Miguel Viejo Orna<\/em><\/strong><\/a><\/td><\/tr><tr><td><strong><em><a href=\"http:\/\/www.jazzypunto.es\/jazzaragon\/pablo-millas\/\" target=\"_blank\" rel=\"noreferrer noopener\">Pablo Millas<\/a><\/em><\/strong><\/td><\/tr><tr><td><strong><em><a href=\"http:\/\/www.jazzypunto.es\/jazzaragon\/musicos\/tono-miguel\/\">To\u00f1o Miguel<\/a><\/em><\/strong><\/td><\/tr><tr><td><strong><em><a href=\"http:\/\/www.jazzypunto.es\/jazzaragon\/musicos\/toto-sobieski\/\" target=\"_blank\" rel=\"noreferrer noopener\">Toto Sobieski<\/a><\/em><\/strong><\/td><\/tr><\/tbody><\/table><\/figure>\n","protected":false},"excerpt":{"rendered":"<p>Antonio Bernal G\u00f3mez Apolo Ruiz de la Hermosa Chus Fern\u00e1ndez Coco Balasch Daniel Escolano Garc\u00eda Ernesto Calvo Soria Ernesto Larcher Javier Call\u00e9n Salazar Javier Estella Lacuey Jes\u00fas Mart\u00ed&nbsp;Guti\u00e9rrez Joaquin Mart\u00ed Juan Rebenaque Juan San Mart\u00edn Marcelo Escrich Mart\u00edn Gros Miguel Viejo Orna Pablo Millas To\u00f1o Miguel Toto Sobieski<\/p>\n","protected":false},"author":1,"featured_media":0,"parent":0,"menu_order":0,"comment_status":"closed","ping_status":"closed","template":"page-templates\/full-width.php","meta":{"footnotes":""},"class_list":["post-17176","page","type-page","status-publish","hentry"],"yoast_head":"<!-- This site is optimized with the Yoast SEO plugin v27.6 - https:\/\/yoast.com\/product\/yoast-seo-wordpress\/ -->\n<title>Bajo &#8212; Jazz Arag\u00f3n<\/title>\n<meta name=\"robots\" content=\"index, follow, max-snippet:-1, max-image-preview:large, max-video-preview:-1\" \/>\n<link rel=\"canonical\" href=\"https:\/\/www.jazzypunto.es\/jazzaragon\/bajo\/\" \/>\n<meta property=\"og:locale\" content=\"es_ES\" \/>\n<meta property=\"og:type\" content=\"article\" \/>\n<meta property=\"og:title\" content=\"Bajo &#8212; Jazz Arag\u00f3n\" \/>\n<meta property=\"og:description\" content=\"Antonio Bernal G\u00f3mez Apolo Ruiz de la Hermosa Chus Fern\u00e1ndez Coco Balasch Daniel Escolano Garc\u00eda Ernesto Calvo Soria Ernesto Larcher Javier Call\u00e9n Salazar Javier Estella Lacuey Jes\u00fas Mart\u00ed&nbsp;Guti\u00e9rrez Joaquin Mart\u00ed Juan Rebenaque Juan San Mart\u00edn Marcelo Escrich Mart\u00edn Gros Miguel Viejo Orna Pablo Millas To\u00f1o Miguel Toto Sobieski\" \/>\n<meta property=\"og:url\" content=\"https:\/\/www.jazzypunto.es\/jazzaragon\/bajo\/\" \/>\n<meta property=\"og:site_name\" content=\"Jazz Arag\u00f3n\" \/>\n<meta property=\"article:publisher\" content=\"https:\/\/www.facebook.com\/Danijazz\/\" \/>\n<meta property=\"article:modified_time\" content=\"2025-10-17T08:13:42+00:00\" \/>\n<meta name=\"twitter:card\" content=\"summary_large_image\" \/>\n<meta name=\"twitter:site\" content=\"@_jazzaragon\" \/>\n<meta name=\"twitter:label1\" content=\"Tiempo de lectura\" \/>\n\t<meta name=\"twitter:data1\" content=\"1 minuto\" \/>\n<script type=\"application\/ld+json\" class=\"yoast-schema-graph\">{\"@context\":\"https:\\\/\\\/schema.org\",\"@graph\":[{\"@type\":\"WebPage\",\"@id\":\"https:\\\/\\\/www.jazzypunto.es\\\/jazzaragon\\\/bajo\\\/\",\"url\":\"https:\\\/\\\/www.jazzypunto.es\\\/jazzaragon\\\/bajo\\\/\",\"name\":\"Bajo &#8212; Jazz Arag\u00f3n\",\"isPartOf\":{\"@id\":\"https:\\\/\\\/www.jazzypunto.es\\\/jazzaragon\\\/#website\"},\"datePublished\":\"2022-04-02T18:20:16+00:00\",\"dateModified\":\"2025-10-17T08:13:42+00:00\",\"breadcrumb\":{\"@id\":\"https:\\\/\\\/www.jazzypunto.es\\\/jazzaragon\\\/bajo\\\/#breadcrumb\"},\"inLanguage\":\"es\",\"potentialAction\":[{\"@type\":\"ReadAction\",\"target\":[\"https:\\\/\\\/www.jazzypunto.es\\\/jazzaragon\\\/bajo\\\/\"]}]},{\"@type\":\"BreadcrumbList\",\"@id\":\"https:\\\/\\\/www.jazzypunto.es\\\/jazzaragon\\\/bajo\\\/#breadcrumb\",\"itemListElement\":[{\"@type\":\"ListItem\",\"position\":1,\"name\":\"Portada\",\"item\":\"https:\\\/\\\/www.jazzypunto.es\\\/jazzaragon\\\/\"},{\"@type\":\"ListItem\",\"position\":2,\"name\":\"Bajo\"}]},{\"@type\":\"WebSite\",\"@id\":\"https:\\\/\\\/www.jazzypunto.es\\\/jazzaragon\\\/#website\",\"url\":\"https:\\\/\\\/www.jazzypunto.es\\\/jazzaragon\\\/\",\"name\":\"Jazz Arag\u00f3n\",\"description\":\"Historia y Actualidad\",\"publisher\":{\"@id\":\"https:\\\/\\\/www.jazzypunto.es\\\/jazzaragon\\\/#\\\/schema\\\/person\\\/c0d650c3b28b68befb325c5cddc3b0fe\"},\"potentialAction\":[{\"@type\":\"SearchAction\",\"target\":{\"@type\":\"EntryPoint\",\"urlTemplate\":\"https:\\\/\\\/www.jazzypunto.es\\\/jazzaragon\\\/?s={search_term_string}\"},\"query-input\":{\"@type\":\"PropertyValueSpecification\",\"valueRequired\":true,\"valueName\":\"search_term_string\"}}],\"inLanguage\":\"es\"},{\"@type\":[\"Person\",\"Organization\"],\"@id\":\"https:\\\/\\\/www.jazzypunto.es\\\/jazzaragon\\\/#\\\/schema\\\/person\\\/c0d650c3b28b68befb325c5cddc3b0fe\",\"name\":\"Danijazz\",\"image\":{\"@type\":\"ImageObject\",\"inLanguage\":\"es\",\"@id\":\"https:\\\/\\\/i0.wp.com\\\/www.jazzypunto.es\\\/jazzaragon\\\/wp-content\\\/uploads\\\/2022\\\/11\\\/Benja_Daniel-e1667983357479.jpg?fit=1000%2C975&ssl=1\",\"url\":\"https:\\\/\\\/i0.wp.com\\\/www.jazzypunto.es\\\/jazzaragon\\\/wp-content\\\/uploads\\\/2022\\\/11\\\/Benja_Daniel-e1667983357479.jpg?fit=1000%2C975&ssl=1\",\"contentUrl\":\"https:\\\/\\\/i0.wp.com\\\/www.jazzypunto.es\\\/jazzaragon\\\/wp-content\\\/uploads\\\/2022\\\/11\\\/Benja_Daniel-e1667983357479.jpg?fit=1000%2C975&ssl=1\",\"width\":1000,\"height\":975,\"caption\":\"Danijazz\"},\"logo\":{\"@id\":\"https:\\\/\\\/i0.wp.com\\\/www.jazzypunto.es\\\/jazzaragon\\\/wp-content\\\/uploads\\\/2022\\\/11\\\/Benja_Daniel-e1667983357479.jpg?fit=1000%2C975&ssl=1\"},\"sameAs\":[\"https:\\\/\\\/www.facebook.com\\\/Danijazz\\\/\"]}]}<\/script>\n<!-- \/ Yoast SEO plugin. -->","yoast_head_json":{"title":"Bajo &#8212; Jazz Arag\u00f3n","robots":{"index":"index","follow":"follow","max-snippet":"max-snippet:-1","max-image-preview":"max-image-preview:large","max-video-preview":"max-video-preview:-1"},"canonical":"https:\/\/www.jazzypunto.es\/jazzaragon\/bajo\/","og_locale":"es_ES","og_type":"article","og_title":"Bajo &#8212; Jazz Arag\u00f3n","og_description":"Antonio Bernal G\u00f3mez Apolo Ruiz de la Hermosa Chus Fern\u00e1ndez Coco Balasch Daniel Escolano Garc\u00eda Ernesto Calvo Soria Ernesto Larcher Javier Call\u00e9n Salazar Javier Estella Lacuey Jes\u00fas Mart\u00ed&nbsp;Guti\u00e9rrez Joaquin Mart\u00ed Juan Rebenaque Juan San Mart\u00edn Marcelo Escrich Mart\u00edn Gros Miguel Viejo Orna Pablo Millas To\u00f1o Miguel Toto Sobieski","og_url":"https:\/\/www.jazzypunto.es\/jazzaragon\/bajo\/","og_site_name":"Jazz Arag\u00f3n","article_publisher":"https:\/\/www.facebook.com\/Danijazz\/","article_modified_time":"2025-10-17T08:13:42+00:00","twitter_card":"summary_large_image","twitter_site":"@_jazzaragon","twitter_misc":{"Tiempo de lectura":"1 minuto"},"schema":{"@context":"https:\/\/schema.org","@graph":[{"@type":"WebPage","@id":"https:\/\/www.jazzypunto.es\/jazzaragon\/bajo\/","url":"https:\/\/www.jazzypunto.es\/jazzaragon\/bajo\/","name":"Bajo &#8212; Jazz Arag\u00f3n","isPartOf":{"@id":"https:\/\/www.jazzypunto.es\/jazzaragon\/#website"},"datePublished":"2022-04-02T18:20:16+00:00","dateModified":"2025-10-17T08:13:42+00:00","breadcrumb":{"@id":"https:\/\/www.jazzypunto.es\/jazzaragon\/bajo\/#breadcrumb"},"inLanguage":"es","potentialAction":[{"@type":"ReadAction","target":["https:\/\/www.jazzypunto.es\/jazzaragon\/bajo\/"]}]},{"@type":"BreadcrumbList","@id":"https:\/\/www.jazzypunto.es\/jazzaragon\/bajo\/#breadcrumb","itemListElement":[{"@type":"ListItem","position":1,"name":"Portada","item":"https:\/\/www.jazzypunto.es\/jazzaragon\/"},{"@type":"ListItem","position":2,"name":"Bajo"}]},{"@type":"WebSite","@id":"https:\/\/www.jazzypunto.es\/jazzaragon\/#website","url":"https:\/\/www.jazzypunto.es\/jazzaragon\/","name":"Jazz Arag\u00f3n","description":"Historia y Actualidad","publisher":{"@id":"https:\/\/www.jazzypunto.es\/jazzaragon\/#\/schema\/person\/c0d650c3b28b68befb325c5cddc3b0fe"},"potentialAction":[{"@type":"SearchAction","target":{"@type":"EntryPoint","urlTemplate":"https:\/\/www.jazzypunto.es\/jazzaragon\/?s={search_term_string}"},"query-input":{"@type":"PropertyValueSpecification","valueRequired":true,"valueName":"search_term_string"}}],"inLanguage":"es"},{"@type":["Person","Organization"],"@id":"https:\/\/www.jazzypunto.es\/jazzaragon\/#\/schema\/person\/c0d650c3b28b68befb325c5cddc3b0fe","name":"Danijazz","image":{"@type":"ImageObject","inLanguage":"es","@id":"https:\/\/i0.wp.com\/www.jazzypunto.es\/jazzaragon\/wp-content\/uploads\/2022\/11\/Benja_Daniel-e1667983357479.jpg?fit=1000%2C975&ssl=1","url":"https:\/\/i0.wp.com\/www.jazzypunto.es\/jazzaragon\/wp-content\/uploads\/2022\/11\/Benja_Daniel-e1667983357479.jpg?fit=1000%2C975&ssl=1","contentUrl":"https:\/\/i0.wp.com\/www.jazzypunto.es\/jazzaragon\/wp-content\/uploads\/2022\/11\/Benja_Daniel-e1667983357479.jpg?fit=1000%2C975&ssl=1","width":1000,"height":975,"caption":"Danijazz"},"logo":{"@id":"https:\/\/i0.wp.com\/www.jazzypunto.es\/jazzaragon\/wp-content\/uploads\/2022\/11\/Benja_Daniel-e1667983357479.jpg?fit=1000%2C975&ssl=1"},"sameAs":["https:\/\/www.facebook.com\/Danijazz\/"]}]}},"jetpack_sharing_enabled":true,"_links":{"self":[{"href":"https:\/\/www.jazzypunto.es\/jazzaragon\/wp-json\/wp\/v2\/pages\/17176","targetHints":{"allow":["GET"]}}],"collection":[{"href":"https:\/\/www.jazzypunto.es\/jazzaragon\/wp-json\/wp\/v2\/pages"}],"about":[{"href":"https:\/\/www.jazzypunto.es\/jazzaragon\/wp-json\/wp\/v2\/types\/page"}],"author":[{"embeddable":true,"href":"https:\/\/www.jazzypunto.es\/jazzaragon\/wp-json\/wp\/v2\/users\/1"}],"replies":[{"embeddable":true,"href":"https:\/\/www.jazzypunto.es\/jazzaragon\/wp-json\/wp\/v2\/comments?post=17176"}],"version-history":[{"count":10,"href":"https:\/\/www.jazzypunto.es\/jazzaragon\/wp-json\/wp\/v2\/pages\/17176\/revisions"}],"predecessor-version":[{"id":26329,"href":"https:\/\/www.jazzypunto.es\/jazzaragon\/wp-json\/wp\/v2\/pages\/17176\/revisions\/26329"}],"wp:attachment":[{"href":"https:\/\/www.jazzypunto.es\/jazzaragon\/wp-json\/wp\/v2\/media?parent=17176"}],"curies":[{"name":"wp","href":"https:\/\/api.w.org\/{rel}","templated":true}]}}