{"id":18339,"date":"2022-09-02T11:18:55","date_gmt":"2022-09-02T09:18:55","guid":{"rendered":"http:\/\/www.jazzypunto.es\/jazzaragon\/?page_id=18339"},"modified":"2025-12-11T14:19:43","modified_gmt":"2025-12-11T13:19:43","slug":"morillo-de-tou-2022","status":"publish","type":"page","link":"https:\/\/www.jazzypunto.es\/jazzaragon\/morillo-de-tou-2022\/","title":{"rendered":"Morillo de Tou 2022"},"content":{"rendered":"<div class=\"wp-block-image\">\n<figure class=\"aligncenter size-large is-resized\"><img data-recalc-dims=\"1\" decoding=\"async\" width=\"474\" height=\"669\" data-src=\"https:\/\/i0.wp.com\/www.jazzypunto.es\/jazzaragon\/wp-content\/uploads\/2022\/09\/Cartel-Morillo-2022.jpg?resize=474%2C669\" alt=\"\" class=\"wp-image-18330 lazyload\" style=\"--smush-placeholder-width: 474px; --smush-placeholder-aspect-ratio: 474\/669;width:362px;height:511px\" data-srcset=\"https:\/\/i0.wp.com\/www.jazzypunto.es\/jazzaragon\/wp-content\/uploads\/2022\/09\/Cartel-Morillo-2022.jpg?resize=725%2C1024&amp;ssl=1 725w, https:\/\/i0.wp.com\/www.jazzypunto.es\/jazzaragon\/wp-content\/uploads\/2022\/09\/Cartel-Morillo-2022.jpg?resize=212%2C300&amp;ssl=1 212w, https:\/\/i0.wp.com\/www.jazzypunto.es\/jazzaragon\/wp-content\/uploads\/2022\/09\/Cartel-Morillo-2022.jpg?resize=768%2C1085&amp;ssl=1 768w, https:\/\/i0.wp.com\/www.jazzypunto.es\/jazzaragon\/wp-content\/uploads\/2022\/09\/Cartel-Morillo-2022.jpg?resize=1088%2C1536&amp;ssl=1 1088w, https:\/\/i0.wp.com\/www.jazzypunto.es\/jazzaragon\/wp-content\/uploads\/2022\/09\/Cartel-Morillo-2022.jpg?w=1412&amp;ssl=1 1412w, https:\/\/i0.wp.com\/www.jazzypunto.es\/jazzaragon\/wp-content\/uploads\/2022\/09\/Cartel-Morillo-2022.jpg?w=948 948w\" data-sizes=\"(max-width: 474px) 100vw, 474px\" src=\"data:image\/svg+xml;base64,PHN2ZyB3aWR0aD0iMSIgaGVpZ2h0PSIxIiB4bWxucz0iaHR0cDovL3d3dy53My5vcmcvMjAwMC9zdmciPjwvc3ZnPg==\" \/><\/figure>\n<\/div>\n\n<h3 style=\"text-align: center;\"><strong><em>Del 2 al 24 de Septiembre<\/em><\/strong><\/h3>\n<h5 style=\"text-align: center;\"><strong><em>2 de Septiembre\u00a0 Viernes<\/em><\/strong><\/h5>\n<p style=\"text-align: center;\"><strong><em>Carpa de Morillo de Tou<\/em><\/strong><\/p>\n<p style=\"text-align: center;\"><strong><em>22:30 horas<\/em><\/strong><em>\u00a0<\/em><\/p>\n<p><strong><em>\u2013 La Mouche Swing\u00a0\u00a0<\/em><\/strong><\/p>\n<p style=\"padding-left: 40px;\"><em>: voz<\/em><br \/><em>: guitarra\u00a0 ac\u00fastica<\/em><br \/><em>: clarinete<\/em><br \/><em>: contrabajo<\/em><br \/><i>\u00a0<\/i><\/p>\n<h5 style=\"text-align: center;\"><strong><em>3 de Septiembre\u00a0 S\u00e1bado<\/em><\/strong><\/h5>\n<p style=\"text-align: center;\"><strong><em>Carpa de Morillo de Tou<\/em><\/strong><\/p>\n<p style=\"text-align: center;\"><strong><em>22:30 horas<\/em><\/strong><\/p>\n<p><strong><em>\u00a0<\/em><\/strong><strong><em>\u2013 Crazy Swingsters<\/em><\/strong><\/p>\n<p style=\"padding-left: 40px;\"><em>Jos\u00e9 Carlos Badorrey: trompeta<\/em><br \/><em>Jos\u00e9 Carlos Calvo: saxo soprano<\/em><br \/><em>Sergio Gaspar: banjo<\/em><br \/><em>Francisco Javier Garc\u00eda: tromb\u00f3n<\/em><br \/><em>Jos\u00e9 Luis Collado: tuba<\/em><br \/><em>Juan Mar\u00eda Mill\u00e1n: percusi\u00f3n<\/em><\/p>\n<h5 style=\"text-align: center;\"><strong><em>9 de Septiembre\u00a0 Viernes<\/em><\/strong><\/h5>\n<p style=\"text-align: center;\"><strong><em>Por las calles de Ainsa<\/em><\/strong><\/p>\n<p style=\"text-align: center;\"><strong><em>19:30 horas<\/em><\/strong><strong><em>\u00a0<\/em><\/strong><\/p>\n<p><strong><em>\u2013 Dixieland Blues Band<\/em><\/strong><\/p>\n<h5 style=\"text-align: center;\"><strong><em>\u00a0<\/em><\/strong><strong><em>10 de Septiembre\u00a0 S\u00e1bado<\/em><\/strong><\/h5>\n<p style=\"text-align: center;\"><strong><em>Castillo de A\u00ednsa<\/em><\/strong><\/p>\n<p style=\"text-align: center;\"><strong><em>20:30 horas<\/em><\/strong><\/p>\n<p><strong><em>\u2013 \u00c1lvaro Oc\u00f3n Sextet<\/em><\/strong><\/p>\n<p><i>\u201dThe Ritual\u201d<\/i><\/p>\n<p style=\"padding-left: 40px;\"><em>Dylan Chandler Pardo: saxos tenor y soprano<\/em><br \/><em>Julio Mar\u00edn D\u00edaz: saxo tenor y clarinete bajo<\/em><br \/><em>\u00c1lvaro Oc\u00f3n Oc\u00f3n: trompeta y composici\u00f3n<\/em><br \/><em>Josep Pou Aguil\u00f3: teclados<\/em><br \/><em>Jon Carranza Anasagasti: contrabajo<\/em><br \/><em>David Gimeno Alemany: bater\u00eda<\/em><br \/><i>\u00a0<\/i><\/p>\n<h5 style=\"text-align: center;\"><strong><em>18 de Septiembre\u00a0 Domingo<\/em><\/strong><\/h5>\n<p style=\"text-align: center;\"><strong><em>Plaza Mayor, A\u00ednsa<\/em><\/strong><\/p>\n<p style=\"text-align: center;\"><strong><em>17:00 horas<\/em><\/strong><\/p>\n<p><strong><em>\u2013 Samuel Blasco Quartet<br \/><\/em><\/strong><em>\u201cLuces de Azahar\u201d<\/em><\/p>\n<p style=\"padding-left: 40px;\"><em>Samuel Blasco: bater\u00eda<\/em><br \/><em>Nuria Morales: voz<\/em><br \/><em>Jorge S\u00e1nchez: contrabajo<\/em><br \/><em>Alba Gurrea: piano<\/em><\/p>\n<p style=\"text-align: center;\"><strong><em>19:00 horas<\/em><\/strong><\/p>\n<p><strong><em>\u2013 The Preachers Proyect<\/em><\/strong><\/p>\n<p style=\"padding-left: 40px;\"><em>Gerardo L\u00f3pez: trompeta<\/em><br \/><em>Paco Escudero: teclados<\/em><br \/><em>Carlos Barraguer: bater\u00eda<\/em><\/p>\n<h5 style=\"text-align: center;\"><strong><em>23 de Septiembre\u00a0 Viernes<\/em><\/strong><\/h5>\n<p style=\"text-align: center;\"><strong><em>Carpa de Morillo de Tou<\/em><\/strong><\/p>\n<p style=\"text-align: center;\"><strong><em>22:00 horas<\/em><\/strong><\/p>\n<p><strong><em>\u2013 Celia Carballo<\/em><\/strong><\/p>\n<p style=\"padding-left: 40px;\"><i>Celia Carballo: voz<br \/>Israel Gonz\u00e1lez: teclados<br \/>Javier Call\u00e9n: bajo el\u00e9ctrico<br \/>Francisco Gazol: bater\u00eda<\/i><\/p>\n<h5 style=\"text-align: center;\"><strong><em>24 de Septiembre\u00a0 S\u00e1bado<\/em><\/strong><\/h5>\n<p style=\"text-align: center;\"><strong><em>Carpa de Morillo de Tou<\/em><\/strong><\/p>\n<p style=\"text-align: center;\"><strong><em>22:00\u00a0 horas<\/em><\/strong><\/p>\n<p><strong><em>\u2013 AraRoots &amp; Sean Clapis<\/em><\/strong><\/p>\n<p style=\"padding-left: 40px;\"><i>Sean Clapis: guitarra y voz<br \/>Alejandro Esperanza: piano<br \/>Javier Call\u00e9n: contrabajo<br \/>Santi Colomer: bater\u00eda<\/i><\/p>\n<p><strong><em>\u00a0<\/em><\/strong><\/p>\n<p><b><i>\u00a0<\/i><\/b><strong><em>Organizan:<\/em><\/strong><\/p>\n<p><em>\u00a0\u00a0\u00a0\u00a0\u00a0\u00a0\u00a0\u00a0\u00a0\u00a0\u00a0\u00a0\u00a0\u00a0\u00a0<\/em><em>Ayuntamiento de L\u00b4Ainsa-Sobrarbe<\/em><br \/><em>\u00a0\u00a0\u00a0\u00a0\u00a0\u00a0\u00a0\u00a0\u00a0\u00a0\u00a0\u00a0\u00a0\u00a0 Morillo de Tou<\/em><br \/>\u00a0 \u00a0 \u00a0 \u00a0 \u00a0 \u00a0 \u00a0 \u00a0<em>Ainsa<\/em><\/p>\n<p><strong><em>Colaboran:<\/em><\/strong><\/p>\n<p><em>\u00a0\u00a0\u00a0\u00a0\u00a0\u00a0\u00a0\u00a0\u00a0\u00a0\u00a0\u00a0\u00a0\u00a0\u00a0 Diputaci\u00f3n de Huesca<\/em><\/p>\n<p><em>\u00a0 \u00a0 \u00a0 \u00a0 \u00a0 \u00a0 \u00a0<\/em><\/p>","protected":false},"excerpt":{"rendered":"<p>Del 2 al 24 de Septiembre 2 de Septiembre\u00a0 Viernes Carpa de Morillo de Tou 22:30 horas\u00a0 \u2013 La Mouche Swing\u00a0\u00a0 : voz: guitarra\u00a0 ac\u00fastica: clarinete: contrabajo\u00a0 3 de Septiembre\u00a0 S\u00e1bado Carpa de Morillo de Tou 22:30 horas \u00a0\u2013 Crazy Swingsters Jos\u00e9 Carlos Badorrey: trompetaJos\u00e9 Carlos Calvo: saxo sopranoSergio Gaspar: banjoFrancisco Javier Garc\u00eda: tromb\u00f3nJos\u00e9 Luis &hellip; <a href=\"https:\/\/www.jazzypunto.es\/jazzaragon\/morillo-de-tou-2022\/\" class=\"more-link\">Seguir leyendo <span class=\"screen-reader-text\">Morillo de Tou 2022<\/span> <span class=\"meta-nav\">&rarr;<\/span><\/a><\/p>\n","protected":false},"author":1,"featured_media":0,"parent":0,"menu_order":0,"comment_status":"closed","ping_status":"closed","template":"page-templates\/full-width.php","meta":{"footnotes":""},"class_list":["post-18339","page","type-page","status-publish","hentry"],"yoast_head":"<!-- This site is optimized with the Yoast SEO plugin v27.3 - https:\/\/yoast.com\/product\/yoast-seo-wordpress\/ -->\n<title>Morillo de Tou 2022 &#8212; Jazz Arag\u00f3n<\/title>\n<meta name=\"robots\" content=\"index, follow, max-snippet:-1, max-image-preview:large, max-video-preview:-1\" \/>\n<link rel=\"canonical\" href=\"https:\/\/www.jazzypunto.es\/jazzaragon\/morillo-de-tou-2022\/\" \/>\n<meta property=\"og:locale\" content=\"es_ES\" \/>\n<meta property=\"og:type\" content=\"article\" \/>\n<meta property=\"og:title\" content=\"Morillo de Tou 2022 &#8212; Jazz Arag\u00f3n\" \/>\n<meta property=\"og:description\" content=\"Del 2 al 24 de Septiembre 2 de Septiembre\u00a0 Viernes Carpa de Morillo de Tou 22:30 horas\u00a0 \u2013 La Mouche Swing\u00a0\u00a0 : voz: guitarra\u00a0 ac\u00fastica: clarinete: contrabajo\u00a0 3 de Septiembre\u00a0 S\u00e1bado Carpa de Morillo de Tou 22:30 horas \u00a0\u2013 Crazy Swingsters Jos\u00e9 Carlos Badorrey: trompetaJos\u00e9 Carlos Calvo: saxo sopranoSergio Gaspar: banjoFrancisco Javier Garc\u00eda: tromb\u00f3nJos\u00e9 Luis &hellip; Seguir leyendo Morillo de Tou 2022 &rarr;\" \/>\n<meta property=\"og:url\" content=\"https:\/\/www.jazzypunto.es\/jazzaragon\/morillo-de-tou-2022\/\" \/>\n<meta property=\"og:site_name\" content=\"Jazz Arag\u00f3n\" \/>\n<meta property=\"article:publisher\" content=\"https:\/\/www.facebook.com\/Danijazz\/\" \/>\n<meta property=\"article:modified_time\" content=\"2025-12-11T13:19:43+00:00\" \/>\n<meta property=\"og:image\" content=\"http:\/\/www.jazzypunto.es\/jazzaragon\/wp-content\/uploads\/2022\/09\/Cartel-Morillo-2022-725x1024.jpg\" \/>\n<meta name=\"twitter:card\" content=\"summary_large_image\" \/>\n<meta name=\"twitter:site\" content=\"@_jazzaragon\" \/>\n<meta name=\"twitter:label1\" content=\"Tiempo de lectura\" \/>\n\t<meta name=\"twitter:data1\" content=\"2 minutos\" \/>\n<script type=\"application\/ld+json\" class=\"yoast-schema-graph\">{\"@context\":\"https:\\\/\\\/schema.org\",\"@graph\":[{\"@type\":\"WebPage\",\"@id\":\"https:\\\/\\\/www.jazzypunto.es\\\/jazzaragon\\\/morillo-de-tou-2022\\\/\",\"url\":\"https:\\\/\\\/www.jazzypunto.es\\\/jazzaragon\\\/morillo-de-tou-2022\\\/\",\"name\":\"Morillo de Tou 2022 &#8212; Jazz Arag\u00f3n\",\"isPartOf\":{\"@id\":\"https:\\\/\\\/www.jazzypunto.es\\\/jazzaragon\\\/#website\"},\"primaryImageOfPage\":{\"@id\":\"https:\\\/\\\/www.jazzypunto.es\\\/jazzaragon\\\/morillo-de-tou-2022\\\/#primaryimage\"},\"image\":{\"@id\":\"https:\\\/\\\/www.jazzypunto.es\\\/jazzaragon\\\/morillo-de-tou-2022\\\/#primaryimage\"},\"thumbnailUrl\":\"http:\\\/\\\/www.jazzypunto.es\\\/jazzaragon\\\/wp-content\\\/uploads\\\/2022\\\/09\\\/Cartel-Morillo-2022-725x1024.jpg\",\"datePublished\":\"2022-09-02T09:18:55+00:00\",\"dateModified\":\"2025-12-11T13:19:43+00:00\",\"breadcrumb\":{\"@id\":\"https:\\\/\\\/www.jazzypunto.es\\\/jazzaragon\\\/morillo-de-tou-2022\\\/#breadcrumb\"},\"inLanguage\":\"es\",\"potentialAction\":[{\"@type\":\"ReadAction\",\"target\":[\"https:\\\/\\\/www.jazzypunto.es\\\/jazzaragon\\\/morillo-de-tou-2022\\\/\"]}]},{\"@type\":\"ImageObject\",\"inLanguage\":\"es\",\"@id\":\"https:\\\/\\\/www.jazzypunto.es\\\/jazzaragon\\\/morillo-de-tou-2022\\\/#primaryimage\",\"url\":\"https:\\\/\\\/i0.wp.com\\\/www.jazzypunto.es\\\/jazzaragon\\\/wp-content\\\/uploads\\\/2022\\\/09\\\/Cartel-Morillo-2022.jpg?fit=1412%2C1994&ssl=1\",\"contentUrl\":\"https:\\\/\\\/i0.wp.com\\\/www.jazzypunto.es\\\/jazzaragon\\\/wp-content\\\/uploads\\\/2022\\\/09\\\/Cartel-Morillo-2022.jpg?fit=1412%2C1994&ssl=1\",\"width\":1412,\"height\":1994},{\"@type\":\"BreadcrumbList\",\"@id\":\"https:\\\/\\\/www.jazzypunto.es\\\/jazzaragon\\\/morillo-de-tou-2022\\\/#breadcrumb\",\"itemListElement\":[{\"@type\":\"ListItem\",\"position\":1,\"name\":\"Portada\",\"item\":\"https:\\\/\\\/www.jazzypunto.es\\\/jazzaragon\\\/\"},{\"@type\":\"ListItem\",\"position\":2,\"name\":\"Morillo de Tou 2022\"}]},{\"@type\":\"WebSite\",\"@id\":\"https:\\\/\\\/www.jazzypunto.es\\\/jazzaragon\\\/#website\",\"url\":\"https:\\\/\\\/www.jazzypunto.es\\\/jazzaragon\\\/\",\"name\":\"Jazz Arag\u00f3n\",\"description\":\"Historia y Actualidad\",\"publisher\":{\"@id\":\"https:\\\/\\\/www.jazzypunto.es\\\/jazzaragon\\\/#\\\/schema\\\/person\\\/c0d650c3b28b68befb325c5cddc3b0fe\"},\"potentialAction\":[{\"@type\":\"SearchAction\",\"target\":{\"@type\":\"EntryPoint\",\"urlTemplate\":\"https:\\\/\\\/www.jazzypunto.es\\\/jazzaragon\\\/?s={search_term_string}\"},\"query-input\":{\"@type\":\"PropertyValueSpecification\",\"valueRequired\":true,\"valueName\":\"search_term_string\"}}],\"inLanguage\":\"es\"},{\"@type\":[\"Person\",\"Organization\"],\"@id\":\"https:\\\/\\\/www.jazzypunto.es\\\/jazzaragon\\\/#\\\/schema\\\/person\\\/c0d650c3b28b68befb325c5cddc3b0fe\",\"name\":\"Danijazz\",\"image\":{\"@type\":\"ImageObject\",\"inLanguage\":\"es\",\"@id\":\"https:\\\/\\\/i0.wp.com\\\/www.jazzypunto.es\\\/jazzaragon\\\/wp-content\\\/uploads\\\/2022\\\/11\\\/Benja_Daniel-e1667983357479.jpg?fit=1000%2C975&ssl=1\",\"url\":\"https:\\\/\\\/i0.wp.com\\\/www.jazzypunto.es\\\/jazzaragon\\\/wp-content\\\/uploads\\\/2022\\\/11\\\/Benja_Daniel-e1667983357479.jpg?fit=1000%2C975&ssl=1\",\"contentUrl\":\"https:\\\/\\\/i0.wp.com\\\/www.jazzypunto.es\\\/jazzaragon\\\/wp-content\\\/uploads\\\/2022\\\/11\\\/Benja_Daniel-e1667983357479.jpg?fit=1000%2C975&ssl=1\",\"width\":1000,\"height\":975,\"caption\":\"Danijazz\"},\"logo\":{\"@id\":\"https:\\\/\\\/i0.wp.com\\\/www.jazzypunto.es\\\/jazzaragon\\\/wp-content\\\/uploads\\\/2022\\\/11\\\/Benja_Daniel-e1667983357479.jpg?fit=1000%2C975&ssl=1\"},\"sameAs\":[\"https:\\\/\\\/www.facebook.com\\\/Danijazz\\\/\"]}]}<\/script>\n<!-- \/ Yoast SEO plugin. -->","yoast_head_json":{"title":"Morillo de Tou 2022 &#8212; Jazz Arag\u00f3n","robots":{"index":"index","follow":"follow","max-snippet":"max-snippet:-1","max-image-preview":"max-image-preview:large","max-video-preview":"max-video-preview:-1"},"canonical":"https:\/\/www.jazzypunto.es\/jazzaragon\/morillo-de-tou-2022\/","og_locale":"es_ES","og_type":"article","og_title":"Morillo de Tou 2022 &#8212; Jazz Arag\u00f3n","og_description":"Del 2 al 24 de Septiembre 2 de Septiembre\u00a0 Viernes Carpa de Morillo de Tou 22:30 horas\u00a0 \u2013 La Mouche Swing\u00a0\u00a0 : voz: guitarra\u00a0 ac\u00fastica: clarinete: contrabajo\u00a0 3 de Septiembre\u00a0 S\u00e1bado Carpa de Morillo de Tou 22:30 horas \u00a0\u2013 Crazy Swingsters Jos\u00e9 Carlos Badorrey: trompetaJos\u00e9 Carlos Calvo: saxo sopranoSergio Gaspar: banjoFrancisco Javier Garc\u00eda: tromb\u00f3nJos\u00e9 Luis &hellip; Seguir leyendo Morillo de Tou 2022 &rarr;","og_url":"https:\/\/www.jazzypunto.es\/jazzaragon\/morillo-de-tou-2022\/","og_site_name":"Jazz Arag\u00f3n","article_publisher":"https:\/\/www.facebook.com\/Danijazz\/","article_modified_time":"2025-12-11T13:19:43+00:00","og_image":[{"url":"http:\/\/www.jazzypunto.es\/jazzaragon\/wp-content\/uploads\/2022\/09\/Cartel-Morillo-2022-725x1024.jpg","type":"","width":"","height":""}],"twitter_card":"summary_large_image","twitter_site":"@_jazzaragon","twitter_misc":{"Tiempo de lectura":"2 minutos"},"schema":{"@context":"https:\/\/schema.org","@graph":[{"@type":"WebPage","@id":"https:\/\/www.jazzypunto.es\/jazzaragon\/morillo-de-tou-2022\/","url":"https:\/\/www.jazzypunto.es\/jazzaragon\/morillo-de-tou-2022\/","name":"Morillo de Tou 2022 &#8212; Jazz Arag\u00f3n","isPartOf":{"@id":"https:\/\/www.jazzypunto.es\/jazzaragon\/#website"},"primaryImageOfPage":{"@id":"https:\/\/www.jazzypunto.es\/jazzaragon\/morillo-de-tou-2022\/#primaryimage"},"image":{"@id":"https:\/\/www.jazzypunto.es\/jazzaragon\/morillo-de-tou-2022\/#primaryimage"},"thumbnailUrl":"http:\/\/www.jazzypunto.es\/jazzaragon\/wp-content\/uploads\/2022\/09\/Cartel-Morillo-2022-725x1024.jpg","datePublished":"2022-09-02T09:18:55+00:00","dateModified":"2025-12-11T13:19:43+00:00","breadcrumb":{"@id":"https:\/\/www.jazzypunto.es\/jazzaragon\/morillo-de-tou-2022\/#breadcrumb"},"inLanguage":"es","potentialAction":[{"@type":"ReadAction","target":["https:\/\/www.jazzypunto.es\/jazzaragon\/morillo-de-tou-2022\/"]}]},{"@type":"ImageObject","inLanguage":"es","@id":"https:\/\/www.jazzypunto.es\/jazzaragon\/morillo-de-tou-2022\/#primaryimage","url":"https:\/\/i0.wp.com\/www.jazzypunto.es\/jazzaragon\/wp-content\/uploads\/2022\/09\/Cartel-Morillo-2022.jpg?fit=1412%2C1994&ssl=1","contentUrl":"https:\/\/i0.wp.com\/www.jazzypunto.es\/jazzaragon\/wp-content\/uploads\/2022\/09\/Cartel-Morillo-2022.jpg?fit=1412%2C1994&ssl=1","width":1412,"height":1994},{"@type":"BreadcrumbList","@id":"https:\/\/www.jazzypunto.es\/jazzaragon\/morillo-de-tou-2022\/#breadcrumb","itemListElement":[{"@type":"ListItem","position":1,"name":"Portada","item":"https:\/\/www.jazzypunto.es\/jazzaragon\/"},{"@type":"ListItem","position":2,"name":"Morillo de Tou 2022"}]},{"@type":"WebSite","@id":"https:\/\/www.jazzypunto.es\/jazzaragon\/#website","url":"https:\/\/www.jazzypunto.es\/jazzaragon\/","name":"Jazz Arag\u00f3n","description":"Historia y Actualidad","publisher":{"@id":"https:\/\/www.jazzypunto.es\/jazzaragon\/#\/schema\/person\/c0d650c3b28b68befb325c5cddc3b0fe"},"potentialAction":[{"@type":"SearchAction","target":{"@type":"EntryPoint","urlTemplate":"https:\/\/www.jazzypunto.es\/jazzaragon\/?s={search_term_string}"},"query-input":{"@type":"PropertyValueSpecification","valueRequired":true,"valueName":"search_term_string"}}],"inLanguage":"es"},{"@type":["Person","Organization"],"@id":"https:\/\/www.jazzypunto.es\/jazzaragon\/#\/schema\/person\/c0d650c3b28b68befb325c5cddc3b0fe","name":"Danijazz","image":{"@type":"ImageObject","inLanguage":"es","@id":"https:\/\/i0.wp.com\/www.jazzypunto.es\/jazzaragon\/wp-content\/uploads\/2022\/11\/Benja_Daniel-e1667983357479.jpg?fit=1000%2C975&ssl=1","url":"https:\/\/i0.wp.com\/www.jazzypunto.es\/jazzaragon\/wp-content\/uploads\/2022\/11\/Benja_Daniel-e1667983357479.jpg?fit=1000%2C975&ssl=1","contentUrl":"https:\/\/i0.wp.com\/www.jazzypunto.es\/jazzaragon\/wp-content\/uploads\/2022\/11\/Benja_Daniel-e1667983357479.jpg?fit=1000%2C975&ssl=1","width":1000,"height":975,"caption":"Danijazz"},"logo":{"@id":"https:\/\/i0.wp.com\/www.jazzypunto.es\/jazzaragon\/wp-content\/uploads\/2022\/11\/Benja_Daniel-e1667983357479.jpg?fit=1000%2C975&ssl=1"},"sameAs":["https:\/\/www.facebook.com\/Danijazz\/"]}]}},"jetpack_sharing_enabled":true,"_links":{"self":[{"href":"https:\/\/www.jazzypunto.es\/jazzaragon\/wp-json\/wp\/v2\/pages\/18339","targetHints":{"allow":["GET"]}}],"collection":[{"href":"https:\/\/www.jazzypunto.es\/jazzaragon\/wp-json\/wp\/v2\/pages"}],"about":[{"href":"https:\/\/www.jazzypunto.es\/jazzaragon\/wp-json\/wp\/v2\/types\/page"}],"author":[{"embeddable":true,"href":"https:\/\/www.jazzypunto.es\/jazzaragon\/wp-json\/wp\/v2\/users\/1"}],"replies":[{"embeddable":true,"href":"https:\/\/www.jazzypunto.es\/jazzaragon\/wp-json\/wp\/v2\/comments?post=18339"}],"version-history":[{"count":17,"href":"https:\/\/www.jazzypunto.es\/jazzaragon\/wp-json\/wp\/v2\/pages\/18339\/revisions"}],"predecessor-version":[{"id":27023,"href":"https:\/\/www.jazzypunto.es\/jazzaragon\/wp-json\/wp\/v2\/pages\/18339\/revisions\/27023"}],"wp:attachment":[{"href":"https:\/\/www.jazzypunto.es\/jazzaragon\/wp-json\/wp\/v2\/media?parent=18339"}],"curies":[{"name":"wp","href":"https:\/\/api.w.org\/{rel}","templated":true}]}}