{"id":1885,"date":"2015-03-11T18:26:17","date_gmt":"2015-03-11T17:26:17","guid":{"rendered":"http:\/\/www.jazzypunto.es\/jazzaragon\/?page_id=1885"},"modified":"2021-07-31T20:22:45","modified_gmt":"2021-07-31T18:22:45","slug":"javier-callen-salazar","status":"publish","type":"page","link":"https:\/\/www.jazzypunto.es\/jazzaragon\/musicos\/javier-callen-salazar\/","title":{"rendered":"Javier Call\u00e9n Salazar"},"content":{"rendered":"<p><a href=\"https:\/\/i0.wp.com\/www.jazzypunto.es\/jazzaragon\/wp-content\/uploads\/2015\/03\/Javier-Callen.jpg\" rel=\"lightbox-0\" data-rel=\"lightbox-image-0\" data-imagelightbox=\"0\" data-rl_title=\"\" data-rl_caption=\"\" title=\"\"><img data-recalc-dims=\"1\" decoding=\"async\" class=\"wp-image-1886 aligncenter lazyload\" data-src=\"https:\/\/i0.wp.com\/www.jazzypunto.es\/jazzaragon\/wp-content\/uploads\/2015\/03\/Javier-Callen.jpg?resize=474%2C314\" alt=\"Javier Callen\" width=\"474\" height=\"314\" data-srcset=\"https:\/\/i0.wp.com\/www.jazzypunto.es\/jazzaragon\/wp-content\/uploads\/2015\/03\/Javier-Callen.jpg?w=1232&amp;ssl=1 1232w, https:\/\/i0.wp.com\/www.jazzypunto.es\/jazzaragon\/wp-content\/uploads\/2015\/03\/Javier-Callen.jpg?w=948 948w\" data-sizes=\"(max-width: 474px) 100vw, 474px\" src=\"data:image\/svg+xml;base64,PHN2ZyB3aWR0aD0iMSIgaGVpZ2h0PSIxIiB4bWxucz0iaHR0cDovL3d3dy53My5vcmcvMjAwMC9zdmciPjwvc3ZnPg==\" style=\"--smush-placeholder-width: 474px; --smush-placeholder-aspect-ratio: 474\/314;\" \/><\/a><\/p>\n<p><em>Nacido en 1980 (Huesca). Natural de Monz\u00f3n donde estudia viol\u00edn en el Conservatorio de la localidad. <\/em><\/p>\n<p><em>En 2012 obtiene el Titulo Superior de M\u00fasica en la especialidad de Jazz (Bajo el\u00e9ctrico) a trav\u00e9s del Conservatorio Superior de Navarra.<\/em><\/p>\n<p style=\"text-align: justify;\"><em>Ha asistido a clases, cursos y seminarios de la mano de Matt Brewer, Reuben Rogers, Guillermo Klein, Edward Perez, Gilad Hekselman, Aaron Goldberg o Javier Colina entre otros.<\/em><\/p>\n<p style=\"text-align: justify;\"><em>En 2013 se diplom\u00f3 en Magisterio de Educaci\u00f3n Musical por la Universidad de Zaragoza.<\/em><\/p>\n<p style=\"text-align: justify;\"><em>Ha trabajado como docente y m\u00fasico profesional en diferentes \u00e1mbitos del sector y con multitud de proyectos, especializ\u00e1ndose en el jazz en los \u00faltimos a\u00f1os.<\/em><\/p>\n<p style=\"text-align: justify;\"><em>Ha participado en diferentes festivales de Jazz como los que se celebran en Zaragoza o Vitoria y en diferentes grabaciones como las de Marcos S\u00e1nchez (Youkali Music) y Jorge Abad\u00edas Quinteto (Errabal).<\/em><\/p>\n<p style=\"text-align: justify;\"><em>&nbsp;Muy activo en el mundo de la m\u00fasica en Zaragoza, participa en infinidad de actividades relacionadas con el Jazz, y es asiduo de pr\u00e1cticamente todas las Jam Sessions que se celebran en la ciudad.<\/em><\/p>\n<p style=\"text-align: justify;\"><em>&nbsp;<\/em><\/p>\n","protected":false},"excerpt":{"rendered":"<p>Nacido en 1980 (Huesca). Natural de Monz\u00f3n donde estudia viol\u00edn en el Conservatorio de la localidad. En 2012 obtiene el Titulo Superior de M\u00fasica en la especialidad de Jazz (Bajo el\u00e9ctrico) a trav\u00e9s del Conservatorio Superior de Navarra. Ha asistido a clases, cursos y seminarios de la mano de Matt Brewer, Reuben Rogers, Guillermo Klein, &hellip; <a href=\"https:\/\/www.jazzypunto.es\/jazzaragon\/musicos\/javier-callen-salazar\/\" class=\"more-link\">Seguir leyendo <span class=\"screen-reader-text\">Javier Call\u00e9n Salazar<\/span> <span class=\"meta-nav\">&rarr;<\/span><\/a><\/p>\n","protected":false},"author":1,"featured_media":0,"parent":240,"menu_order":0,"comment_status":"open","ping_status":"open","template":"page-templates\/full-width.php","meta":{"footnotes":""},"class_list":["post-1885","page","type-page","status-publish","hentry"],"yoast_head":"<!-- This site is optimized with the Yoast SEO plugin v27.6 - https:\/\/yoast.com\/product\/yoast-seo-wordpress\/ -->\n<title>Javier Call\u00e9n Salazar &#8212; Jazz Arag\u00f3n<\/title>\n<meta name=\"robots\" content=\"index, follow, max-snippet:-1, max-image-preview:large, max-video-preview:-1\" \/>\n<link rel=\"canonical\" href=\"https:\/\/www.jazzypunto.es\/jazzaragon\/musicos\/javier-callen-salazar\/\" \/>\n<meta property=\"og:locale\" content=\"es_ES\" \/>\n<meta property=\"og:type\" content=\"article\" \/>\n<meta property=\"og:title\" content=\"Javier Call\u00e9n Salazar &#8212; Jazz Arag\u00f3n\" \/>\n<meta property=\"og:description\" content=\"Nacido en 1980 (Huesca). Natural de Monz\u00f3n donde estudia viol\u00edn en el Conservatorio de la localidad. En 2012 obtiene el Titulo Superior de M\u00fasica en la especialidad de Jazz (Bajo el\u00e9ctrico) a trav\u00e9s del Conservatorio Superior de Navarra. Ha asistido a clases, cursos y seminarios de la mano de Matt Brewer, Reuben Rogers, Guillermo Klein, &hellip; Seguir leyendo Javier Call\u00e9n Salazar &rarr;\" \/>\n<meta property=\"og:url\" content=\"https:\/\/www.jazzypunto.es\/jazzaragon\/musicos\/javier-callen-salazar\/\" \/>\n<meta property=\"og:site_name\" content=\"Jazz Arag\u00f3n\" \/>\n<meta property=\"article:publisher\" content=\"https:\/\/www.facebook.com\/Danijazz\/\" \/>\n<meta property=\"article:modified_time\" content=\"2021-07-31T18:22:45+00:00\" \/>\n<meta property=\"og:image\" content=\"http:\/\/www.jazzypunto.es\/jazzaragon\/wp-content\/uploads\/2015\/03\/Javier-Callen.jpg\" \/>\n<meta name=\"twitter:card\" content=\"summary_large_image\" \/>\n<meta name=\"twitter:site\" content=\"@_jazzaragon\" \/>\n<meta name=\"twitter:label1\" content=\"Tiempo de lectura\" \/>\n\t<meta name=\"twitter:data1\" content=\"1 minuto\" \/>\n<script type=\"application\/ld+json\" class=\"yoast-schema-graph\">{\"@context\":\"https:\\\/\\\/schema.org\",\"@graph\":[{\"@type\":\"WebPage\",\"@id\":\"https:\\\/\\\/www.jazzypunto.es\\\/jazzaragon\\\/musicos\\\/javier-callen-salazar\\\/\",\"url\":\"https:\\\/\\\/www.jazzypunto.es\\\/jazzaragon\\\/musicos\\\/javier-callen-salazar\\\/\",\"name\":\"Javier Call\u00e9n Salazar &#8212; Jazz Arag\u00f3n\",\"isPartOf\":{\"@id\":\"https:\\\/\\\/www.jazzypunto.es\\\/jazzaragon\\\/#website\"},\"primaryImageOfPage\":{\"@id\":\"https:\\\/\\\/www.jazzypunto.es\\\/jazzaragon\\\/musicos\\\/javier-callen-salazar\\\/#primaryimage\"},\"image\":{\"@id\":\"https:\\\/\\\/www.jazzypunto.es\\\/jazzaragon\\\/musicos\\\/javier-callen-salazar\\\/#primaryimage\"},\"thumbnailUrl\":\"http:\\\/\\\/www.jazzypunto.es\\\/jazzaragon\\\/wp-content\\\/uploads\\\/2015\\\/03\\\/Javier-Callen.jpg\",\"datePublished\":\"2015-03-11T17:26:17+00:00\",\"dateModified\":\"2021-07-31T18:22:45+00:00\",\"breadcrumb\":{\"@id\":\"https:\\\/\\\/www.jazzypunto.es\\\/jazzaragon\\\/musicos\\\/javier-callen-salazar\\\/#breadcrumb\"},\"inLanguage\":\"es\",\"potentialAction\":[{\"@type\":\"ReadAction\",\"target\":[\"https:\\\/\\\/www.jazzypunto.es\\\/jazzaragon\\\/musicos\\\/javier-callen-salazar\\\/\"]}]},{\"@type\":\"ImageObject\",\"inLanguage\":\"es\",\"@id\":\"https:\\\/\\\/www.jazzypunto.es\\\/jazzaragon\\\/musicos\\\/javier-callen-salazar\\\/#primaryimage\",\"url\":\"https:\\\/\\\/i0.wp.com\\\/www.jazzypunto.es\\\/jazzaragon\\\/wp-content\\\/uploads\\\/2015\\\/03\\\/Javier-Callen.jpg?fit=1232%2C816&ssl=1\",\"contentUrl\":\"https:\\\/\\\/i0.wp.com\\\/www.jazzypunto.es\\\/jazzaragon\\\/wp-content\\\/uploads\\\/2015\\\/03\\\/Javier-Callen.jpg?fit=1232%2C816&ssl=1\",\"width\":1232,\"height\":816},{\"@type\":\"BreadcrumbList\",\"@id\":\"https:\\\/\\\/www.jazzypunto.es\\\/jazzaragon\\\/musicos\\\/javier-callen-salazar\\\/#breadcrumb\",\"itemListElement\":[{\"@type\":\"ListItem\",\"position\":1,\"name\":\"Portada\",\"item\":\"https:\\\/\\\/www.jazzypunto.es\\\/jazzaragon\\\/\"},{\"@type\":\"ListItem\",\"position\":2,\"name\":\"M\u00fasicos de Arag\u00f3n\",\"item\":\"https:\\\/\\\/www.jazzypunto.es\\\/jazzaragon\\\/musicos\\\/\"},{\"@type\":\"ListItem\",\"position\":3,\"name\":\"Javier Call\u00e9n Salazar\"}]},{\"@type\":\"WebSite\",\"@id\":\"https:\\\/\\\/www.jazzypunto.es\\\/jazzaragon\\\/#website\",\"url\":\"https:\\\/\\\/www.jazzypunto.es\\\/jazzaragon\\\/\",\"name\":\"Jazz Arag\u00f3n\",\"description\":\"Historia y Actualidad\",\"publisher\":{\"@id\":\"https:\\\/\\\/www.jazzypunto.es\\\/jazzaragon\\\/#\\\/schema\\\/person\\\/c0d650c3b28b68befb325c5cddc3b0fe\"},\"potentialAction\":[{\"@type\":\"SearchAction\",\"target\":{\"@type\":\"EntryPoint\",\"urlTemplate\":\"https:\\\/\\\/www.jazzypunto.es\\\/jazzaragon\\\/?s={search_term_string}\"},\"query-input\":{\"@type\":\"PropertyValueSpecification\",\"valueRequired\":true,\"valueName\":\"search_term_string\"}}],\"inLanguage\":\"es\"},{\"@type\":[\"Person\",\"Organization\"],\"@id\":\"https:\\\/\\\/www.jazzypunto.es\\\/jazzaragon\\\/#\\\/schema\\\/person\\\/c0d650c3b28b68befb325c5cddc3b0fe\",\"name\":\"Danijazz\",\"image\":{\"@type\":\"ImageObject\",\"inLanguage\":\"es\",\"@id\":\"https:\\\/\\\/i0.wp.com\\\/www.jazzypunto.es\\\/jazzaragon\\\/wp-content\\\/uploads\\\/2022\\\/11\\\/Benja_Daniel-e1667983357479.jpg?fit=1000%2C975&ssl=1\",\"url\":\"https:\\\/\\\/i0.wp.com\\\/www.jazzypunto.es\\\/jazzaragon\\\/wp-content\\\/uploads\\\/2022\\\/11\\\/Benja_Daniel-e1667983357479.jpg?fit=1000%2C975&ssl=1\",\"contentUrl\":\"https:\\\/\\\/i0.wp.com\\\/www.jazzypunto.es\\\/jazzaragon\\\/wp-content\\\/uploads\\\/2022\\\/11\\\/Benja_Daniel-e1667983357479.jpg?fit=1000%2C975&ssl=1\",\"width\":1000,\"height\":975,\"caption\":\"Danijazz\"},\"logo\":{\"@id\":\"https:\\\/\\\/i0.wp.com\\\/www.jazzypunto.es\\\/jazzaragon\\\/wp-content\\\/uploads\\\/2022\\\/11\\\/Benja_Daniel-e1667983357479.jpg?fit=1000%2C975&ssl=1\"},\"sameAs\":[\"https:\\\/\\\/www.facebook.com\\\/Danijazz\\\/\"]}]}<\/script>\n<!-- \/ Yoast SEO plugin. -->","yoast_head_json":{"title":"Javier Call\u00e9n Salazar &#8212; Jazz Arag\u00f3n","robots":{"index":"index","follow":"follow","max-snippet":"max-snippet:-1","max-image-preview":"max-image-preview:large","max-video-preview":"max-video-preview:-1"},"canonical":"https:\/\/www.jazzypunto.es\/jazzaragon\/musicos\/javier-callen-salazar\/","og_locale":"es_ES","og_type":"article","og_title":"Javier Call\u00e9n Salazar &#8212; Jazz Arag\u00f3n","og_description":"Nacido en 1980 (Huesca). Natural de Monz\u00f3n donde estudia viol\u00edn en el Conservatorio de la localidad. En 2012 obtiene el Titulo Superior de M\u00fasica en la especialidad de Jazz (Bajo el\u00e9ctrico) a trav\u00e9s del Conservatorio Superior de Navarra. Ha asistido a clases, cursos y seminarios de la mano de Matt Brewer, Reuben Rogers, Guillermo Klein, &hellip; Seguir leyendo Javier Call\u00e9n Salazar &rarr;","og_url":"https:\/\/www.jazzypunto.es\/jazzaragon\/musicos\/javier-callen-salazar\/","og_site_name":"Jazz Arag\u00f3n","article_publisher":"https:\/\/www.facebook.com\/Danijazz\/","article_modified_time":"2021-07-31T18:22:45+00:00","og_image":[{"url":"http:\/\/www.jazzypunto.es\/jazzaragon\/wp-content\/uploads\/2015\/03\/Javier-Callen.jpg","type":"","width":"","height":""}],"twitter_card":"summary_large_image","twitter_site":"@_jazzaragon","twitter_misc":{"Tiempo de lectura":"1 minuto"},"schema":{"@context":"https:\/\/schema.org","@graph":[{"@type":"WebPage","@id":"https:\/\/www.jazzypunto.es\/jazzaragon\/musicos\/javier-callen-salazar\/","url":"https:\/\/www.jazzypunto.es\/jazzaragon\/musicos\/javier-callen-salazar\/","name":"Javier Call\u00e9n Salazar &#8212; Jazz Arag\u00f3n","isPartOf":{"@id":"https:\/\/www.jazzypunto.es\/jazzaragon\/#website"},"primaryImageOfPage":{"@id":"https:\/\/www.jazzypunto.es\/jazzaragon\/musicos\/javier-callen-salazar\/#primaryimage"},"image":{"@id":"https:\/\/www.jazzypunto.es\/jazzaragon\/musicos\/javier-callen-salazar\/#primaryimage"},"thumbnailUrl":"http:\/\/www.jazzypunto.es\/jazzaragon\/wp-content\/uploads\/2015\/03\/Javier-Callen.jpg","datePublished":"2015-03-11T17:26:17+00:00","dateModified":"2021-07-31T18:22:45+00:00","breadcrumb":{"@id":"https:\/\/www.jazzypunto.es\/jazzaragon\/musicos\/javier-callen-salazar\/#breadcrumb"},"inLanguage":"es","potentialAction":[{"@type":"ReadAction","target":["https:\/\/www.jazzypunto.es\/jazzaragon\/musicos\/javier-callen-salazar\/"]}]},{"@type":"ImageObject","inLanguage":"es","@id":"https:\/\/www.jazzypunto.es\/jazzaragon\/musicos\/javier-callen-salazar\/#primaryimage","url":"https:\/\/i0.wp.com\/www.jazzypunto.es\/jazzaragon\/wp-content\/uploads\/2015\/03\/Javier-Callen.jpg?fit=1232%2C816&ssl=1","contentUrl":"https:\/\/i0.wp.com\/www.jazzypunto.es\/jazzaragon\/wp-content\/uploads\/2015\/03\/Javier-Callen.jpg?fit=1232%2C816&ssl=1","width":1232,"height":816},{"@type":"BreadcrumbList","@id":"https:\/\/www.jazzypunto.es\/jazzaragon\/musicos\/javier-callen-salazar\/#breadcrumb","itemListElement":[{"@type":"ListItem","position":1,"name":"Portada","item":"https:\/\/www.jazzypunto.es\/jazzaragon\/"},{"@type":"ListItem","position":2,"name":"M\u00fasicos de Arag\u00f3n","item":"https:\/\/www.jazzypunto.es\/jazzaragon\/musicos\/"},{"@type":"ListItem","position":3,"name":"Javier Call\u00e9n Salazar"}]},{"@type":"WebSite","@id":"https:\/\/www.jazzypunto.es\/jazzaragon\/#website","url":"https:\/\/www.jazzypunto.es\/jazzaragon\/","name":"Jazz Arag\u00f3n","description":"Historia y Actualidad","publisher":{"@id":"https:\/\/www.jazzypunto.es\/jazzaragon\/#\/schema\/person\/c0d650c3b28b68befb325c5cddc3b0fe"},"potentialAction":[{"@type":"SearchAction","target":{"@type":"EntryPoint","urlTemplate":"https:\/\/www.jazzypunto.es\/jazzaragon\/?s={search_term_string}"},"query-input":{"@type":"PropertyValueSpecification","valueRequired":true,"valueName":"search_term_string"}}],"inLanguage":"es"},{"@type":["Person","Organization"],"@id":"https:\/\/www.jazzypunto.es\/jazzaragon\/#\/schema\/person\/c0d650c3b28b68befb325c5cddc3b0fe","name":"Danijazz","image":{"@type":"ImageObject","inLanguage":"es","@id":"https:\/\/i0.wp.com\/www.jazzypunto.es\/jazzaragon\/wp-content\/uploads\/2022\/11\/Benja_Daniel-e1667983357479.jpg?fit=1000%2C975&ssl=1","url":"https:\/\/i0.wp.com\/www.jazzypunto.es\/jazzaragon\/wp-content\/uploads\/2022\/11\/Benja_Daniel-e1667983357479.jpg?fit=1000%2C975&ssl=1","contentUrl":"https:\/\/i0.wp.com\/www.jazzypunto.es\/jazzaragon\/wp-content\/uploads\/2022\/11\/Benja_Daniel-e1667983357479.jpg?fit=1000%2C975&ssl=1","width":1000,"height":975,"caption":"Danijazz"},"logo":{"@id":"https:\/\/i0.wp.com\/www.jazzypunto.es\/jazzaragon\/wp-content\/uploads\/2022\/11\/Benja_Daniel-e1667983357479.jpg?fit=1000%2C975&ssl=1"},"sameAs":["https:\/\/www.facebook.com\/Danijazz\/"]}]}},"jetpack_sharing_enabled":true,"_links":{"self":[{"href":"https:\/\/www.jazzypunto.es\/jazzaragon\/wp-json\/wp\/v2\/pages\/1885","targetHints":{"allow":["GET"]}}],"collection":[{"href":"https:\/\/www.jazzypunto.es\/jazzaragon\/wp-json\/wp\/v2\/pages"}],"about":[{"href":"https:\/\/www.jazzypunto.es\/jazzaragon\/wp-json\/wp\/v2\/types\/page"}],"author":[{"embeddable":true,"href":"https:\/\/www.jazzypunto.es\/jazzaragon\/wp-json\/wp\/v2\/users\/1"}],"replies":[{"embeddable":true,"href":"https:\/\/www.jazzypunto.es\/jazzaragon\/wp-json\/wp\/v2\/comments?post=1885"}],"version-history":[{"count":13,"href":"https:\/\/www.jazzypunto.es\/jazzaragon\/wp-json\/wp\/v2\/pages\/1885\/revisions"}],"predecessor-version":[{"id":11970,"href":"https:\/\/www.jazzypunto.es\/jazzaragon\/wp-json\/wp\/v2\/pages\/1885\/revisions\/11970"}],"up":[{"embeddable":true,"href":"https:\/\/www.jazzypunto.es\/jazzaragon\/wp-json\/wp\/v2\/pages\/240"}],"wp:attachment":[{"href":"https:\/\/www.jazzypunto.es\/jazzaragon\/wp-json\/wp\/v2\/media?parent=1885"}],"curies":[{"name":"wp","href":"https:\/\/api.w.org\/{rel}","templated":true}]}}