{"id":2071,"date":"2015-03-17T21:08:35","date_gmt":"2015-03-17T20:08:35","guid":{"rendered":"http:\/\/www.jazzypunto.es\/jazzaragon\/?page_id=2071"},"modified":"2026-02-09T09:28:39","modified_gmt":"2026-02-09T08:28:39","slug":"2012-1er-vinotrufajazz","status":"publish","type":"page","link":"https:\/\/www.jazzypunto.es\/jazzaragon\/huesca\/estadilla-vinotrufajazz\/2012-1er-vinotrufajazz\/","title":{"rendered":"VinoTrufaJazz 2012"},"content":{"rendered":"<h3><img data-recalc-dims=\"1\" decoding=\"async\" class=\"aligncenter  wp-image-9516 lazyload\" data-src=\"https:\/\/i0.wp.com\/www.jazzypunto.es\/jazzaragon\/wp-content\/uploads\/2020\/10\/Cartel-VinoTrufaJazz-2012.jpg?resize=419%2C584\" alt=\"\" width=\"419\" height=\"584\" data-srcset=\"https:\/\/i0.wp.com\/www.jazzypunto.es\/jazzaragon\/wp-content\/uploads\/2020\/10\/Cartel-VinoTrufaJazz-2012.jpg?w=595&amp;ssl=1 595w, https:\/\/i0.wp.com\/www.jazzypunto.es\/jazzaragon\/wp-content\/uploads\/2020\/10\/Cartel-VinoTrufaJazz-2012.jpg?resize=215%2C300&amp;ssl=1 215w\" data-sizes=\"(max-width: 419px) 100vw, 419px\" src=\"data:image\/svg+xml;base64,PHN2ZyB3aWR0aD0iMSIgaGVpZ2h0PSIxIiB4bWxucz0iaHR0cDovL3d3dy53My5vcmcvMjAwMC9zdmciPjwvc3ZnPg==\" style=\"--smush-placeholder-width: 419px; --smush-placeholder-aspect-ratio: 419\/584;\" \/><\/h3>\n<h3 style=\"text-align: center;\"><strong>11 de Marzo<\/strong><\/h3>\n<h4 style=\"text-align: center;\"><strong> <em>Portal del Sol<\/em><\/strong><\/h4>\n<p style=\"text-align: center;\"><strong><em>Domingo \u00a0<\/em><\/strong><em>D\u00eda 11 &#8211; 12,00 horas.\u00a0<\/em><\/p>\n<figure id=\"attachment_2194\" aria-describedby=\"caption-attachment-2194\" style=\"width: 284px\" class=\"wp-caption aligncenter\"><a href=\"https:\/\/i0.wp.com\/www.jazzypunto.es\/jazzaragon\/wp-content\/uploads\/2015\/03\/Barbastro-Jazz-Project.jpg\" rel=\"lightbox-0\" data-rel=\"lightbox-image-0\" data-imagelightbox=\"0\" data-rl_title=\"\" data-rl_caption=\"\" title=\"\"><img data-recalc-dims=\"1\" decoding=\"async\" class=\"size-full wp-image-2194 lazyload\" data-src=\"https:\/\/i0.wp.com\/www.jazzypunto.es\/jazzaragon\/wp-content\/uploads\/2015\/03\/Barbastro-Jazz-Project.jpg?resize=284%2C270\" alt=\"Barbastro Jazz Project\" width=\"284\" height=\"270\" src=\"data:image\/svg+xml;base64,PHN2ZyB3aWR0aD0iMSIgaGVpZ2h0PSIxIiB4bWxucz0iaHR0cDovL3d3dy53My5vcmcvMjAwMC9zdmciPjwvc3ZnPg==\" style=\"--smush-placeholder-width: 284px; --smush-placeholder-aspect-ratio: 284\/270;\" \/><\/a><figcaption id=\"caption-attachment-2194\" class=\"wp-caption-text\">Barbastro Jazz Project<\/figcaption><\/figure>\n<p style=\"padding-left: 20px;\"><strong><em>&#8211; Barbastro Jazz Project<\/em><\/strong><\/p>\n<p style=\"padding-left: 80px;\"><em>Gabriel Mata: Teclados<\/em><br \/>\n<em>Milena Casado: Trompeta<\/em><br \/>\n<em>\u00c1lvaro Oc\u00f3n: Trompeta, Flugel<\/em><br \/>\n<em>Pablo Conde: Guitarra<\/em><br \/>\n<em>Nicol\u00e1s Mel\u00f3n: Tromb\u00f3n y Bajo<\/em><br \/>\n<em>Roman Cuberos: Bajo y Contrabajo<\/em><\/p>\n<p style=\"padding-left: 20px;\"><strong><em>&#8211; Estadijazz Quintet<\/em><\/strong><\/p>\n<p style=\"padding-left: 80px;\"><em>Chavi Naval: Saxos<\/em><br \/>\n<em>Fernando Lleyda: Saxo<\/em><br \/>\n<em>Antonio Gil: Piano<\/em><br \/>\n<em>Dani Escolano: Contrabajo<\/em><br \/>\n<em>Luis Naval: Bater\u00eda<\/em><strong><em>\u00a0<\/em><\/strong><\/p>\n<p style=\"padding-left: 30px;\"><em>La fiesta se completa gastron\u00f3micamente con maravillosos caldos locales de <a href=\"http:\/\/aldahara.es\/\" target=\"_blank\" rel=\"noopener noreferrer\">Bodegas Aldahara<\/a> y <a href=\"http:\/\/www.bodegasrasohuete.com\/\" target=\"_blank\" rel=\"noopener noreferrer\">Raso Huete<\/a> de la D.O. Somontano.<\/em><\/p>\n<p><em>Las tapas corrieron a cargo del <strong>Restaurante Carrodilla<\/strong>:<\/em><\/p>\n<p style=\"padding-left: 50px;\"><em>&#8211; Crema de patata y puerro con aceite de oliva y trufa.<\/em><br \/>\n<em>_ Huevo frito con trufa.<\/em><br \/>\n<em>&#8211; Alb\u00f3ndigas de pollo con mermelada de cebolla y trufa<\/em><br \/>\n<em>&#8211; Cuajada con miel de romero y trufa.<\/em><\/p>\n<p><em>\u00a0<\/em><\/p>\n<p><em><strong>Organizado por<\/strong>:<\/em><\/p>\n<p style=\"padding-left: 40px;\"><em>Ayuntamiento de Estadilla <\/em><br \/>\n<em>Sociedad Recreativa La Aurora<\/em><br \/>\n<em>Restaurante La Carrodilla<\/em><br \/>\n<em>Bodega Aldarara<\/em><br \/>\n<em>Bodega Raso Huete<\/em><br \/>\n<em>Trufapasi\u00f3n<\/em><br \/>\n<em>Musicalidea.<\/em><\/p>\n","protected":false},"excerpt":{"rendered":"<p>11 de Marzo Portal del Sol Domingo \u00a0D\u00eda 11 &#8211; 12,00 horas.\u00a0 &#8211; Barbastro Jazz Project Gabriel Mata: Teclados Milena Casado: Trompeta \u00c1lvaro Oc\u00f3n: Trompeta, Flugel Pablo Conde: Guitarra Nicol\u00e1s Mel\u00f3n: Tromb\u00f3n y Bajo Roman Cuberos: Bajo y Contrabajo &#8211; Estadijazz Quintet Chavi Naval: Saxos Fernando Lleyda: Saxo Antonio Gil: Piano Dani Escolano: Contrabajo Luis &hellip; <a href=\"https:\/\/www.jazzypunto.es\/jazzaragon\/huesca\/estadilla-vinotrufajazz\/2012-1er-vinotrufajazz\/\" class=\"more-link\">Seguir leyendo <span class=\"screen-reader-text\">VinoTrufaJazz 2012<\/span> <span class=\"meta-nav\">&rarr;<\/span><\/a><\/p>\n","protected":false},"author":1,"featured_media":0,"parent":2073,"menu_order":0,"comment_status":"open","ping_status":"open","template":"page-templates\/full-width.php","meta":{"footnotes":""},"class_list":["post-2071","page","type-page","status-publish","hentry"],"yoast_head":"<!-- This site is optimized with the Yoast SEO plugin v27.5 - https:\/\/yoast.com\/product\/yoast-seo-wordpress\/ -->\n<title>VinoTrufaJazz 2012 &#8212; Jazz Arag\u00f3n<\/title>\n<meta name=\"robots\" content=\"index, follow, max-snippet:-1, max-image-preview:large, max-video-preview:-1\" \/>\n<link rel=\"canonical\" href=\"https:\/\/www.jazzypunto.es\/jazzaragon\/huesca\/estadilla-vinotrufajazz\/2012-1er-vinotrufajazz\/\" \/>\n<meta property=\"og:locale\" content=\"es_ES\" \/>\n<meta property=\"og:type\" content=\"article\" \/>\n<meta property=\"og:title\" content=\"VinoTrufaJazz 2012 &#8212; Jazz Arag\u00f3n\" \/>\n<meta property=\"og:description\" content=\"11 de Marzo Portal del Sol Domingo \u00a0D\u00eda 11 &#8211; 12,00 horas.\u00a0 &#8211; Barbastro Jazz Project Gabriel Mata: Teclados Milena Casado: Trompeta \u00c1lvaro Oc\u00f3n: Trompeta, Flugel Pablo Conde: Guitarra Nicol\u00e1s Mel\u00f3n: Tromb\u00f3n y Bajo Roman Cuberos: Bajo y Contrabajo &#8211; Estadijazz Quintet Chavi Naval: Saxos Fernando Lleyda: Saxo Antonio Gil: Piano Dani Escolano: Contrabajo Luis &hellip; Seguir leyendo VinoTrufaJazz 2012 &rarr;\" \/>\n<meta property=\"og:url\" content=\"https:\/\/www.jazzypunto.es\/jazzaragon\/huesca\/estadilla-vinotrufajazz\/2012-1er-vinotrufajazz\/\" \/>\n<meta property=\"og:site_name\" content=\"Jazz Arag\u00f3n\" \/>\n<meta property=\"article:publisher\" content=\"https:\/\/www.facebook.com\/Danijazz\/\" \/>\n<meta property=\"article:modified_time\" content=\"2026-02-09T08:28:39+00:00\" \/>\n<meta property=\"og:image\" content=\"http:\/\/www.jazzypunto.es\/jazzaragon\/wp-content\/uploads\/2020\/10\/Cartel-VinoTrufaJazz-2012.jpg\" \/>\n<meta name=\"twitter:card\" content=\"summary_large_image\" \/>\n<meta name=\"twitter:site\" content=\"@_jazzaragon\" \/>\n<meta name=\"twitter:label1\" content=\"Tiempo de lectura\" \/>\n\t<meta name=\"twitter:data1\" content=\"2 minutos\" \/>\n<script type=\"application\/ld+json\" class=\"yoast-schema-graph\">{\"@context\":\"https:\\\/\\\/schema.org\",\"@graph\":[{\"@type\":\"WebPage\",\"@id\":\"https:\\\/\\\/www.jazzypunto.es\\\/jazzaragon\\\/huesca\\\/estadilla-vinotrufajazz\\\/2012-1er-vinotrufajazz\\\/\",\"url\":\"https:\\\/\\\/www.jazzypunto.es\\\/jazzaragon\\\/huesca\\\/estadilla-vinotrufajazz\\\/2012-1er-vinotrufajazz\\\/\",\"name\":\"VinoTrufaJazz 2012 &#8212; Jazz Arag\u00f3n\",\"isPartOf\":{\"@id\":\"https:\\\/\\\/www.jazzypunto.es\\\/jazzaragon\\\/#website\"},\"primaryImageOfPage\":{\"@id\":\"https:\\\/\\\/www.jazzypunto.es\\\/jazzaragon\\\/huesca\\\/estadilla-vinotrufajazz\\\/2012-1er-vinotrufajazz\\\/#primaryimage\"},\"image\":{\"@id\":\"https:\\\/\\\/www.jazzypunto.es\\\/jazzaragon\\\/huesca\\\/estadilla-vinotrufajazz\\\/2012-1er-vinotrufajazz\\\/#primaryimage\"},\"thumbnailUrl\":\"http:\\\/\\\/www.jazzypunto.es\\\/jazzaragon\\\/wp-content\\\/uploads\\\/2020\\\/10\\\/Cartel-VinoTrufaJazz-2012.jpg\",\"datePublished\":\"2015-03-17T20:08:35+00:00\",\"dateModified\":\"2026-02-09T08:28:39+00:00\",\"breadcrumb\":{\"@id\":\"https:\\\/\\\/www.jazzypunto.es\\\/jazzaragon\\\/huesca\\\/estadilla-vinotrufajazz\\\/2012-1er-vinotrufajazz\\\/#breadcrumb\"},\"inLanguage\":\"es\",\"potentialAction\":[{\"@type\":\"ReadAction\",\"target\":[\"https:\\\/\\\/www.jazzypunto.es\\\/jazzaragon\\\/huesca\\\/estadilla-vinotrufajazz\\\/2012-1er-vinotrufajazz\\\/\"]}]},{\"@type\":\"ImageObject\",\"inLanguage\":\"es\",\"@id\":\"https:\\\/\\\/www.jazzypunto.es\\\/jazzaragon\\\/huesca\\\/estadilla-vinotrufajazz\\\/2012-1er-vinotrufajazz\\\/#primaryimage\",\"url\":\"https:\\\/\\\/i0.wp.com\\\/www.jazzypunto.es\\\/jazzaragon\\\/wp-content\\\/uploads\\\/2020\\\/10\\\/Cartel-VinoTrufaJazz-2012.jpg?fit=595%2C830&ssl=1\",\"contentUrl\":\"https:\\\/\\\/i0.wp.com\\\/www.jazzypunto.es\\\/jazzaragon\\\/wp-content\\\/uploads\\\/2020\\\/10\\\/Cartel-VinoTrufaJazz-2012.jpg?fit=595%2C830&ssl=1\",\"width\":595,\"height\":830},{\"@type\":\"BreadcrumbList\",\"@id\":\"https:\\\/\\\/www.jazzypunto.es\\\/jazzaragon\\\/huesca\\\/estadilla-vinotrufajazz\\\/2012-1er-vinotrufajazz\\\/#breadcrumb\",\"itemListElement\":[{\"@type\":\"ListItem\",\"position\":1,\"name\":\"Portada\",\"item\":\"https:\\\/\\\/www.jazzypunto.es\\\/jazzaragon\\\/\"},{\"@type\":\"ListItem\",\"position\":2,\"name\":\"Huesca\",\"item\":\"https:\\\/\\\/www.jazzypunto.es\\\/jazzaragon\\\/huesca\\\/\"},{\"@type\":\"ListItem\",\"position\":3,\"name\":\"Estadilla VinoTrufaJazz\",\"item\":\"https:\\\/\\\/www.jazzypunto.es\\\/jazzaragon\\\/huesca\\\/estadilla-vinotrufajazz\\\/\"},{\"@type\":\"ListItem\",\"position\":4,\"name\":\"VinoTrufaJazz 2012\"}]},{\"@type\":\"WebSite\",\"@id\":\"https:\\\/\\\/www.jazzypunto.es\\\/jazzaragon\\\/#website\",\"url\":\"https:\\\/\\\/www.jazzypunto.es\\\/jazzaragon\\\/\",\"name\":\"Jazz Arag\u00f3n\",\"description\":\"Historia y Actualidad\",\"publisher\":{\"@id\":\"https:\\\/\\\/www.jazzypunto.es\\\/jazzaragon\\\/#\\\/schema\\\/person\\\/c0d650c3b28b68befb325c5cddc3b0fe\"},\"potentialAction\":[{\"@type\":\"SearchAction\",\"target\":{\"@type\":\"EntryPoint\",\"urlTemplate\":\"https:\\\/\\\/www.jazzypunto.es\\\/jazzaragon\\\/?s={search_term_string}\"},\"query-input\":{\"@type\":\"PropertyValueSpecification\",\"valueRequired\":true,\"valueName\":\"search_term_string\"}}],\"inLanguage\":\"es\"},{\"@type\":[\"Person\",\"Organization\"],\"@id\":\"https:\\\/\\\/www.jazzypunto.es\\\/jazzaragon\\\/#\\\/schema\\\/person\\\/c0d650c3b28b68befb325c5cddc3b0fe\",\"name\":\"Danijazz\",\"image\":{\"@type\":\"ImageObject\",\"inLanguage\":\"es\",\"@id\":\"https:\\\/\\\/i0.wp.com\\\/www.jazzypunto.es\\\/jazzaragon\\\/wp-content\\\/uploads\\\/2022\\\/11\\\/Benja_Daniel-e1667983357479.jpg?fit=1000%2C975&ssl=1\",\"url\":\"https:\\\/\\\/i0.wp.com\\\/www.jazzypunto.es\\\/jazzaragon\\\/wp-content\\\/uploads\\\/2022\\\/11\\\/Benja_Daniel-e1667983357479.jpg?fit=1000%2C975&ssl=1\",\"contentUrl\":\"https:\\\/\\\/i0.wp.com\\\/www.jazzypunto.es\\\/jazzaragon\\\/wp-content\\\/uploads\\\/2022\\\/11\\\/Benja_Daniel-e1667983357479.jpg?fit=1000%2C975&ssl=1\",\"width\":1000,\"height\":975,\"caption\":\"Danijazz\"},\"logo\":{\"@id\":\"https:\\\/\\\/i0.wp.com\\\/www.jazzypunto.es\\\/jazzaragon\\\/wp-content\\\/uploads\\\/2022\\\/11\\\/Benja_Daniel-e1667983357479.jpg?fit=1000%2C975&ssl=1\"},\"sameAs\":[\"https:\\\/\\\/www.facebook.com\\\/Danijazz\\\/\"]}]}<\/script>\n<!-- \/ Yoast SEO plugin. -->","yoast_head_json":{"title":"VinoTrufaJazz 2012 &#8212; Jazz Arag\u00f3n","robots":{"index":"index","follow":"follow","max-snippet":"max-snippet:-1","max-image-preview":"max-image-preview:large","max-video-preview":"max-video-preview:-1"},"canonical":"https:\/\/www.jazzypunto.es\/jazzaragon\/huesca\/estadilla-vinotrufajazz\/2012-1er-vinotrufajazz\/","og_locale":"es_ES","og_type":"article","og_title":"VinoTrufaJazz 2012 &#8212; Jazz Arag\u00f3n","og_description":"11 de Marzo Portal del Sol Domingo \u00a0D\u00eda 11 &#8211; 12,00 horas.\u00a0 &#8211; Barbastro Jazz Project Gabriel Mata: Teclados Milena Casado: Trompeta \u00c1lvaro Oc\u00f3n: Trompeta, Flugel Pablo Conde: Guitarra Nicol\u00e1s Mel\u00f3n: Tromb\u00f3n y Bajo Roman Cuberos: Bajo y Contrabajo &#8211; Estadijazz Quintet Chavi Naval: Saxos Fernando Lleyda: Saxo Antonio Gil: Piano Dani Escolano: Contrabajo Luis &hellip; Seguir leyendo VinoTrufaJazz 2012 &rarr;","og_url":"https:\/\/www.jazzypunto.es\/jazzaragon\/huesca\/estadilla-vinotrufajazz\/2012-1er-vinotrufajazz\/","og_site_name":"Jazz Arag\u00f3n","article_publisher":"https:\/\/www.facebook.com\/Danijazz\/","article_modified_time":"2026-02-09T08:28:39+00:00","og_image":[{"url":"http:\/\/www.jazzypunto.es\/jazzaragon\/wp-content\/uploads\/2020\/10\/Cartel-VinoTrufaJazz-2012.jpg","type":"","width":"","height":""}],"twitter_card":"summary_large_image","twitter_site":"@_jazzaragon","twitter_misc":{"Tiempo de lectura":"2 minutos"},"schema":{"@context":"https:\/\/schema.org","@graph":[{"@type":"WebPage","@id":"https:\/\/www.jazzypunto.es\/jazzaragon\/huesca\/estadilla-vinotrufajazz\/2012-1er-vinotrufajazz\/","url":"https:\/\/www.jazzypunto.es\/jazzaragon\/huesca\/estadilla-vinotrufajazz\/2012-1er-vinotrufajazz\/","name":"VinoTrufaJazz 2012 &#8212; Jazz Arag\u00f3n","isPartOf":{"@id":"https:\/\/www.jazzypunto.es\/jazzaragon\/#website"},"primaryImageOfPage":{"@id":"https:\/\/www.jazzypunto.es\/jazzaragon\/huesca\/estadilla-vinotrufajazz\/2012-1er-vinotrufajazz\/#primaryimage"},"image":{"@id":"https:\/\/www.jazzypunto.es\/jazzaragon\/huesca\/estadilla-vinotrufajazz\/2012-1er-vinotrufajazz\/#primaryimage"},"thumbnailUrl":"http:\/\/www.jazzypunto.es\/jazzaragon\/wp-content\/uploads\/2020\/10\/Cartel-VinoTrufaJazz-2012.jpg","datePublished":"2015-03-17T20:08:35+00:00","dateModified":"2026-02-09T08:28:39+00:00","breadcrumb":{"@id":"https:\/\/www.jazzypunto.es\/jazzaragon\/huesca\/estadilla-vinotrufajazz\/2012-1er-vinotrufajazz\/#breadcrumb"},"inLanguage":"es","potentialAction":[{"@type":"ReadAction","target":["https:\/\/www.jazzypunto.es\/jazzaragon\/huesca\/estadilla-vinotrufajazz\/2012-1er-vinotrufajazz\/"]}]},{"@type":"ImageObject","inLanguage":"es","@id":"https:\/\/www.jazzypunto.es\/jazzaragon\/huesca\/estadilla-vinotrufajazz\/2012-1er-vinotrufajazz\/#primaryimage","url":"https:\/\/i0.wp.com\/www.jazzypunto.es\/jazzaragon\/wp-content\/uploads\/2020\/10\/Cartel-VinoTrufaJazz-2012.jpg?fit=595%2C830&ssl=1","contentUrl":"https:\/\/i0.wp.com\/www.jazzypunto.es\/jazzaragon\/wp-content\/uploads\/2020\/10\/Cartel-VinoTrufaJazz-2012.jpg?fit=595%2C830&ssl=1","width":595,"height":830},{"@type":"BreadcrumbList","@id":"https:\/\/www.jazzypunto.es\/jazzaragon\/huesca\/estadilla-vinotrufajazz\/2012-1er-vinotrufajazz\/#breadcrumb","itemListElement":[{"@type":"ListItem","position":1,"name":"Portada","item":"https:\/\/www.jazzypunto.es\/jazzaragon\/"},{"@type":"ListItem","position":2,"name":"Huesca","item":"https:\/\/www.jazzypunto.es\/jazzaragon\/huesca\/"},{"@type":"ListItem","position":3,"name":"Estadilla VinoTrufaJazz","item":"https:\/\/www.jazzypunto.es\/jazzaragon\/huesca\/estadilla-vinotrufajazz\/"},{"@type":"ListItem","position":4,"name":"VinoTrufaJazz 2012"}]},{"@type":"WebSite","@id":"https:\/\/www.jazzypunto.es\/jazzaragon\/#website","url":"https:\/\/www.jazzypunto.es\/jazzaragon\/","name":"Jazz Arag\u00f3n","description":"Historia y Actualidad","publisher":{"@id":"https:\/\/www.jazzypunto.es\/jazzaragon\/#\/schema\/person\/c0d650c3b28b68befb325c5cddc3b0fe"},"potentialAction":[{"@type":"SearchAction","target":{"@type":"EntryPoint","urlTemplate":"https:\/\/www.jazzypunto.es\/jazzaragon\/?s={search_term_string}"},"query-input":{"@type":"PropertyValueSpecification","valueRequired":true,"valueName":"search_term_string"}}],"inLanguage":"es"},{"@type":["Person","Organization"],"@id":"https:\/\/www.jazzypunto.es\/jazzaragon\/#\/schema\/person\/c0d650c3b28b68befb325c5cddc3b0fe","name":"Danijazz","image":{"@type":"ImageObject","inLanguage":"es","@id":"https:\/\/i0.wp.com\/www.jazzypunto.es\/jazzaragon\/wp-content\/uploads\/2022\/11\/Benja_Daniel-e1667983357479.jpg?fit=1000%2C975&ssl=1","url":"https:\/\/i0.wp.com\/www.jazzypunto.es\/jazzaragon\/wp-content\/uploads\/2022\/11\/Benja_Daniel-e1667983357479.jpg?fit=1000%2C975&ssl=1","contentUrl":"https:\/\/i0.wp.com\/www.jazzypunto.es\/jazzaragon\/wp-content\/uploads\/2022\/11\/Benja_Daniel-e1667983357479.jpg?fit=1000%2C975&ssl=1","width":1000,"height":975,"caption":"Danijazz"},"logo":{"@id":"https:\/\/i0.wp.com\/www.jazzypunto.es\/jazzaragon\/wp-content\/uploads\/2022\/11\/Benja_Daniel-e1667983357479.jpg?fit=1000%2C975&ssl=1"},"sameAs":["https:\/\/www.facebook.com\/Danijazz\/"]}]}},"jetpack_sharing_enabled":true,"_links":{"self":[{"href":"https:\/\/www.jazzypunto.es\/jazzaragon\/wp-json\/wp\/v2\/pages\/2071","targetHints":{"allow":["GET"]}}],"collection":[{"href":"https:\/\/www.jazzypunto.es\/jazzaragon\/wp-json\/wp\/v2\/pages"}],"about":[{"href":"https:\/\/www.jazzypunto.es\/jazzaragon\/wp-json\/wp\/v2\/types\/page"}],"author":[{"embeddable":true,"href":"https:\/\/www.jazzypunto.es\/jazzaragon\/wp-json\/wp\/v2\/users\/1"}],"replies":[{"embeddable":true,"href":"https:\/\/www.jazzypunto.es\/jazzaragon\/wp-json\/wp\/v2\/comments?post=2071"}],"version-history":[{"count":10,"href":"https:\/\/www.jazzypunto.es\/jazzaragon\/wp-json\/wp\/v2\/pages\/2071\/revisions"}],"predecessor-version":[{"id":27384,"href":"https:\/\/www.jazzypunto.es\/jazzaragon\/wp-json\/wp\/v2\/pages\/2071\/revisions\/27384"}],"up":[{"embeddable":true,"href":"https:\/\/www.jazzypunto.es\/jazzaragon\/wp-json\/wp\/v2\/pages\/2073"}],"wp:attachment":[{"href":"https:\/\/www.jazzypunto.es\/jazzaragon\/wp-json\/wp\/v2\/media?parent=2071"}],"curies":[{"name":"wp","href":"https:\/\/api.w.org\/{rel}","templated":true}]}}