{"id":240,"date":"2015-02-10T23:30:38","date_gmt":"2015-02-10T22:30:38","guid":{"rendered":"http:\/\/www.jazzypunto.es\/jazzaragon\/?page_id=240"},"modified":"2025-10-06T14:42:58","modified_gmt":"2025-10-06T12:42:58","slug":"musicos","status":"publish","type":"page","link":"https:\/\/www.jazzypunto.es\/jazzaragon\/musicos\/","title":{"rendered":"M\u00fasicos de Arag\u00f3n"},"content":{"rendered":"\n<figure class=\"wp-block-table is-style-stripes has-medium-font-size\"><table class=\"has-fixed-layout\"><tbody><tr><td class=\"has-text-align-center\" data-align=\"center\"><strong><em><a href=\"http:\/\/www.jazzypunto.es\/jazzaragon\/acordeon\/\" target=\"_blank\" rel=\"noreferrer noopener\">Acorde\u00f3n<\/a><\/em><\/strong><\/td><td class=\"has-text-align-center\" data-align=\"center\"><strong><em><a rel=\"noreferrer noopener\" href=\"http:\/\/www.jazzypunto.es\/jazzaragon\/bajo\/\" target=\"_blank\">Bajo<\/a><\/em><\/strong><\/td><td class=\"has-text-align-center\" data-align=\"center\"><em><strong><a rel=\"noreferrer noopener\" href=\"http:\/\/www.jazzypunto.es\/jazzaragon\/bateria\/\" target=\"_blank\">Bater\u00eda<\/a><\/strong><\/em><\/td><td class=\"has-text-align-center\" data-align=\"center\"><em><strong><a rel=\"noreferrer noopener\" href=\"http:\/\/www.jazzypunto.es\/jazzaragon\/clarinete\/\" target=\"_blank\">Clarinete<\/a><\/strong><\/em><\/td><\/tr><tr><td class=\"has-text-align-center\" data-align=\"center\"><a href=\"http:\/\/www.jazzypunto.es\/jazzaragon\/acordeon\/\" target=\"_blank\" rel=\"noreferrer noopener\"><img data-recalc-dims=\"1\" decoding=\"async\" width=\"150\" height=\"180\" class=\"wp-image-17280 lazyload\" style=\"--smush-placeholder-width: 150px; --smush-placeholder-aspect-ratio: 150\/180;width: 150px;\" data-src=\"https:\/\/i0.wp.com\/www.jazzypunto.es\/jazzaragon\/wp-content\/uploads\/2022\/04\/Acordeon-Figura.jpg?resize=150%2C180\" alt=\"\" data-srcset=\"https:\/\/i0.wp.com\/www.jazzypunto.es\/jazzaragon\/wp-content\/uploads\/2022\/04\/Acordeon-Figura.jpg?w=371&amp;ssl=1 371w, https:\/\/i0.wp.com\/www.jazzypunto.es\/jazzaragon\/wp-content\/uploads\/2022\/04\/Acordeon-Figura.jpg?resize=250%2C300&amp;ssl=1 250w\" data-sizes=\"(max-width: 150px) 100vw, 150px\" src=\"data:image\/svg+xml;base64,PHN2ZyB3aWR0aD0iMSIgaGVpZ2h0PSIxIiB4bWxucz0iaHR0cDovL3d3dy53My5vcmcvMjAwMC9zdmciPjwvc3ZnPg==\" \/><\/a><\/td><td class=\"has-text-align-center\" data-align=\"center\"><a href=\"http:\/\/www.jazzypunto.es\/jazzaragon\/bajo\/\" target=\"_blank\" rel=\"noreferrer noopener\"><img data-recalc-dims=\"1\" decoding=\"async\" width=\"150\" height=\"150\" class=\"wp-image-17282 lazyload\" style=\"--smush-placeholder-width: 150px; --smush-placeholder-aspect-ratio: 150\/150;width: 150px;\" data-src=\"https:\/\/i0.wp.com\/www.jazzypunto.es\/jazzaragon\/wp-content\/uploads\/2022\/04\/Contrabajo-figura.jpg?resize=150%2C150\" alt=\"\" data-srcset=\"https:\/\/i0.wp.com\/www.jazzypunto.es\/jazzaragon\/wp-content\/uploads\/2022\/04\/Contrabajo-figura.jpg?w=416&amp;ssl=1 416w, https:\/\/i0.wp.com\/www.jazzypunto.es\/jazzaragon\/wp-content\/uploads\/2022\/04\/Contrabajo-figura.jpg?resize=300%2C300&amp;ssl=1 300w, https:\/\/i0.wp.com\/www.jazzypunto.es\/jazzaragon\/wp-content\/uploads\/2022\/04\/Contrabajo-figura.jpg?resize=150%2C150&amp;ssl=1 150w\" data-sizes=\"(max-width: 150px) 100vw, 150px\" src=\"data:image\/svg+xml;base64,PHN2ZyB3aWR0aD0iMSIgaGVpZ2h0PSIxIiB4bWxucz0iaHR0cDovL3d3dy53My5vcmcvMjAwMC9zdmciPjwvc3ZnPg==\" \/><\/a><\/td><td class=\"has-text-align-center\" data-align=\"center\"><a href=\"http:\/\/www.jazzypunto.es\/jazzaragon\/bateria\/\" target=\"_blank\" rel=\"noreferrer noopener\"><img data-recalc-dims=\"1\" decoding=\"async\" width=\"216\" height=\"191\" class=\"wp-image-17283 lazyload\" style=\"--smush-placeholder-width: 216px; --smush-placeholder-aspect-ratio: 216\/191;width: 216px;\" data-src=\"https:\/\/i0.wp.com\/www.jazzypunto.es\/jazzaragon\/wp-content\/uploads\/2022\/04\/Bateria-figura.jpg?resize=216%2C191\" alt=\"\" src=\"data:image\/svg+xml;base64,PHN2ZyB3aWR0aD0iMSIgaGVpZ2h0PSIxIiB4bWxucz0iaHR0cDovL3d3dy53My5vcmcvMjAwMC9zdmciPjwvc3ZnPg==\"><\/a><\/td><td class=\"has-text-align-center\" data-align=\"center\"><a href=\"http:\/\/www.jazzypunto.es\/jazzaragon\/clarinete\/\" target=\"_blank\" rel=\"noreferrer noopener\"><img data-recalc-dims=\"1\" decoding=\"async\" width=\"150\" height=\"151\" class=\"wp-image-17284 lazyload\" style=\"--smush-placeholder-width: 150px; --smush-placeholder-aspect-ratio: 150\/151;width: 150px;\" data-src=\"https:\/\/i0.wp.com\/www.jazzypunto.es\/jazzaragon\/wp-content\/uploads\/2022\/04\/Clarinete-figura.jpg?resize=150%2C151\" alt=\"\" data-srcset=\"https:\/\/i0.wp.com\/www.jazzypunto.es\/jazzaragon\/wp-content\/uploads\/2022\/04\/Clarinete-figura.jpg?w=607&amp;ssl=1 607w, https:\/\/i0.wp.com\/www.jazzypunto.es\/jazzaragon\/wp-content\/uploads\/2022\/04\/Clarinete-figura.jpg?resize=298%2C300&amp;ssl=1 298w, https:\/\/i0.wp.com\/www.jazzypunto.es\/jazzaragon\/wp-content\/uploads\/2022\/04\/Clarinete-figura.jpg?resize=150%2C150&amp;ssl=1 150w\" data-sizes=\"(max-width: 150px) 100vw, 150px\" src=\"data:image\/svg+xml;base64,PHN2ZyB3aWR0aD0iMSIgaGVpZ2h0PSIxIiB4bWxucz0iaHR0cDovL3d3dy53My5vcmcvMjAwMC9zdmciPjwvc3ZnPg==\" \/><\/a><\/td><\/tr><tr><td class=\"has-text-align-center\" data-align=\"center\"><em><strong><a rel=\"noreferrer noopener\" href=\"http:\/\/www.jazzypunto.es\/jazzaragon\/grupos-y-bandas\/\" target=\"_blank\">Grupos<\/a><\/strong><\/em><\/td><td class=\"has-text-align-center\" data-align=\"center\"><em><strong><a rel=\"noreferrer noopener\" href=\"http:\/\/www.jazzypunto.es\/jazzaragon\/guitarra\/\" target=\"_blank\">Guitarra<\/a><\/strong><\/em><\/td><td class=\"has-text-align-center\" data-align=\"center\"><em><strong><a rel=\"noreferrer noopener\" href=\"http:\/\/www.jazzypunto.es\/jazzaragon\/saxofon\/\" target=\"_blank\">Saxof\u00f3n<\/a><\/strong><\/em><\/td><td class=\"has-text-align-center\" data-align=\"center\"><em><strong><a rel=\"noreferrer noopener\" href=\"http:\/\/www.jazzypunto.es\/jazzaragon\/teclados\/\" target=\"_blank\">Teclados<\/a><\/strong><\/em><\/td><\/tr><tr><td class=\"has-text-align-center\" data-align=\"center\"><a href=\"http:\/\/www.jazzypunto.es\/jazzaragon\/grupos-y-bandas\/\" target=\"_blank\" rel=\"noreferrer noopener\"><img data-recalc-dims=\"1\" decoding=\"async\" width=\"200\" height=\"176\" class=\"wp-image-17285 lazyload\" style=\"--smush-placeholder-width: 200px; --smush-placeholder-aspect-ratio: 200\/176;width: 200px;\" data-src=\"https:\/\/i0.wp.com\/www.jazzypunto.es\/jazzaragon\/wp-content\/uploads\/2022\/04\/Banda-de-Jazz-Figura-e1649064754496.jpg?resize=200%2C176\" alt=\"\" src=\"data:image\/svg+xml;base64,PHN2ZyB3aWR0aD0iMSIgaGVpZ2h0PSIxIiB4bWxucz0iaHR0cDovL3d3dy53My5vcmcvMjAwMC9zdmciPjwvc3ZnPg==\"><\/a><\/td><td class=\"has-text-align-center\" data-align=\"center\"><a href=\"http:\/\/www.jazzypunto.es\/jazzaragon\/guitarra\/\" target=\"_blank\" rel=\"noreferrer noopener\"><img data-recalc-dims=\"1\" decoding=\"async\" width=\"150\" height=\"150\" class=\"wp-image-17286 lazyload\" style=\"--smush-placeholder-width: 150px; --smush-placeholder-aspect-ratio: 150\/150;width: 150px;\" data-src=\"https:\/\/i0.wp.com\/www.jazzypunto.es\/jazzaragon\/wp-content\/uploads\/2022\/04\/Guitarra-figura-e1649064808442.jpg?resize=150%2C150\" alt=\"\" src=\"data:image\/svg+xml;base64,PHN2ZyB3aWR0aD0iMSIgaGVpZ2h0PSIxIiB4bWxucz0iaHR0cDovL3d3dy53My5vcmcvMjAwMC9zdmciPjwvc3ZnPg==\"><\/a><\/td><td class=\"has-text-align-center\" data-align=\"center\"><a href=\"http:\/\/www.jazzypunto.es\/jazzaragon\/saxofon\/\" target=\"_blank\" rel=\"noreferrer noopener\"><img data-recalc-dims=\"1\" decoding=\"async\" width=\"150\" height=\"110\" class=\"wp-image-17288 lazyload\" style=\"--smush-placeholder-width: 150px; --smush-placeholder-aspect-ratio: 150\/110;width: 150px;\" data-src=\"https:\/\/i0.wp.com\/www.jazzypunto.es\/jazzaragon\/wp-content\/uploads\/2022\/04\/Saxo-figura-e1649064887782.jpg?resize=150%2C110\" alt=\"\" src=\"data:image\/svg+xml;base64,PHN2ZyB3aWR0aD0iMSIgaGVpZ2h0PSIxIiB4bWxucz0iaHR0cDovL3d3dy53My5vcmcvMjAwMC9zdmciPjwvc3ZnPg==\"><\/a><\/td><td class=\"has-text-align-center\" data-align=\"center\"><a href=\"http:\/\/www.jazzypunto.es\/jazzaragon\/teclados\/\" target=\"_blank\" rel=\"noreferrer noopener\"><img data-recalc-dims=\"1\" decoding=\"async\" width=\"150\" height=\"137\" class=\"wp-image-17287 lazyload\" style=\"--smush-placeholder-width: 150px; --smush-placeholder-aspect-ratio: 150\/137;width: 150px;\" data-src=\"https:\/\/i0.wp.com\/www.jazzypunto.es\/jazzaragon\/wp-content\/uploads\/2022\/04\/Piano-figura.jpg?resize=150%2C137\" alt=\"\" data-srcset=\"https:\/\/i0.wp.com\/www.jazzypunto.es\/jazzaragon\/wp-content\/uploads\/2022\/04\/Piano-figura.jpg?w=731&amp;ssl=1 731w, https:\/\/i0.wp.com\/www.jazzypunto.es\/jazzaragon\/wp-content\/uploads\/2022\/04\/Piano-figura.jpg?resize=300%2C274&amp;ssl=1 300w\" data-sizes=\"(max-width: 150px) 100vw, 150px\" src=\"data:image\/svg+xml;base64,PHN2ZyB3aWR0aD0iMSIgaGVpZ2h0PSIxIiB4bWxucz0iaHR0cDovL3d3dy53My5vcmcvMjAwMC9zdmciPjwvc3ZnPg==\" \/><\/a><\/td><\/tr><tr><td class=\"has-text-align-center\" data-align=\"center\"><em><strong><a rel=\"noreferrer noopener\" href=\"http:\/\/www.jazzypunto.es\/jazzaragon\/trombon\/\" target=\"_blank\">Tromb\u00f3n<\/a><\/strong><\/em><\/td><td class=\"has-text-align-center\" data-align=\"center\"><em><strong><a rel=\"noreferrer noopener\" href=\"http:\/\/www.jazzypunto.es\/jazzaragon\/trompeta\/\" target=\"_blank\">Trompeta<\/a><\/strong><\/em><\/td><td class=\"has-text-align-center\" data-align=\"center\"><em><strong><a rel=\"noreferrer noopener\" href=\"http:\/\/www.jazzypunto.es\/jazzaragon\/tuba\/\" target=\"_blank\">Tuba<\/a><\/strong><\/em><\/td><td class=\"has-text-align-center\" data-align=\"center\"><em><strong><a rel=\"noreferrer noopener\" href=\"http:\/\/www.jazzypunto.es\/jazzaragon\/violin\/\" target=\"_blank\">Viol\u00edn<\/a><\/strong><\/em><\/td><\/tr><tr><td class=\"has-text-align-center\" data-align=\"center\"><a href=\"http:\/\/www.jazzypunto.es\/jazzaragon\/trombon\/\" target=\"_blank\" rel=\"noreferrer noopener\"><img data-recalc-dims=\"1\" decoding=\"async\" width=\"150\" height=\"157\" class=\"wp-image-17289 lazyload\" style=\"--smush-placeholder-width: 150px; --smush-placeholder-aspect-ratio: 150\/157;width: 150px;\" data-src=\"https:\/\/i0.wp.com\/www.jazzypunto.es\/jazzaragon\/wp-content\/uploads\/2022\/04\/Trombon-Figura.jpg?resize=150%2C157\" alt=\"\" data-srcset=\"https:\/\/i0.wp.com\/www.jazzypunto.es\/jazzaragon\/wp-content\/uploads\/2022\/04\/Trombon-Figura.jpg?w=384&amp;ssl=1 384w, https:\/\/i0.wp.com\/www.jazzypunto.es\/jazzaragon\/wp-content\/uploads\/2022\/04\/Trombon-Figura.jpg?resize=286%2C300&amp;ssl=1 286w\" data-sizes=\"(max-width: 150px) 100vw, 150px\" src=\"data:image\/svg+xml;base64,PHN2ZyB3aWR0aD0iMSIgaGVpZ2h0PSIxIiB4bWxucz0iaHR0cDovL3d3dy53My5vcmcvMjAwMC9zdmciPjwvc3ZnPg==\" \/><\/a><\/td><td class=\"has-text-align-center\" data-align=\"center\"><a href=\"http:\/\/www.jazzypunto.es\/jazzaragon\/trompeta\/\" target=\"_blank\" rel=\"noreferrer noopener\"><img data-recalc-dims=\"1\" decoding=\"async\" width=\"150\" height=\"138\" class=\"wp-image-17290 lazyload\" style=\"--smush-placeholder-width: 150px; --smush-placeholder-aspect-ratio: 150\/138;width: 150px;\" data-src=\"https:\/\/i0.wp.com\/www.jazzypunto.es\/jazzaragon\/wp-content\/uploads\/2022\/04\/Trompeta-Figura.jpg?resize=150%2C138\" alt=\"\" src=\"data:image\/svg+xml;base64,PHN2ZyB3aWR0aD0iMSIgaGVpZ2h0PSIxIiB4bWxucz0iaHR0cDovL3d3dy53My5vcmcvMjAwMC9zdmciPjwvc3ZnPg==\"><\/a><\/td><td class=\"has-text-align-center\" data-align=\"center\"><a href=\"http:\/\/www.jazzypunto.es\/jazzaragon\/tuba\/\" target=\"_blank\" rel=\"noreferrer noopener\"><img data-recalc-dims=\"1\" decoding=\"async\" width=\"150\" height=\"183\" class=\"wp-image-17291 lazyload\" style=\"--smush-placeholder-width: 150px; --smush-placeholder-aspect-ratio: 150\/183;width: 150px;\" data-src=\"https:\/\/i0.wp.com\/www.jazzypunto.es\/jazzaragon\/wp-content\/uploads\/2022\/04\/Tuba-Figura.jpg?resize=150%2C183\" alt=\"\" data-srcset=\"https:\/\/i0.wp.com\/www.jazzypunto.es\/jazzaragon\/wp-content\/uploads\/2022\/04\/Tuba-Figura.jpg?w=397&amp;ssl=1 397w, https:\/\/i0.wp.com\/www.jazzypunto.es\/jazzaragon\/wp-content\/uploads\/2022\/04\/Tuba-Figura.jpg?resize=246%2C300&amp;ssl=1 246w\" data-sizes=\"(max-width: 150px) 100vw, 150px\" src=\"data:image\/svg+xml;base64,PHN2ZyB3aWR0aD0iMSIgaGVpZ2h0PSIxIiB4bWxucz0iaHR0cDovL3d3dy53My5vcmcvMjAwMC9zdmciPjwvc3ZnPg==\" \/><\/a><\/td><td class=\"has-text-align-center\" data-align=\"center\"><a href=\"http:\/\/www.jazzypunto.es\/jazzaragon\/violin\/\" target=\"_blank\" rel=\"noreferrer noopener\"><img data-recalc-dims=\"1\" decoding=\"async\" width=\"150\" height=\"133\" class=\"wp-image-17292 lazyload\" style=\"--smush-placeholder-width: 150px; --smush-placeholder-aspect-ratio: 150\/133;width: 150px;\" data-src=\"https:\/\/i0.wp.com\/www.jazzypunto.es\/jazzaragon\/wp-content\/uploads\/2022\/04\/Violin-figura.jpg?resize=150%2C133\" alt=\"\" data-srcset=\"https:\/\/i0.wp.com\/www.jazzypunto.es\/jazzaragon\/wp-content\/uploads\/2022\/04\/Violin-figura.jpg?w=640&amp;ssl=1 640w, https:\/\/i0.wp.com\/www.jazzypunto.es\/jazzaragon\/wp-content\/uploads\/2022\/04\/Violin-figura.jpg?resize=300%2C266&amp;ssl=1 300w\" data-sizes=\"(max-width: 150px) 100vw, 150px\" src=\"data:image\/svg+xml;base64,PHN2ZyB3aWR0aD0iMSIgaGVpZ2h0PSIxIiB4bWxucz0iaHR0cDovL3d3dy53My5vcmcvMjAwMC9zdmciPjwvc3ZnPg==\" \/><\/a><\/td><\/tr><tr><td class=\"has-text-align-center\" data-align=\"center\"><em><strong><a href=\"http:\/\/www.jazzypunto.es\/jazzaragon\/vocalistas\/\" target=\"_blank\" rel=\"noreferrer noopener\">Vocalista<\/a><\/strong><\/em><\/td><td class=\"has-text-align-center\" data-align=\"center\"><\/td><td class=\"has-text-align-center\" data-align=\"center\"><\/td><td class=\"has-text-align-center\" data-align=\"center\"><\/td><\/tr><tr><td class=\"has-text-align-center\" data-align=\"center\"><a href=\"http:\/\/www.jazzypunto.es\/jazzaragon\/vocalistas\/\" target=\"_blank\" rel=\"noreferrer noopener\"><img data-recalc-dims=\"1\" decoding=\"async\" data-src=\"https:\/\/i0.wp.com\/www.jazzypunto.es\/jazzaragon\/wp-content\/uploads\/2022\/04\/Vocalista-e1648923086888.jpg?w=474\" alt=\"\" src=\"data:image\/svg+xml;base64,PHN2ZyB3aWR0aD0iMSIgaGVpZ2h0PSIxIiB4bWxucz0iaHR0cDovL3d3dy53My5vcmcvMjAwMC9zdmciPjwvc3ZnPg==\" class=\"lazyload\"><\/a><\/td><td class=\"has-text-align-center\" data-align=\"center\"><\/td><td class=\"has-text-align-center\" data-align=\"center\"><\/td><td class=\"has-text-align-center\" data-align=\"center\"><\/td><\/tr><\/tbody><\/table><\/figure>\n\n\n\n<h3 class=\"wp-block-heading\">&nbsp;<\/h3>\n\n\n\n<p><\/p>\n","protected":false},"excerpt":{"rendered":"<p>Acorde\u00f3n Bajo Bater\u00eda Clarinete Grupos Guitarra Saxof\u00f3n Teclados Tromb\u00f3n Trompeta Tuba Viol\u00edn Vocalista &nbsp;<\/p>\n","protected":false},"author":1,"featured_media":0,"parent":0,"menu_order":4,"comment_status":"closed","ping_status":"closed","template":"page-templates\/full-width.php","meta":{"footnotes":""},"class_list":["post-240","page","type-page","status-publish","hentry"],"yoast_head":"<!-- This site is optimized with the Yoast SEO plugin v27.5 - https:\/\/yoast.com\/product\/yoast-seo-wordpress\/ -->\n<title>M\u00fasicos de Arag\u00f3n &#8212; Jazz Arag\u00f3n<\/title>\n<meta name=\"robots\" content=\"index, follow, max-snippet:-1, max-image-preview:large, max-video-preview:-1\" \/>\n<link rel=\"canonical\" href=\"https:\/\/www.jazzypunto.es\/jazzaragon\/musicos\/\" \/>\n<meta property=\"og:locale\" content=\"es_ES\" \/>\n<meta property=\"og:type\" content=\"article\" \/>\n<meta property=\"og:title\" content=\"M\u00fasicos de Arag\u00f3n &#8212; Jazz Arag\u00f3n\" \/>\n<meta property=\"og:description\" content=\"Acorde\u00f3n Bajo Bater\u00eda Clarinete Grupos Guitarra Saxof\u00f3n Teclados Tromb\u00f3n Trompeta Tuba Viol\u00edn Vocalista &nbsp;\" \/>\n<meta property=\"og:url\" content=\"https:\/\/www.jazzypunto.es\/jazzaragon\/musicos\/\" \/>\n<meta property=\"og:site_name\" content=\"Jazz Arag\u00f3n\" \/>\n<meta property=\"article:publisher\" content=\"https:\/\/www.facebook.com\/Danijazz\/\" \/>\n<meta property=\"article:modified_time\" content=\"2025-10-06T12:42:58+00:00\" \/>\n<meta property=\"og:image\" content=\"http:\/\/www.jazzypunto.es\/jazzaragon\/wp-content\/uploads\/2022\/04\/Acordeon-Figura.jpg\" \/>\n<meta name=\"twitter:card\" content=\"summary_large_image\" \/>\n<meta name=\"twitter:site\" content=\"@_jazzaragon\" \/>\n<meta name=\"twitter:label1\" content=\"Tiempo de lectura\" \/>\n\t<meta name=\"twitter:data1\" content=\"3 minutos\" \/>\n<script type=\"application\/ld+json\" class=\"yoast-schema-graph\">{\"@context\":\"https:\\\/\\\/schema.org\",\"@graph\":[{\"@type\":\"WebPage\",\"@id\":\"https:\\\/\\\/www.jazzypunto.es\\\/jazzaragon\\\/musicos\\\/\",\"url\":\"https:\\\/\\\/www.jazzypunto.es\\\/jazzaragon\\\/musicos\\\/\",\"name\":\"M\u00fasicos de Arag\u00f3n &#8212; Jazz Arag\u00f3n\",\"isPartOf\":{\"@id\":\"https:\\\/\\\/www.jazzypunto.es\\\/jazzaragon\\\/#website\"},\"primaryImageOfPage\":{\"@id\":\"https:\\\/\\\/www.jazzypunto.es\\\/jazzaragon\\\/musicos\\\/#primaryimage\"},\"image\":{\"@id\":\"https:\\\/\\\/www.jazzypunto.es\\\/jazzaragon\\\/musicos\\\/#primaryimage\"},\"thumbnailUrl\":\"http:\\\/\\\/www.jazzypunto.es\\\/jazzaragon\\\/wp-content\\\/uploads\\\/2022\\\/04\\\/Acordeon-Figura.jpg\",\"datePublished\":\"2015-02-10T22:30:38+00:00\",\"dateModified\":\"2025-10-06T12:42:58+00:00\",\"breadcrumb\":{\"@id\":\"https:\\\/\\\/www.jazzypunto.es\\\/jazzaragon\\\/musicos\\\/#breadcrumb\"},\"inLanguage\":\"es\",\"potentialAction\":[{\"@type\":\"ReadAction\",\"target\":[\"https:\\\/\\\/www.jazzypunto.es\\\/jazzaragon\\\/musicos\\\/\"]}]},{\"@type\":\"ImageObject\",\"inLanguage\":\"es\",\"@id\":\"https:\\\/\\\/www.jazzypunto.es\\\/jazzaragon\\\/musicos\\\/#primaryimage\",\"url\":\"https:\\\/\\\/i0.wp.com\\\/www.jazzypunto.es\\\/jazzaragon\\\/wp-content\\\/uploads\\\/2022\\\/04\\\/Acordeon-Figura.jpg?fit=371%2C445&ssl=1\",\"contentUrl\":\"https:\\\/\\\/i0.wp.com\\\/www.jazzypunto.es\\\/jazzaragon\\\/wp-content\\\/uploads\\\/2022\\\/04\\\/Acordeon-Figura.jpg?fit=371%2C445&ssl=1\",\"width\":371,\"height\":445},{\"@type\":\"BreadcrumbList\",\"@id\":\"https:\\\/\\\/www.jazzypunto.es\\\/jazzaragon\\\/musicos\\\/#breadcrumb\",\"itemListElement\":[{\"@type\":\"ListItem\",\"position\":1,\"name\":\"Portada\",\"item\":\"https:\\\/\\\/www.jazzypunto.es\\\/jazzaragon\\\/\"},{\"@type\":\"ListItem\",\"position\":2,\"name\":\"M\u00fasicos de Arag\u00f3n\"}]},{\"@type\":\"WebSite\",\"@id\":\"https:\\\/\\\/www.jazzypunto.es\\\/jazzaragon\\\/#website\",\"url\":\"https:\\\/\\\/www.jazzypunto.es\\\/jazzaragon\\\/\",\"name\":\"Jazz Arag\u00f3n\",\"description\":\"Historia y Actualidad\",\"publisher\":{\"@id\":\"https:\\\/\\\/www.jazzypunto.es\\\/jazzaragon\\\/#\\\/schema\\\/person\\\/c0d650c3b28b68befb325c5cddc3b0fe\"},\"potentialAction\":[{\"@type\":\"SearchAction\",\"target\":{\"@type\":\"EntryPoint\",\"urlTemplate\":\"https:\\\/\\\/www.jazzypunto.es\\\/jazzaragon\\\/?s={search_term_string}\"},\"query-input\":{\"@type\":\"PropertyValueSpecification\",\"valueRequired\":true,\"valueName\":\"search_term_string\"}}],\"inLanguage\":\"es\"},{\"@type\":[\"Person\",\"Organization\"],\"@id\":\"https:\\\/\\\/www.jazzypunto.es\\\/jazzaragon\\\/#\\\/schema\\\/person\\\/c0d650c3b28b68befb325c5cddc3b0fe\",\"name\":\"Danijazz\",\"image\":{\"@type\":\"ImageObject\",\"inLanguage\":\"es\",\"@id\":\"https:\\\/\\\/i0.wp.com\\\/www.jazzypunto.es\\\/jazzaragon\\\/wp-content\\\/uploads\\\/2022\\\/11\\\/Benja_Daniel-e1667983357479.jpg?fit=1000%2C975&ssl=1\",\"url\":\"https:\\\/\\\/i0.wp.com\\\/www.jazzypunto.es\\\/jazzaragon\\\/wp-content\\\/uploads\\\/2022\\\/11\\\/Benja_Daniel-e1667983357479.jpg?fit=1000%2C975&ssl=1\",\"contentUrl\":\"https:\\\/\\\/i0.wp.com\\\/www.jazzypunto.es\\\/jazzaragon\\\/wp-content\\\/uploads\\\/2022\\\/11\\\/Benja_Daniel-e1667983357479.jpg?fit=1000%2C975&ssl=1\",\"width\":1000,\"height\":975,\"caption\":\"Danijazz\"},\"logo\":{\"@id\":\"https:\\\/\\\/i0.wp.com\\\/www.jazzypunto.es\\\/jazzaragon\\\/wp-content\\\/uploads\\\/2022\\\/11\\\/Benja_Daniel-e1667983357479.jpg?fit=1000%2C975&ssl=1\"},\"sameAs\":[\"https:\\\/\\\/www.facebook.com\\\/Danijazz\\\/\"]}]}<\/script>\n<!-- \/ Yoast SEO plugin. -->","yoast_head_json":{"title":"M\u00fasicos de Arag\u00f3n &#8212; Jazz Arag\u00f3n","robots":{"index":"index","follow":"follow","max-snippet":"max-snippet:-1","max-image-preview":"max-image-preview:large","max-video-preview":"max-video-preview:-1"},"canonical":"https:\/\/www.jazzypunto.es\/jazzaragon\/musicos\/","og_locale":"es_ES","og_type":"article","og_title":"M\u00fasicos de Arag\u00f3n &#8212; Jazz Arag\u00f3n","og_description":"Acorde\u00f3n Bajo Bater\u00eda Clarinete Grupos Guitarra Saxof\u00f3n Teclados Tromb\u00f3n Trompeta Tuba Viol\u00edn Vocalista &nbsp;","og_url":"https:\/\/www.jazzypunto.es\/jazzaragon\/musicos\/","og_site_name":"Jazz Arag\u00f3n","article_publisher":"https:\/\/www.facebook.com\/Danijazz\/","article_modified_time":"2025-10-06T12:42:58+00:00","og_image":[{"url":"http:\/\/www.jazzypunto.es\/jazzaragon\/wp-content\/uploads\/2022\/04\/Acordeon-Figura.jpg","type":"","width":"","height":""}],"twitter_card":"summary_large_image","twitter_site":"@_jazzaragon","twitter_misc":{"Tiempo de lectura":"3 minutos"},"schema":{"@context":"https:\/\/schema.org","@graph":[{"@type":"WebPage","@id":"https:\/\/www.jazzypunto.es\/jazzaragon\/musicos\/","url":"https:\/\/www.jazzypunto.es\/jazzaragon\/musicos\/","name":"M\u00fasicos de Arag\u00f3n &#8212; Jazz Arag\u00f3n","isPartOf":{"@id":"https:\/\/www.jazzypunto.es\/jazzaragon\/#website"},"primaryImageOfPage":{"@id":"https:\/\/www.jazzypunto.es\/jazzaragon\/musicos\/#primaryimage"},"image":{"@id":"https:\/\/www.jazzypunto.es\/jazzaragon\/musicos\/#primaryimage"},"thumbnailUrl":"http:\/\/www.jazzypunto.es\/jazzaragon\/wp-content\/uploads\/2022\/04\/Acordeon-Figura.jpg","datePublished":"2015-02-10T22:30:38+00:00","dateModified":"2025-10-06T12:42:58+00:00","breadcrumb":{"@id":"https:\/\/www.jazzypunto.es\/jazzaragon\/musicos\/#breadcrumb"},"inLanguage":"es","potentialAction":[{"@type":"ReadAction","target":["https:\/\/www.jazzypunto.es\/jazzaragon\/musicos\/"]}]},{"@type":"ImageObject","inLanguage":"es","@id":"https:\/\/www.jazzypunto.es\/jazzaragon\/musicos\/#primaryimage","url":"https:\/\/i0.wp.com\/www.jazzypunto.es\/jazzaragon\/wp-content\/uploads\/2022\/04\/Acordeon-Figura.jpg?fit=371%2C445&ssl=1","contentUrl":"https:\/\/i0.wp.com\/www.jazzypunto.es\/jazzaragon\/wp-content\/uploads\/2022\/04\/Acordeon-Figura.jpg?fit=371%2C445&ssl=1","width":371,"height":445},{"@type":"BreadcrumbList","@id":"https:\/\/www.jazzypunto.es\/jazzaragon\/musicos\/#breadcrumb","itemListElement":[{"@type":"ListItem","position":1,"name":"Portada","item":"https:\/\/www.jazzypunto.es\/jazzaragon\/"},{"@type":"ListItem","position":2,"name":"M\u00fasicos de Arag\u00f3n"}]},{"@type":"WebSite","@id":"https:\/\/www.jazzypunto.es\/jazzaragon\/#website","url":"https:\/\/www.jazzypunto.es\/jazzaragon\/","name":"Jazz Arag\u00f3n","description":"Historia y Actualidad","publisher":{"@id":"https:\/\/www.jazzypunto.es\/jazzaragon\/#\/schema\/person\/c0d650c3b28b68befb325c5cddc3b0fe"},"potentialAction":[{"@type":"SearchAction","target":{"@type":"EntryPoint","urlTemplate":"https:\/\/www.jazzypunto.es\/jazzaragon\/?s={search_term_string}"},"query-input":{"@type":"PropertyValueSpecification","valueRequired":true,"valueName":"search_term_string"}}],"inLanguage":"es"},{"@type":["Person","Organization"],"@id":"https:\/\/www.jazzypunto.es\/jazzaragon\/#\/schema\/person\/c0d650c3b28b68befb325c5cddc3b0fe","name":"Danijazz","image":{"@type":"ImageObject","inLanguage":"es","@id":"https:\/\/i0.wp.com\/www.jazzypunto.es\/jazzaragon\/wp-content\/uploads\/2022\/11\/Benja_Daniel-e1667983357479.jpg?fit=1000%2C975&ssl=1","url":"https:\/\/i0.wp.com\/www.jazzypunto.es\/jazzaragon\/wp-content\/uploads\/2022\/11\/Benja_Daniel-e1667983357479.jpg?fit=1000%2C975&ssl=1","contentUrl":"https:\/\/i0.wp.com\/www.jazzypunto.es\/jazzaragon\/wp-content\/uploads\/2022\/11\/Benja_Daniel-e1667983357479.jpg?fit=1000%2C975&ssl=1","width":1000,"height":975,"caption":"Danijazz"},"logo":{"@id":"https:\/\/i0.wp.com\/www.jazzypunto.es\/jazzaragon\/wp-content\/uploads\/2022\/11\/Benja_Daniel-e1667983357479.jpg?fit=1000%2C975&ssl=1"},"sameAs":["https:\/\/www.facebook.com\/Danijazz\/"]}]}},"jetpack_sharing_enabled":true,"_links":{"self":[{"href":"https:\/\/www.jazzypunto.es\/jazzaragon\/wp-json\/wp\/v2\/pages\/240","targetHints":{"allow":["GET"]}}],"collection":[{"href":"https:\/\/www.jazzypunto.es\/jazzaragon\/wp-json\/wp\/v2\/pages"}],"about":[{"href":"https:\/\/www.jazzypunto.es\/jazzaragon\/wp-json\/wp\/v2\/types\/page"}],"author":[{"embeddable":true,"href":"https:\/\/www.jazzypunto.es\/jazzaragon\/wp-json\/wp\/v2\/users\/1"}],"replies":[{"embeddable":true,"href":"https:\/\/www.jazzypunto.es\/jazzaragon\/wp-json\/wp\/v2\/comments?post=240"}],"version-history":[{"count":91,"href":"https:\/\/www.jazzypunto.es\/jazzaragon\/wp-json\/wp\/v2\/pages\/240\/revisions"}],"predecessor-version":[{"id":22867,"href":"https:\/\/www.jazzypunto.es\/jazzaragon\/wp-json\/wp\/v2\/pages\/240\/revisions\/22867"}],"wp:attachment":[{"href":"https:\/\/www.jazzypunto.es\/jazzaragon\/wp-json\/wp\/v2\/media?parent=240"}],"curies":[{"name":"wp","href":"https:\/\/api.w.org\/{rel}","templated":true}]}}