{"id":26030,"date":"2025-09-03T20:17:16","date_gmt":"2025-09-03T18:17:16","guid":{"rendered":"https:\/\/www.jazzypunto.es\/jazzaragon\/?page_id=26030"},"modified":"2025-10-27T10:41:49","modified_gmt":"2025-10-27T09:41:49","slug":"2025-casetas-jazz","status":"publish","type":"page","link":"https:\/\/www.jazzypunto.es\/jazzaragon\/2025-casetas-jazz\/","title":{"rendered":"2025 Casetas Jazz"},"content":{"rendered":"<div class=\"wp-block-image\">\n<figure class=\"aligncenter size-large is-resized\"><img data-recalc-dims=\"1\" decoding=\"async\" width=\"474\" height=\"670\" data-src=\"https:\/\/i0.wp.com\/www.jazzypunto.es\/jazzaragon\/wp-content\/uploads\/2025\/09\/Cartel-2025-724x1024.jpg?resize=474%2C670&#038;ssl=1\" alt=\"\" class=\"wp-image-26199 lazyload\" style=\"--smush-placeholder-width: 474px; --smush-placeholder-aspect-ratio: 474\/670;width:345px;height:auto\" src=\"data:image\/svg+xml;base64,PHN2ZyB3aWR0aD0iMSIgaGVpZ2h0PSIxIiB4bWxucz0iaHR0cDovL3d3dy53My5vcmcvMjAwMC9zdmciPjwvc3ZnPg==\" \/><\/figure>\n<\/div>\n\n\n<h3 class=\"wp-block-heading has-text-align-center\"><em><strong>Del 17 al 19 de Octubre y<br>22 de Noviembre<\/strong><\/em><\/h3>\n\n\n\n<p class=\"has-text-align-center\">Centro C\u00edvico Casetas<\/p>\n\n\n\n<h4 class=\"wp-block-heading has-text-align-center\"><strong><em>Viernes 17<\/em><\/strong><\/h4>\n\n\n\n<p class=\"has-text-align-center\"><em>10:00 horas<\/em><\/p>\n\n\n\n<p><em>&#8211; Audici\u00f3n did\u00e1ctica en el Centro C\u00edvico, organizado por la Asociaci\u00f3n Casetas Jazz Cultural para centros de estudios del barrio.<\/em><\/p>\n\n\n<p style=\"text-align: center;\"><em>19:00 horas<\/em><br \/>Espacio JazzBar<\/p>\n<p><strong><em>&#8211; Armando Mi\u00f1ana Quartet<\/em><\/strong><\/p>\n<p style=\"padding-left: 40px;\"><em>Xavier Maldonado<\/em><em>:\u00a0<\/em><em>saxo<\/em><br \/><em>Sergi Zaragoza<\/em><em>:<\/em><em>\u00a0<\/em><em>piano<\/em><br \/><em>Mart\u00edn Gros: bajo<\/em><br \/><em>Pau Serra<\/em><em>:\u00a0<\/em><em>bater\u00eda<\/em><\/p>\n<p style=\"text-align: center;\"><em>20:30 horas<\/em><br \/>Centro C\u00edvico<\/p>\n\n\n<p><strong><em>\u2013NewJazz Zaragoza Stars<\/em><\/strong><\/p>\n\n\n\n<p><em>Talento Emergente Aragon\u00e9s<\/em><\/p>\n\n\n\n<figure class=\"wp-block-table is-style-stripes\"><table class=\"has-fixed-layout\"><tbody><tr><td><strong><em>Daniel Miguel: <\/em><\/strong><em>saxo<\/em><br><strong><em><br>Candela Mar\u00edn: <\/em><\/strong><em>voz<\/em><br><strong><em><br>Yuri Yaremko: <\/em><\/strong><em>guitarra<\/em><br><strong><em><br>Mart\u00edn Gros: <\/em><\/strong><em>contrabajo<\/em><br><strong><em><br>Samuel Blasco: <\/em><\/strong><em>bater\u00eda<\/em><\/td><td class=\"has-text-align-center\" data-align=\"center\"><img data-recalc-dims=\"1\" decoding=\"async\" width=\"150\" height=\"212\" class=\"wp-image-26035 lazyload\" style=\"--smush-placeholder-width: 150px; --smush-placeholder-aspect-ratio: 150\/212;width: 150px;\" data-src=\"https:\/\/i0.wp.com\/www.jazzypunto.es\/jazzaragon\/wp-content\/uploads\/2025\/09\/2025-10-17-Zgz-New-Jazz-Collective-e1756924565874.jpg?resize=150%2C212\" alt=\"\" src=\"data:image\/svg+xml;base64,PHN2ZyB3aWR0aD0iMSIgaGVpZ2h0PSIxIiB4bWxucz0iaHR0cDovL3d3dy53My5vcmcvMjAwMC9zdmciPjwvc3ZnPg==\"><\/td><\/tr><\/tbody><\/table><\/figure>\n\n\n<p style=\"text-align: center;\"><em>22:00 horas<\/em><br \/>Espacio JazzBar<br \/><em>Jam Session<\/em><\/p>\n<p><em>&#8211; <strong>Carmen Sainza tr\u00edo <\/strong>(Conducci\u00f3n) (En caso de mal tiempo se celebrar\u00e1 en el Bar Chimbo)<\/em><\/p>\n\n\n<h4 class=\"wp-block-heading has-text-align-center\"><strong><em>&nbsp;<\/em><\/strong><strong style=\"color: revert; font-size: 18px; text-align: center;\"><em>S\u00e1bado 18&nbsp;<\/em><\/strong><\/h4>\n\n\n\n<p class=\"has-text-align-center\"><em>12:00 horas<\/em><\/p>\n\n\n\n<p>&#8211; <em><strong>La Dixie Rue del Percebe<\/strong> se sube al tren (dos pases)<\/em><\/p>\n\n\n\n<p>           <em>Fernando Lleida: saxo soprano<\/em><br>           <em>Chavi Naval: saxo tenor<\/em><br>           <em>Fran L\u00f3pez: tromb\u00f3n<\/em><br>           <em>Roberto G\u00f3mez: trompeta<\/em><br>           <em>Carlos Qu\u00edlez: guitarra<\/em><br>          <em>Joaqu\u00edn Llaqu\u00e9: tuba<\/em><br>          <em>Javier Moreno: bater\u00eda<\/em><\/p>\n\n\n\n<p class=\"has-text-align-center\"><em>13:30 horas<\/em><br>Espacio JazzBar<\/p>\n\n\n\n<p><em><strong>&#8211; Miguel Viejo tr\u00edo<\/strong><\/em><\/p>\n\n\n<p style=\"padding-left: 40px;\"><em>Miguel Viejo: guitarra<\/em><br \/><em>Javier Call\u00e9n: bajo<\/em><br \/><em>Joan Terol: bater\u00eda<\/em><\/p>\n\n\n<p class=\"has-text-align-center\"><em>17:00 horas<\/em><\/p>\n\n\n\n<p><em><strong>&#8211; El tren del Jazz<\/strong> (M\u00fasica en el tren)<\/em><\/p>\n\n\n<p style=\"text-align: center;\"><em>18:00 horas<\/em><br \/>Espacio JazzBar<\/p>\n<p><strong><em>&#8211; Alex Com\u00edn tr\u00edo<\/em><\/strong><\/p>\n<p style=\"text-align: center;\"><em>19:00 horas<\/em><br \/>Centro C\u00edvico<\/p>\n\n\n<div class=\"wp-block-group is-vertical is-layout-flex wp-container-core-group-is-layout-8cf370e7 wp-block-group-is-layout-flex\">\n<p><strong><em>\u2013 Transatlantic Tr\u00edo <\/em><\/strong><\/p>\n\n\n\n<p><em>Una Cumbre Internacional de la Guitarra<\/em><\/p>\n<\/div>\n\n\n\n<figure class=\"wp-block-table is-style-stripes\"><table class=\"has-fixed-layout\"><tbody><tr><td><em><strong><em><strong><em>Joscho Stephan<\/em><\/strong><\/em><\/strong><\/em>: <em>Gypsy Jazz<\/em><br><br><em><strong>Richard Smith<\/strong>: Fingerstyle<\/em><br><br><em><strong>Peter Autschbach<\/strong>: Compositor y arreglos<\/em><\/td><td class=\"has-text-align-center\" data-align=\"center\"><img data-recalc-dims=\"1\" decoding=\"async\" width=\"150\" height=\"212\" class=\"wp-image-26036 lazyload\" style=\"--smush-placeholder-width: 150px; --smush-placeholder-aspect-ratio: 150\/212;width: 150px;\" data-src=\"https:\/\/i0.wp.com\/www.jazzypunto.es\/jazzaragon\/wp-content\/uploads\/2025\/09\/2025-10-18-Trasatlantic-Guitar-trio-e1756925206114.jpg?resize=150%2C212\" alt=\"\" src=\"data:image\/svg+xml;base64,PHN2ZyB3aWR0aD0iMSIgaGVpZ2h0PSIxIiB4bWxucz0iaHR0cDovL3d3dy53My5vcmcvMjAwMC9zdmciPjwvc3ZnPg==\"><\/td><\/tr><\/tbody><\/table><\/figure>\n\n\n<p style=\"text-align: center;\"><em>23:00 horas<\/em><br \/>Espacio JazzBar<br \/><em>Jam Session<\/em><\/p>\n<p><em>&#8211; <strong>Tr\u00edo de Moda <\/strong>(Conducci\u00f3n) (En caso de mal tiempo se celebrar\u00e1 en el Bar Chimbo)<\/em><\/p>\n\n\n<h4 class=\"wp-block-heading has-text-align-center\"><strong><em>Domingo 19<\/em><\/strong><\/h4>\n\n\n<p style=\"text-align: center;\"><em>12:00 horas<\/em><br \/>Espacio JazzBar<\/p>\n<p><em><strong>&#8211; El se\u00f1or del saxof\u00f3n<\/strong><\/em><\/p>\n<p style=\"text-align: center;\"><em>13:00 horas<\/em><br \/>Bar El Pozal<\/p>\n<p><em><strong>&#8211; C\u00e9sar Cantero<\/strong> (Jazz Guitar Smooth)<\/em><\/p>\n<p style=\"text-align: center;\"><em>19:00 horas<\/em><br \/>Centro C\u00edvico<\/p>\n\n\n<p class=\"has-text-align-left\"><strong><em>\u2013 <strong><em>Huesca<\/em><\/strong><\/em><\/strong> <strong><em>Big Band <\/em><\/strong><\/p>\n\n\n\n<p><em><em>El Poder del Swing Aragon\u00e9s<\/em><\/em><\/p>\n\n\n\n<figure class=\"wp-block-table is-style-stripes\"><table class=\"has-fixed-layout\"><tbody><tr><td><em>Dirige:<\/em><br><br><em><strong><em><strong><em>Gerardo L\u00f3pez Pontaque<\/em><\/strong><\/em><\/strong><\/em> <\/td><td class=\"has-text-align-center\" data-align=\"center\"><img data-recalc-dims=\"1\" decoding=\"async\" width=\"150\" height=\"212\" class=\"wp-image-26042 lazyload\" style=\"--smush-placeholder-width: 150px; --smush-placeholder-aspect-ratio: 150\/212;width: 150px;\" data-src=\"https:\/\/i0.wp.com\/www.jazzypunto.es\/jazzaragon\/wp-content\/uploads\/2025\/09\/2025-10-19-Huesca-Big-Band.jpg?resize=150%2C212\" alt=\"\" data-srcset=\"https:\/\/i0.wp.com\/www.jazzypunto.es\/jazzaragon\/wp-content\/uploads\/2025\/09\/2025-10-19-Huesca-Big-Band.jpg?w=1448&amp;ssl=1 1448w, https:\/\/i0.wp.com\/www.jazzypunto.es\/jazzaragon\/wp-content\/uploads\/2025\/09\/2025-10-19-Huesca-Big-Band.jpg?resize=212%2C300&amp;ssl=1 212w, https:\/\/i0.wp.com\/www.jazzypunto.es\/jazzaragon\/wp-content\/uploads\/2025\/09\/2025-10-19-Huesca-Big-Band.jpg?resize=724%2C1024&amp;ssl=1 724w, https:\/\/i0.wp.com\/www.jazzypunto.es\/jazzaragon\/wp-content\/uploads\/2025\/09\/2025-10-19-Huesca-Big-Band.jpg?resize=768%2C1086&amp;ssl=1 768w, https:\/\/i0.wp.com\/www.jazzypunto.es\/jazzaragon\/wp-content\/uploads\/2025\/09\/2025-10-19-Huesca-Big-Band.jpg?resize=1086%2C1536&amp;ssl=1 1086w, https:\/\/i0.wp.com\/www.jazzypunto.es\/jazzaragon\/wp-content\/uploads\/2025\/09\/2025-10-19-Huesca-Big-Band.jpg?w=948 948w\" data-sizes=\"(max-width: 150px) 100vw, 150px\" src=\"data:image\/svg+xml;base64,PHN2ZyB3aWR0aD0iMSIgaGVpZ2h0PSIxIiB4bWxucz0iaHR0cDovL3d3dy53My5vcmcvMjAwMC9zdmciPjwvc3ZnPg==\" \/><\/td><\/tr><\/tbody><\/table><\/figure>\n\n\n<p style=\"text-align: center;\"><em>20:30 horas<\/em><\/p>\n<p><strong><em>&#8211; Fin del Festival<\/em><\/strong><\/p>\n<p><strong><em>\u00a0\u00a0\u00a0\u00a0\u00a0\u00a0\u00a0\u00a0\u00a0\u00a0\u00a0 <\/em><\/strong><em>Peque\u00f1o homenaje a la banda de Casetas<strong>, Armon\u00eda Art\u00edstica<\/strong><\/em><\/p>\n\n\n<p class=\"has-text-align-center\" style=\"font-size:18px\"><strong><em>S\u00e1bado 22&nbsp;&nbsp;<\/em>Noviembre<\/strong><\/p>\n\n\n<p style=\"text-align: center;\"><em>20:00 horas<\/em><br \/>Centro C\u00edvico<\/p>\n\n\n<p class=\"has-text-align-left\" style=\"font-size:18px\"><strong><em>\u2013 Romain Pilon Tr\u00edo<\/em><\/strong><\/p>\n\n\n\n<p><em>Conversaciones Musicales de Vanguardia<\/em><\/p>\n\n\n\n<figure class=\"wp-block-table is-style-stripes\"><table class=\"has-fixed-layout\"><tbody><tr><td><em><strong><em><strong><em>Romain Pilon:<\/em><\/strong><\/em><\/strong><em><em> guitarra<\/em><\/em><\/em><br><br><em><strong>Jeff Denson: <\/strong>contrabajo<\/em><br><br><em><strong>Fred Pasqua:<\/strong> bater\u00eda<\/em><\/td><td class=\"has-text-align-center\" data-align=\"center\"><img data-recalc-dims=\"1\" decoding=\"async\" width=\"150\" height=\"212\" class=\"wp-image-26041 lazyload\" style=\"--smush-placeholder-width: 150px; --smush-placeholder-aspect-ratio: 150\/212;width: 150px;\" data-src=\"https:\/\/i0.wp.com\/www.jazzypunto.es\/jazzaragon\/wp-content\/uploads\/2025\/09\/2025-11-22-Romain-Pilon-trio-e1756925695376.jpg?resize=150%2C212\" alt=\"\" src=\"data:image\/svg+xml;base64,PHN2ZyB3aWR0aD0iMSIgaGVpZ2h0PSIxIiB4bWxucz0iaHR0cDovL3d3dy53My5vcmcvMjAwMC9zdmciPjwvc3ZnPg==\"><\/td><\/tr><\/tbody><\/table><\/figure>\n\n\n<p><em><strong>Precios:<\/strong><\/em><\/p>\n<p style=\"padding-left: 40px;\"><em>17 de octubre. 10,95 \u20ac<\/em><br \/><em>18 de octubre. 21 \u20ac<\/em><br \/><em>19 de octubre. 10,95 \u20ac<\/em><br \/><em>22 de noviembre. 10,95 \u20ac<\/em><br \/><em>26,50 \u20ac bono de los cuatro conciertos.<\/em><\/p>\n\n\n<p><strong>&nbsp;<em>Organiza:<\/em><\/strong><\/p>\n\n\n\n<p>             <em>Casetas Jazz Cultural<\/em><\/p>\n\n\n\n<p><strong><em>Patrocinan:<\/em><\/strong><\/p>\n\n\n\n<ul class=\"wp-block-list\">\n<li><em>Caja Rural de Arag\u00f3n<\/em>\n<ul class=\"wp-block-list\">\n<li><em>\u00c1mbar<\/em><\/li>\n\n\n\n<li><em>Alfa<\/em><\/li>\n\n\n\n<li><em>Agroveco<\/em><\/li>\n\n\n\n<li><em>Ayrtac<\/em><\/li>\n\n\n\n<li><em>M\u00f6bel Logistica<\/em><\/li>\n\n\n\n<li>Aracorte<\/li>\n\n\n\n<li><em>Hotel Villa de Zaragoza<\/em><\/li>\n\n\n\n<li><em>Reciclajes del Ebro<\/em><\/li>\n\n\n\n<li><em>Bar el Pozal<\/em><\/li>\n\n\n\n<li><em>Salma Correduria De Seguros<\/em><\/li>\n<\/ul>\n<\/li>\n<\/ul>\n\n\n\n<p><em>&nbsp;<\/em><\/p>\n\n\n\n<p><strong><em>INFORMACI\u00d3N PARA LA VENTA DE ABONOS Y ENTRADAS:<\/em><\/strong><\/p>\n\n\n\n<p><strong><em><a href=\"https:\/\/aragontickets.com\/es\" target=\"_blank\" rel=\"noreferrer noopener\">A trav\u00e9s de Aragontickets.com<\/a><\/em><\/strong><\/p>\n","protected":false},"excerpt":{"rendered":"<p>Del 17 al 19 de Octubre y22 de Noviembre Centro C\u00edvico Casetas Viernes 17 10:00 horas &#8211; Audici\u00f3n did\u00e1ctica en el Centro C\u00edvico, organizado por la Asociaci\u00f3n Casetas Jazz Cultural para centros de estudios del barrio. 19:00 horasEspacio JazzBar &#8211; Armando Mi\u00f1ana Quartet Xavier Maldonado:\u00a0saxoSergi Zaragoza:\u00a0pianoMart\u00edn Gros: bajoPau Serra:\u00a0bater\u00eda 20:30 horasCentro C\u00edvico \u2013NewJazz Zaragoza Stars &hellip; <a href=\"https:\/\/www.jazzypunto.es\/jazzaragon\/2025-casetas-jazz\/\" class=\"more-link\">Seguir leyendo <span class=\"screen-reader-text\">2025 Casetas Jazz<\/span> <span class=\"meta-nav\">&rarr;<\/span><\/a><\/p>\n","protected":false},"author":1,"featured_media":0,"parent":0,"menu_order":0,"comment_status":"closed","ping_status":"closed","template":"page-templates\/full-width.php","meta":{"footnotes":""},"class_list":["post-26030","page","type-page","status-publish","hentry"],"yoast_head":"<!-- This site is optimized with the Yoast SEO plugin v27.3 - https:\/\/yoast.com\/product\/yoast-seo-wordpress\/ -->\n<title>2025 Casetas Jazz &#8212; Jazz Arag\u00f3n<\/title>\n<meta name=\"robots\" content=\"index, follow, max-snippet:-1, max-image-preview:large, max-video-preview:-1\" \/>\n<link rel=\"canonical\" href=\"https:\/\/www.jazzypunto.es\/jazzaragon\/2025-casetas-jazz\/\" \/>\n<meta property=\"og:locale\" content=\"es_ES\" \/>\n<meta property=\"og:type\" content=\"article\" \/>\n<meta property=\"og:title\" content=\"2025 Casetas Jazz &#8212; Jazz Arag\u00f3n\" \/>\n<meta property=\"og:description\" content=\"Del 17 al 19 de Octubre y22 de Noviembre Centro C\u00edvico Casetas Viernes 17 10:00 horas &#8211; Audici\u00f3n did\u00e1ctica en el Centro C\u00edvico, organizado por la Asociaci\u00f3n Casetas Jazz Cultural para centros de estudios del barrio. 19:00 horasEspacio JazzBar &#8211; Armando Mi\u00f1ana Quartet Xavier Maldonado:\u00a0saxoSergi Zaragoza:\u00a0pianoMart\u00edn Gros: bajoPau Serra:\u00a0bater\u00eda 20:30 horasCentro C\u00edvico \u2013NewJazz Zaragoza Stars &hellip; Seguir leyendo 2025 Casetas Jazz &rarr;\" \/>\n<meta property=\"og:url\" content=\"https:\/\/www.jazzypunto.es\/jazzaragon\/2025-casetas-jazz\/\" \/>\n<meta property=\"og:site_name\" content=\"Jazz Arag\u00f3n\" \/>\n<meta property=\"article:publisher\" content=\"https:\/\/www.facebook.com\/Danijazz\/\" \/>\n<meta property=\"article:modified_time\" content=\"2025-10-27T09:41:49+00:00\" \/>\n<meta property=\"og:image\" content=\"https:\/\/www.jazzypunto.es\/jazzaragon\/wp-content\/uploads\/2025\/09\/Cartel-2025-724x1024.jpg\" \/>\n<meta name=\"twitter:card\" content=\"summary_large_image\" \/>\n<meta name=\"twitter:site\" content=\"@_jazzaragon\" \/>\n<meta name=\"twitter:label1\" content=\"Tiempo de lectura\" \/>\n\t<meta name=\"twitter:data1\" content=\"3 minutos\" \/>\n<script type=\"application\/ld+json\" class=\"yoast-schema-graph\">{\"@context\":\"https:\\\/\\\/schema.org\",\"@graph\":[{\"@type\":\"WebPage\",\"@id\":\"https:\\\/\\\/www.jazzypunto.es\\\/jazzaragon\\\/2025-casetas-jazz\\\/\",\"url\":\"https:\\\/\\\/www.jazzypunto.es\\\/jazzaragon\\\/2025-casetas-jazz\\\/\",\"name\":\"2025 Casetas Jazz &#8212; Jazz Arag\u00f3n\",\"isPartOf\":{\"@id\":\"https:\\\/\\\/www.jazzypunto.es\\\/jazzaragon\\\/#website\"},\"primaryImageOfPage\":{\"@id\":\"https:\\\/\\\/www.jazzypunto.es\\\/jazzaragon\\\/2025-casetas-jazz\\\/#primaryimage\"},\"image\":{\"@id\":\"https:\\\/\\\/www.jazzypunto.es\\\/jazzaragon\\\/2025-casetas-jazz\\\/#primaryimage\"},\"thumbnailUrl\":\"https:\\\/\\\/www.jazzypunto.es\\\/jazzaragon\\\/wp-content\\\/uploads\\\/2025\\\/09\\\/Cartel-2025-724x1024.jpg\",\"datePublished\":\"2025-09-03T18:17:16+00:00\",\"dateModified\":\"2025-10-27T09:41:49+00:00\",\"breadcrumb\":{\"@id\":\"https:\\\/\\\/www.jazzypunto.es\\\/jazzaragon\\\/2025-casetas-jazz\\\/#breadcrumb\"},\"inLanguage\":\"es\",\"potentialAction\":[{\"@type\":\"ReadAction\",\"target\":[\"https:\\\/\\\/www.jazzypunto.es\\\/jazzaragon\\\/2025-casetas-jazz\\\/\"]}]},{\"@type\":\"ImageObject\",\"inLanguage\":\"es\",\"@id\":\"https:\\\/\\\/www.jazzypunto.es\\\/jazzaragon\\\/2025-casetas-jazz\\\/#primaryimage\",\"url\":\"https:\\\/\\\/www.jazzypunto.es\\\/jazzaragon\\\/wp-content\\\/uploads\\\/2025\\\/09\\\/Cartel-2025-724x1024.jpg\",\"contentUrl\":\"https:\\\/\\\/www.jazzypunto.es\\\/jazzaragon\\\/wp-content\\\/uploads\\\/2025\\\/09\\\/Cartel-2025-724x1024.jpg\"},{\"@type\":\"BreadcrumbList\",\"@id\":\"https:\\\/\\\/www.jazzypunto.es\\\/jazzaragon\\\/2025-casetas-jazz\\\/#breadcrumb\",\"itemListElement\":[{\"@type\":\"ListItem\",\"position\":1,\"name\":\"Portada\",\"item\":\"https:\\\/\\\/www.jazzypunto.es\\\/jazzaragon\\\/\"},{\"@type\":\"ListItem\",\"position\":2,\"name\":\"2025 Casetas Jazz\"}]},{\"@type\":\"WebSite\",\"@id\":\"https:\\\/\\\/www.jazzypunto.es\\\/jazzaragon\\\/#website\",\"url\":\"https:\\\/\\\/www.jazzypunto.es\\\/jazzaragon\\\/\",\"name\":\"Jazz Arag\u00f3n\",\"description\":\"Historia y Actualidad\",\"publisher\":{\"@id\":\"https:\\\/\\\/www.jazzypunto.es\\\/jazzaragon\\\/#\\\/schema\\\/person\\\/c0d650c3b28b68befb325c5cddc3b0fe\"},\"potentialAction\":[{\"@type\":\"SearchAction\",\"target\":{\"@type\":\"EntryPoint\",\"urlTemplate\":\"https:\\\/\\\/www.jazzypunto.es\\\/jazzaragon\\\/?s={search_term_string}\"},\"query-input\":{\"@type\":\"PropertyValueSpecification\",\"valueRequired\":true,\"valueName\":\"search_term_string\"}}],\"inLanguage\":\"es\"},{\"@type\":[\"Person\",\"Organization\"],\"@id\":\"https:\\\/\\\/www.jazzypunto.es\\\/jazzaragon\\\/#\\\/schema\\\/person\\\/c0d650c3b28b68befb325c5cddc3b0fe\",\"name\":\"Danijazz\",\"image\":{\"@type\":\"ImageObject\",\"inLanguage\":\"es\",\"@id\":\"https:\\\/\\\/i0.wp.com\\\/www.jazzypunto.es\\\/jazzaragon\\\/wp-content\\\/uploads\\\/2022\\\/11\\\/Benja_Daniel-e1667983357479.jpg?fit=1000%2C975&ssl=1\",\"url\":\"https:\\\/\\\/i0.wp.com\\\/www.jazzypunto.es\\\/jazzaragon\\\/wp-content\\\/uploads\\\/2022\\\/11\\\/Benja_Daniel-e1667983357479.jpg?fit=1000%2C975&ssl=1\",\"contentUrl\":\"https:\\\/\\\/i0.wp.com\\\/www.jazzypunto.es\\\/jazzaragon\\\/wp-content\\\/uploads\\\/2022\\\/11\\\/Benja_Daniel-e1667983357479.jpg?fit=1000%2C975&ssl=1\",\"width\":1000,\"height\":975,\"caption\":\"Danijazz\"},\"logo\":{\"@id\":\"https:\\\/\\\/i0.wp.com\\\/www.jazzypunto.es\\\/jazzaragon\\\/wp-content\\\/uploads\\\/2022\\\/11\\\/Benja_Daniel-e1667983357479.jpg?fit=1000%2C975&ssl=1\"},\"sameAs\":[\"https:\\\/\\\/www.facebook.com\\\/Danijazz\\\/\"]}]}<\/script>\n<!-- \/ Yoast SEO plugin. -->","yoast_head_json":{"title":"2025 Casetas Jazz &#8212; Jazz Arag\u00f3n","robots":{"index":"index","follow":"follow","max-snippet":"max-snippet:-1","max-image-preview":"max-image-preview:large","max-video-preview":"max-video-preview:-1"},"canonical":"https:\/\/www.jazzypunto.es\/jazzaragon\/2025-casetas-jazz\/","og_locale":"es_ES","og_type":"article","og_title":"2025 Casetas Jazz &#8212; Jazz Arag\u00f3n","og_description":"Del 17 al 19 de Octubre y22 de Noviembre Centro C\u00edvico Casetas Viernes 17 10:00 horas &#8211; Audici\u00f3n did\u00e1ctica en el Centro C\u00edvico, organizado por la Asociaci\u00f3n Casetas Jazz Cultural para centros de estudios del barrio. 19:00 horasEspacio JazzBar &#8211; Armando Mi\u00f1ana Quartet Xavier Maldonado:\u00a0saxoSergi Zaragoza:\u00a0pianoMart\u00edn Gros: bajoPau Serra:\u00a0bater\u00eda 20:30 horasCentro C\u00edvico \u2013NewJazz Zaragoza Stars &hellip; Seguir leyendo 2025 Casetas Jazz &rarr;","og_url":"https:\/\/www.jazzypunto.es\/jazzaragon\/2025-casetas-jazz\/","og_site_name":"Jazz Arag\u00f3n","article_publisher":"https:\/\/www.facebook.com\/Danijazz\/","article_modified_time":"2025-10-27T09:41:49+00:00","og_image":[{"url":"https:\/\/www.jazzypunto.es\/jazzaragon\/wp-content\/uploads\/2025\/09\/Cartel-2025-724x1024.jpg","type":"","width":"","height":""}],"twitter_card":"summary_large_image","twitter_site":"@_jazzaragon","twitter_misc":{"Tiempo de lectura":"3 minutos"},"schema":{"@context":"https:\/\/schema.org","@graph":[{"@type":"WebPage","@id":"https:\/\/www.jazzypunto.es\/jazzaragon\/2025-casetas-jazz\/","url":"https:\/\/www.jazzypunto.es\/jazzaragon\/2025-casetas-jazz\/","name":"2025 Casetas Jazz &#8212; Jazz Arag\u00f3n","isPartOf":{"@id":"https:\/\/www.jazzypunto.es\/jazzaragon\/#website"},"primaryImageOfPage":{"@id":"https:\/\/www.jazzypunto.es\/jazzaragon\/2025-casetas-jazz\/#primaryimage"},"image":{"@id":"https:\/\/www.jazzypunto.es\/jazzaragon\/2025-casetas-jazz\/#primaryimage"},"thumbnailUrl":"https:\/\/www.jazzypunto.es\/jazzaragon\/wp-content\/uploads\/2025\/09\/Cartel-2025-724x1024.jpg","datePublished":"2025-09-03T18:17:16+00:00","dateModified":"2025-10-27T09:41:49+00:00","breadcrumb":{"@id":"https:\/\/www.jazzypunto.es\/jazzaragon\/2025-casetas-jazz\/#breadcrumb"},"inLanguage":"es","potentialAction":[{"@type":"ReadAction","target":["https:\/\/www.jazzypunto.es\/jazzaragon\/2025-casetas-jazz\/"]}]},{"@type":"ImageObject","inLanguage":"es","@id":"https:\/\/www.jazzypunto.es\/jazzaragon\/2025-casetas-jazz\/#primaryimage","url":"https:\/\/www.jazzypunto.es\/jazzaragon\/wp-content\/uploads\/2025\/09\/Cartel-2025-724x1024.jpg","contentUrl":"https:\/\/www.jazzypunto.es\/jazzaragon\/wp-content\/uploads\/2025\/09\/Cartel-2025-724x1024.jpg"},{"@type":"BreadcrumbList","@id":"https:\/\/www.jazzypunto.es\/jazzaragon\/2025-casetas-jazz\/#breadcrumb","itemListElement":[{"@type":"ListItem","position":1,"name":"Portada","item":"https:\/\/www.jazzypunto.es\/jazzaragon\/"},{"@type":"ListItem","position":2,"name":"2025 Casetas Jazz"}]},{"@type":"WebSite","@id":"https:\/\/www.jazzypunto.es\/jazzaragon\/#website","url":"https:\/\/www.jazzypunto.es\/jazzaragon\/","name":"Jazz Arag\u00f3n","description":"Historia y Actualidad","publisher":{"@id":"https:\/\/www.jazzypunto.es\/jazzaragon\/#\/schema\/person\/c0d650c3b28b68befb325c5cddc3b0fe"},"potentialAction":[{"@type":"SearchAction","target":{"@type":"EntryPoint","urlTemplate":"https:\/\/www.jazzypunto.es\/jazzaragon\/?s={search_term_string}"},"query-input":{"@type":"PropertyValueSpecification","valueRequired":true,"valueName":"search_term_string"}}],"inLanguage":"es"},{"@type":["Person","Organization"],"@id":"https:\/\/www.jazzypunto.es\/jazzaragon\/#\/schema\/person\/c0d650c3b28b68befb325c5cddc3b0fe","name":"Danijazz","image":{"@type":"ImageObject","inLanguage":"es","@id":"https:\/\/i0.wp.com\/www.jazzypunto.es\/jazzaragon\/wp-content\/uploads\/2022\/11\/Benja_Daniel-e1667983357479.jpg?fit=1000%2C975&ssl=1","url":"https:\/\/i0.wp.com\/www.jazzypunto.es\/jazzaragon\/wp-content\/uploads\/2022\/11\/Benja_Daniel-e1667983357479.jpg?fit=1000%2C975&ssl=1","contentUrl":"https:\/\/i0.wp.com\/www.jazzypunto.es\/jazzaragon\/wp-content\/uploads\/2022\/11\/Benja_Daniel-e1667983357479.jpg?fit=1000%2C975&ssl=1","width":1000,"height":975,"caption":"Danijazz"},"logo":{"@id":"https:\/\/i0.wp.com\/www.jazzypunto.es\/jazzaragon\/wp-content\/uploads\/2022\/11\/Benja_Daniel-e1667983357479.jpg?fit=1000%2C975&ssl=1"},"sameAs":["https:\/\/www.facebook.com\/Danijazz\/"]}]}},"jetpack_sharing_enabled":true,"_links":{"self":[{"href":"https:\/\/www.jazzypunto.es\/jazzaragon\/wp-json\/wp\/v2\/pages\/26030","targetHints":{"allow":["GET"]}}],"collection":[{"href":"https:\/\/www.jazzypunto.es\/jazzaragon\/wp-json\/wp\/v2\/pages"}],"about":[{"href":"https:\/\/www.jazzypunto.es\/jazzaragon\/wp-json\/wp\/v2\/types\/page"}],"author":[{"embeddable":true,"href":"https:\/\/www.jazzypunto.es\/jazzaragon\/wp-json\/wp\/v2\/users\/1"}],"replies":[{"embeddable":true,"href":"https:\/\/www.jazzypunto.es\/jazzaragon\/wp-json\/wp\/v2\/comments?post=26030"}],"version-history":[{"count":26,"href":"https:\/\/www.jazzypunto.es\/jazzaragon\/wp-json\/wp\/v2\/pages\/26030\/revisions"}],"predecessor-version":[{"id":26444,"href":"https:\/\/www.jazzypunto.es\/jazzaragon\/wp-json\/wp\/v2\/pages\/26030\/revisions\/26444"}],"wp:attachment":[{"href":"https:\/\/www.jazzypunto.es\/jazzaragon\/wp-json\/wp\/v2\/media?parent=26030"}],"curies":[{"name":"wp","href":"https:\/\/api.w.org\/{rel}","templated":true}]}}