{"id":3243,"date":"2015-05-15T22:03:12","date_gmt":"2015-05-15T20:03:12","guid":{"rendered":"http:\/\/www.jazzypunto.es\/jazzaragon\/?page_id=3243"},"modified":"2015-11-21T18:35:09","modified_gmt":"2015-11-21T17:35:09","slug":"roberto-bazan","status":"publish","type":"page","link":"https:\/\/www.jazzypunto.es\/jazzaragon\/musicos\/trombon\/roberto-bazan\/","title":{"rendered":"Roberto Baz\u00e1n"},"content":{"rendered":"<p><a href=\"https:\/\/i0.wp.com\/www.jazzypunto.es\/jazzaragon\/wp-content\/uploads\/2015\/05\/Roberto-Bazan.jpeg\" rel=\"lightbox-0\" data-rel=\"lightbox-image-0\" data-imagelightbox=\"0\" data-rl_title=\"\" data-rl_caption=\"\" title=\"\"><img data-recalc-dims=\"1\" decoding=\"async\" class=\"wp-image-3244 aligncenter lazyload\" data-src=\"https:\/\/i0.wp.com\/www.jazzypunto.es\/jazzaragon\/wp-content\/uploads\/2015\/05\/Roberto-Bazan.jpeg?resize=438%2C438\" alt=\"Roberto Bazan\" width=\"438\" height=\"438\" data-srcset=\"https:\/\/i0.wp.com\/www.jazzypunto.es\/jazzaragon\/wp-content\/uploads\/2015\/05\/Roberto-Bazan.jpeg?w=718&amp;ssl=1 718w, https:\/\/i0.wp.com\/www.jazzypunto.es\/jazzaragon\/wp-content\/uploads\/2015\/05\/Roberto-Bazan.jpeg?resize=150%2C150&amp;ssl=1 150w, https:\/\/i0.wp.com\/www.jazzypunto.es\/jazzaragon\/wp-content\/uploads\/2015\/05\/Roberto-Bazan.jpeg?resize=300%2C300&amp;ssl=1 300w\" data-sizes=\"(max-width: 438px) 100vw, 438px\" src=\"data:image\/svg+xml;base64,PHN2ZyB3aWR0aD0iMSIgaGVpZ2h0PSIxIiB4bWxucz0iaHR0cDovL3d3dy53My5vcmcvMjAwMC9zdmciPjwvc3ZnPg==\" style=\"--smush-placeholder-width: 438px; --smush-placeholder-aspect-ratio: 438\/438;\" \/><\/a><\/p>\n<p><em><strong>FORMACI\u00d3N ACAD\u00c9MICA<\/strong><\/em><\/p>\n<p><em>T\u00cdTULO GRADO SUPERIOR DE JAZZ TROMB\u00d3N<\/em><br \/>\n<em> T\u00cdTULO PROFESOR DE TUBA<\/em><\/p>\n<p><em><strong>FORMACI\u00d3N COMPLEMENTARIA<\/strong><\/em><\/p>\n<p><em>Cursado primer curso de Grado superior en la especialidad de Tromb\u00f3n en el Conservatorio Superior de Zaragoza<\/em><\/p>\n<p><em>Invitado como 1er tromb\u00f3n en la big band del VII seminario internacional de Zarautz bajo la direcci\u00f3n de Bob Sands<\/em><\/p>\n<p><em>Curso de nivel avanzado como alumno de tromb\u00f3n en el III seminario internacional de Zarautz con el profesor Paul Ferguson en el a\u00f1o &#8211;<\/em><\/p>\n<p><em>Alumno del Taller de M\u00fasicos de Madrid en los cursos &#8211; \/ &#8211; y &#8211; \/ &#8211; cursando estudios de lenguaje Be-bop e improvisaci\u00f3n con el profesor Bobby Martinez<\/em><\/p>\n<p><em>Miembro de la Banda Sinf\u00f3nica de Arag\u00f3n en calidad de bombardino durante los a\u00f1os 1**5 &#8211; 1**9<\/em><\/p>\n<p><em><strong>EXPERIENCIA PROFESIONAL<\/strong><\/em><\/p>\n<p><em>Profesor de tromb\u00f3n, tuba y bombardino en la escuela de m\u00fasica Jorge Aliaga de Botorrita (Zaragoza) 1**7 &#8211; &#8211;<\/em><\/p>\n<p><em>Profesor de tromb\u00f3n, tuba y bombardino en la escuela de m\u00fasica de Muel (Zaragoza) 1**7 &#8211; &#8211;<\/em><\/p>\n<p><em>Director de las escuelas de m\u00fasica de Zuera y Ontinar de Salz (Zaragoza) durante los cursos &#8211; \/ &#8211; y &#8211; \/06. Director de las bandas de dichas escuelas los mismos cursos<\/em><\/p>\n<p><em>Entre otras, gira como trombonista con Nena Daconte. Serrat y Sabina en (Dos p\u00e1jaros de un tiro) por Espa\u00f1a y Am\u00e9rica.<\/em><\/p>\n","protected":false},"excerpt":{"rendered":"<p>FORMACI\u00d3N ACAD\u00c9MICA T\u00cdTULO GRADO SUPERIOR DE JAZZ TROMB\u00d3N T\u00cdTULO PROFESOR DE TUBA FORMACI\u00d3N COMPLEMENTARIA Cursado primer curso de Grado superior en la especialidad de Tromb\u00f3n en el Conservatorio Superior de Zaragoza Invitado como 1er tromb\u00f3n en la big band del VII seminario internacional de Zarautz bajo la direcci\u00f3n de Bob Sands Curso de nivel avanzado &hellip; <a href=\"https:\/\/www.jazzypunto.es\/jazzaragon\/musicos\/trombon\/roberto-bazan\/\" class=\"more-link\">Seguir leyendo <span class=\"screen-reader-text\">Roberto Baz\u00e1n<\/span> <span class=\"meta-nav\">&rarr;<\/span><\/a><\/p>\n","protected":false},"author":1,"featured_media":0,"parent":1707,"menu_order":0,"comment_status":"open","ping_status":"open","template":"page-templates\/full-width.php","meta":{"footnotes":""},"class_list":["post-3243","page","type-page","status-publish","hentry"],"yoast_head":"<!-- This site is optimized with the Yoast SEO plugin v27.3 - https:\/\/yoast.com\/product\/yoast-seo-wordpress\/ -->\n<title>Roberto Baz\u00e1n &#8212; Jazz Arag\u00f3n<\/title>\n<meta name=\"robots\" content=\"index, follow, max-snippet:-1, max-image-preview:large, max-video-preview:-1\" \/>\n<link rel=\"canonical\" href=\"https:\/\/www.jazzypunto.es\/jazzaragon\/musicos\/trombon\/roberto-bazan\/\" \/>\n<meta property=\"og:locale\" content=\"es_ES\" \/>\n<meta property=\"og:type\" content=\"article\" \/>\n<meta property=\"og:title\" content=\"Roberto Baz\u00e1n &#8212; Jazz Arag\u00f3n\" \/>\n<meta property=\"og:description\" content=\"FORMACI\u00d3N ACAD\u00c9MICA T\u00cdTULO GRADO SUPERIOR DE JAZZ TROMB\u00d3N T\u00cdTULO PROFESOR DE TUBA FORMACI\u00d3N COMPLEMENTARIA Cursado primer curso de Grado superior en la especialidad de Tromb\u00f3n en el Conservatorio Superior de Zaragoza Invitado como 1er tromb\u00f3n en la big band del VII seminario internacional de Zarautz bajo la direcci\u00f3n de Bob Sands Curso de nivel avanzado &hellip; Seguir leyendo Roberto Baz\u00e1n &rarr;\" \/>\n<meta property=\"og:url\" content=\"https:\/\/www.jazzypunto.es\/jazzaragon\/musicos\/trombon\/roberto-bazan\/\" \/>\n<meta property=\"og:site_name\" content=\"Jazz Arag\u00f3n\" \/>\n<meta property=\"article:publisher\" content=\"https:\/\/www.facebook.com\/Danijazz\/\" \/>\n<meta property=\"article:modified_time\" content=\"2015-11-21T17:35:09+00:00\" \/>\n<meta property=\"og:image\" content=\"http:\/\/www.jazzypunto.es\/jazzaragon\/wp-content\/uploads\/2015\/05\/Roberto-Bazan.jpeg\" \/>\n<meta name=\"twitter:card\" content=\"summary_large_image\" \/>\n<meta name=\"twitter:site\" content=\"@_jazzaragon\" \/>\n<meta name=\"twitter:label1\" content=\"Tiempo de lectura\" \/>\n\t<meta name=\"twitter:data1\" content=\"1 minuto\" \/>\n<script type=\"application\/ld+json\" class=\"yoast-schema-graph\">{\"@context\":\"https:\\\/\\\/schema.org\",\"@graph\":[{\"@type\":\"WebPage\",\"@id\":\"https:\\\/\\\/www.jazzypunto.es\\\/jazzaragon\\\/musicos\\\/trombon\\\/roberto-bazan\\\/\",\"url\":\"https:\\\/\\\/www.jazzypunto.es\\\/jazzaragon\\\/musicos\\\/trombon\\\/roberto-bazan\\\/\",\"name\":\"Roberto Baz\u00e1n &#8212; Jazz Arag\u00f3n\",\"isPartOf\":{\"@id\":\"https:\\\/\\\/www.jazzypunto.es\\\/jazzaragon\\\/#website\"},\"primaryImageOfPage\":{\"@id\":\"https:\\\/\\\/www.jazzypunto.es\\\/jazzaragon\\\/musicos\\\/trombon\\\/roberto-bazan\\\/#primaryimage\"},\"image\":{\"@id\":\"https:\\\/\\\/www.jazzypunto.es\\\/jazzaragon\\\/musicos\\\/trombon\\\/roberto-bazan\\\/#primaryimage\"},\"thumbnailUrl\":\"http:\\\/\\\/www.jazzypunto.es\\\/jazzaragon\\\/wp-content\\\/uploads\\\/2015\\\/05\\\/Roberto-Bazan.jpeg\",\"datePublished\":\"2015-05-15T20:03:12+00:00\",\"dateModified\":\"2015-11-21T17:35:09+00:00\",\"breadcrumb\":{\"@id\":\"https:\\\/\\\/www.jazzypunto.es\\\/jazzaragon\\\/musicos\\\/trombon\\\/roberto-bazan\\\/#breadcrumb\"},\"inLanguage\":\"es\",\"potentialAction\":[{\"@type\":\"ReadAction\",\"target\":[\"https:\\\/\\\/www.jazzypunto.es\\\/jazzaragon\\\/musicos\\\/trombon\\\/roberto-bazan\\\/\"]}]},{\"@type\":\"ImageObject\",\"inLanguage\":\"es\",\"@id\":\"https:\\\/\\\/www.jazzypunto.es\\\/jazzaragon\\\/musicos\\\/trombon\\\/roberto-bazan\\\/#primaryimage\",\"url\":\"https:\\\/\\\/i0.wp.com\\\/www.jazzypunto.es\\\/jazzaragon\\\/wp-content\\\/uploads\\\/2015\\\/05\\\/Roberto-Bazan.jpeg?fit=718%2C718&ssl=1\",\"contentUrl\":\"https:\\\/\\\/i0.wp.com\\\/www.jazzypunto.es\\\/jazzaragon\\\/wp-content\\\/uploads\\\/2015\\\/05\\\/Roberto-Bazan.jpeg?fit=718%2C718&ssl=1\",\"width\":718,\"height\":718},{\"@type\":\"BreadcrumbList\",\"@id\":\"https:\\\/\\\/www.jazzypunto.es\\\/jazzaragon\\\/musicos\\\/trombon\\\/roberto-bazan\\\/#breadcrumb\",\"itemListElement\":[{\"@type\":\"ListItem\",\"position\":1,\"name\":\"Portada\",\"item\":\"https:\\\/\\\/www.jazzypunto.es\\\/jazzaragon\\\/\"},{\"@type\":\"ListItem\",\"position\":2,\"name\":\"M\u00fasicos de Arag\u00f3n\",\"item\":\"https:\\\/\\\/www.jazzypunto.es\\\/jazzaragon\\\/musicos\\\/\"},{\"@type\":\"ListItem\",\"position\":3,\"name\":\"Tromb\u00f3n\",\"item\":\"https:\\\/\\\/www.jazzypunto.es\\\/jazzaragon\\\/musicos\\\/trombon\\\/\"},{\"@type\":\"ListItem\",\"position\":4,\"name\":\"Roberto Baz\u00e1n\"}]},{\"@type\":\"WebSite\",\"@id\":\"https:\\\/\\\/www.jazzypunto.es\\\/jazzaragon\\\/#website\",\"url\":\"https:\\\/\\\/www.jazzypunto.es\\\/jazzaragon\\\/\",\"name\":\"Jazz Arag\u00f3n\",\"description\":\"Historia y Actualidad\",\"publisher\":{\"@id\":\"https:\\\/\\\/www.jazzypunto.es\\\/jazzaragon\\\/#\\\/schema\\\/person\\\/c0d650c3b28b68befb325c5cddc3b0fe\"},\"potentialAction\":[{\"@type\":\"SearchAction\",\"target\":{\"@type\":\"EntryPoint\",\"urlTemplate\":\"https:\\\/\\\/www.jazzypunto.es\\\/jazzaragon\\\/?s={search_term_string}\"},\"query-input\":{\"@type\":\"PropertyValueSpecification\",\"valueRequired\":true,\"valueName\":\"search_term_string\"}}],\"inLanguage\":\"es\"},{\"@type\":[\"Person\",\"Organization\"],\"@id\":\"https:\\\/\\\/www.jazzypunto.es\\\/jazzaragon\\\/#\\\/schema\\\/person\\\/c0d650c3b28b68befb325c5cddc3b0fe\",\"name\":\"Danijazz\",\"image\":{\"@type\":\"ImageObject\",\"inLanguage\":\"es\",\"@id\":\"https:\\\/\\\/i0.wp.com\\\/www.jazzypunto.es\\\/jazzaragon\\\/wp-content\\\/uploads\\\/2022\\\/11\\\/Benja_Daniel-e1667983357479.jpg?fit=1000%2C975&ssl=1\",\"url\":\"https:\\\/\\\/i0.wp.com\\\/www.jazzypunto.es\\\/jazzaragon\\\/wp-content\\\/uploads\\\/2022\\\/11\\\/Benja_Daniel-e1667983357479.jpg?fit=1000%2C975&ssl=1\",\"contentUrl\":\"https:\\\/\\\/i0.wp.com\\\/www.jazzypunto.es\\\/jazzaragon\\\/wp-content\\\/uploads\\\/2022\\\/11\\\/Benja_Daniel-e1667983357479.jpg?fit=1000%2C975&ssl=1\",\"width\":1000,\"height\":975,\"caption\":\"Danijazz\"},\"logo\":{\"@id\":\"https:\\\/\\\/i0.wp.com\\\/www.jazzypunto.es\\\/jazzaragon\\\/wp-content\\\/uploads\\\/2022\\\/11\\\/Benja_Daniel-e1667983357479.jpg?fit=1000%2C975&ssl=1\"},\"sameAs\":[\"https:\\\/\\\/www.facebook.com\\\/Danijazz\\\/\"]}]}<\/script>\n<!-- \/ Yoast SEO plugin. -->","yoast_head_json":{"title":"Roberto Baz\u00e1n &#8212; Jazz Arag\u00f3n","robots":{"index":"index","follow":"follow","max-snippet":"max-snippet:-1","max-image-preview":"max-image-preview:large","max-video-preview":"max-video-preview:-1"},"canonical":"https:\/\/www.jazzypunto.es\/jazzaragon\/musicos\/trombon\/roberto-bazan\/","og_locale":"es_ES","og_type":"article","og_title":"Roberto Baz\u00e1n &#8212; Jazz Arag\u00f3n","og_description":"FORMACI\u00d3N ACAD\u00c9MICA T\u00cdTULO GRADO SUPERIOR DE JAZZ TROMB\u00d3N T\u00cdTULO PROFESOR DE TUBA FORMACI\u00d3N COMPLEMENTARIA Cursado primer curso de Grado superior en la especialidad de Tromb\u00f3n en el Conservatorio Superior de Zaragoza Invitado como 1er tromb\u00f3n en la big band del VII seminario internacional de Zarautz bajo la direcci\u00f3n de Bob Sands Curso de nivel avanzado &hellip; Seguir leyendo Roberto Baz\u00e1n &rarr;","og_url":"https:\/\/www.jazzypunto.es\/jazzaragon\/musicos\/trombon\/roberto-bazan\/","og_site_name":"Jazz Arag\u00f3n","article_publisher":"https:\/\/www.facebook.com\/Danijazz\/","article_modified_time":"2015-11-21T17:35:09+00:00","og_image":[{"url":"http:\/\/www.jazzypunto.es\/jazzaragon\/wp-content\/uploads\/2015\/05\/Roberto-Bazan.jpeg","type":"","width":"","height":""}],"twitter_card":"summary_large_image","twitter_site":"@_jazzaragon","twitter_misc":{"Tiempo de lectura":"1 minuto"},"schema":{"@context":"https:\/\/schema.org","@graph":[{"@type":"WebPage","@id":"https:\/\/www.jazzypunto.es\/jazzaragon\/musicos\/trombon\/roberto-bazan\/","url":"https:\/\/www.jazzypunto.es\/jazzaragon\/musicos\/trombon\/roberto-bazan\/","name":"Roberto Baz\u00e1n &#8212; Jazz Arag\u00f3n","isPartOf":{"@id":"https:\/\/www.jazzypunto.es\/jazzaragon\/#website"},"primaryImageOfPage":{"@id":"https:\/\/www.jazzypunto.es\/jazzaragon\/musicos\/trombon\/roberto-bazan\/#primaryimage"},"image":{"@id":"https:\/\/www.jazzypunto.es\/jazzaragon\/musicos\/trombon\/roberto-bazan\/#primaryimage"},"thumbnailUrl":"http:\/\/www.jazzypunto.es\/jazzaragon\/wp-content\/uploads\/2015\/05\/Roberto-Bazan.jpeg","datePublished":"2015-05-15T20:03:12+00:00","dateModified":"2015-11-21T17:35:09+00:00","breadcrumb":{"@id":"https:\/\/www.jazzypunto.es\/jazzaragon\/musicos\/trombon\/roberto-bazan\/#breadcrumb"},"inLanguage":"es","potentialAction":[{"@type":"ReadAction","target":["https:\/\/www.jazzypunto.es\/jazzaragon\/musicos\/trombon\/roberto-bazan\/"]}]},{"@type":"ImageObject","inLanguage":"es","@id":"https:\/\/www.jazzypunto.es\/jazzaragon\/musicos\/trombon\/roberto-bazan\/#primaryimage","url":"https:\/\/i0.wp.com\/www.jazzypunto.es\/jazzaragon\/wp-content\/uploads\/2015\/05\/Roberto-Bazan.jpeg?fit=718%2C718&ssl=1","contentUrl":"https:\/\/i0.wp.com\/www.jazzypunto.es\/jazzaragon\/wp-content\/uploads\/2015\/05\/Roberto-Bazan.jpeg?fit=718%2C718&ssl=1","width":718,"height":718},{"@type":"BreadcrumbList","@id":"https:\/\/www.jazzypunto.es\/jazzaragon\/musicos\/trombon\/roberto-bazan\/#breadcrumb","itemListElement":[{"@type":"ListItem","position":1,"name":"Portada","item":"https:\/\/www.jazzypunto.es\/jazzaragon\/"},{"@type":"ListItem","position":2,"name":"M\u00fasicos de Arag\u00f3n","item":"https:\/\/www.jazzypunto.es\/jazzaragon\/musicos\/"},{"@type":"ListItem","position":3,"name":"Tromb\u00f3n","item":"https:\/\/www.jazzypunto.es\/jazzaragon\/musicos\/trombon\/"},{"@type":"ListItem","position":4,"name":"Roberto Baz\u00e1n"}]},{"@type":"WebSite","@id":"https:\/\/www.jazzypunto.es\/jazzaragon\/#website","url":"https:\/\/www.jazzypunto.es\/jazzaragon\/","name":"Jazz Arag\u00f3n","description":"Historia y Actualidad","publisher":{"@id":"https:\/\/www.jazzypunto.es\/jazzaragon\/#\/schema\/person\/c0d650c3b28b68befb325c5cddc3b0fe"},"potentialAction":[{"@type":"SearchAction","target":{"@type":"EntryPoint","urlTemplate":"https:\/\/www.jazzypunto.es\/jazzaragon\/?s={search_term_string}"},"query-input":{"@type":"PropertyValueSpecification","valueRequired":true,"valueName":"search_term_string"}}],"inLanguage":"es"},{"@type":["Person","Organization"],"@id":"https:\/\/www.jazzypunto.es\/jazzaragon\/#\/schema\/person\/c0d650c3b28b68befb325c5cddc3b0fe","name":"Danijazz","image":{"@type":"ImageObject","inLanguage":"es","@id":"https:\/\/i0.wp.com\/www.jazzypunto.es\/jazzaragon\/wp-content\/uploads\/2022\/11\/Benja_Daniel-e1667983357479.jpg?fit=1000%2C975&ssl=1","url":"https:\/\/i0.wp.com\/www.jazzypunto.es\/jazzaragon\/wp-content\/uploads\/2022\/11\/Benja_Daniel-e1667983357479.jpg?fit=1000%2C975&ssl=1","contentUrl":"https:\/\/i0.wp.com\/www.jazzypunto.es\/jazzaragon\/wp-content\/uploads\/2022\/11\/Benja_Daniel-e1667983357479.jpg?fit=1000%2C975&ssl=1","width":1000,"height":975,"caption":"Danijazz"},"logo":{"@id":"https:\/\/i0.wp.com\/www.jazzypunto.es\/jazzaragon\/wp-content\/uploads\/2022\/11\/Benja_Daniel-e1667983357479.jpg?fit=1000%2C975&ssl=1"},"sameAs":["https:\/\/www.facebook.com\/Danijazz\/"]}]}},"jetpack_sharing_enabled":true,"_links":{"self":[{"href":"https:\/\/www.jazzypunto.es\/jazzaragon\/wp-json\/wp\/v2\/pages\/3243","targetHints":{"allow":["GET"]}}],"collection":[{"href":"https:\/\/www.jazzypunto.es\/jazzaragon\/wp-json\/wp\/v2\/pages"}],"about":[{"href":"https:\/\/www.jazzypunto.es\/jazzaragon\/wp-json\/wp\/v2\/types\/page"}],"author":[{"embeddable":true,"href":"https:\/\/www.jazzypunto.es\/jazzaragon\/wp-json\/wp\/v2\/users\/1"}],"replies":[{"embeddable":true,"href":"https:\/\/www.jazzypunto.es\/jazzaragon\/wp-json\/wp\/v2\/comments?post=3243"}],"version-history":[{"count":3,"href":"https:\/\/www.jazzypunto.es\/jazzaragon\/wp-json\/wp\/v2\/pages\/3243\/revisions"}],"predecessor-version":[{"id":4653,"href":"https:\/\/www.jazzypunto.es\/jazzaragon\/wp-json\/wp\/v2\/pages\/3243\/revisions\/4653"}],"up":[{"embeddable":true,"href":"https:\/\/www.jazzypunto.es\/jazzaragon\/wp-json\/wp\/v2\/pages\/1707"}],"wp:attachment":[{"href":"https:\/\/www.jazzypunto.es\/jazzaragon\/wp-json\/wp\/v2\/media?parent=3243"}],"curies":[{"name":"wp","href":"https:\/\/api.w.org\/{rel}","templated":true}]}}