{"id":8826,"date":"2020-04-13T14:16:59","date_gmt":"2020-04-13T12:16:59","guid":{"rendered":"http:\/\/www.jazzypunto.es\/jazzaragon\/?page_id=8826"},"modified":"2024-09-17T13:40:08","modified_gmt":"2024-09-17T11:40:08","slug":"jazz-en-la-colina-2017","status":"publish","type":"page","link":"https:\/\/www.jazzypunto.es\/jazzaragon\/huesca\/sabinanigo\/jazz-en-la-colina-2017\/","title":{"rendered":"Jazz en la colina 2017"},"content":{"rendered":"<h3 style=\"text-align: center;\">10 a 24 de Febrero<\/h3>\n<h4 style=\"text-align: center;\"><em><strong>Auditorio La Colina<\/strong><\/em><\/h4>\n<p style=\"text-align: center;\"><em><strong>10 de Febrero \u00a0\u2013\u00a0<\/strong>Viernes 22,30 horas<\/em><\/p>\n<p style=\"text-align: left;\"><em><strong>\u00a0<\/strong><\/em><em style=\"font-size: inherit;\"><strong>\u00a0<\/strong><\/em><em style=\"font-size: inherit;\"><strong>\u2013 Noe &amp; The Daniel Escart\u00edn: bater\u00eda<\/strong><\/em><\/p>\n<p><img data-recalc-dims=\"1\" decoding=\"async\" class=\"aligncenter lazyload\" data-src=\"https:\/\/i0.wp.com\/www.jazzypunto.es\/jazzaragon\/wp-content\/uploads\/2020\/04\/Noe-The-Bobifaces.jpg?w=474\" src=\"data:image\/svg+xml;base64,PHN2ZyB3aWR0aD0iMSIgaGVpZ2h0PSIxIiB4bWxucz0iaHR0cDovL3d3dy53My5vcmcvMjAwMC9zdmciPjwvc3ZnPg==\" \/><\/p>\n<p style=\"padding-left: 80px;\"><em>Sergio Rodriguez: bajo<br \/>\nAitor Berdiel: guitarra<br \/>\nGerardo L\u00f3pez: trompeta y teclado<br \/>\nNoelia Rodr\u00edguez: voz<\/em><\/p>\n<p style=\"text-align: center;\"><em><strong>17 de Febrero \u00a0\u2013 <\/strong>Viernes 22,30 hora<\/em><\/p>\n<p><em><strong>\u2013 Marta Casas<\/strong><\/em><\/p>\n<p><img data-recalc-dims=\"1\" decoding=\"async\" class=\"aligncenter lazyload\" data-src=\"https:\/\/i0.wp.com\/www.jazzypunto.es\/jazzaragon\/wp-content\/uploads\/2020\/04\/Marta-casas-jazzenlacolina-recorte-e1586778057223.jpg?resize=223%2C246\" width=\"223\" height=\"246\" src=\"data:image\/svg+xml;base64,PHN2ZyB3aWR0aD0iMSIgaGVpZ2h0PSIxIiB4bWxucz0iaHR0cDovL3d3dy53My5vcmcvMjAwMC9zdmciPjwvc3ZnPg==\" style=\"--smush-placeholder-width: 223px; --smush-placeholder-aspect-ratio: 223\/246;\" \/><\/p>\n<p style=\"padding-left: 80px;\"><em>Marta Casas: voz<br \/>\nGabriel Zenni: piano<br \/>\nEric Kopetz: contrabajo<br \/>\nRoger Guti\u00e9rrez: bater\u00eda<\/em><\/p>\n<p style=\"text-align: center;\"><em><strong>24 de Febrero\u00a0 \u2013\u00a0<\/strong>Viernes 22,30 horas<strong>\u00a0 \u00a0\u00a0<\/strong><\/em><\/p>\n<p><em><strong>\u00a0<\/strong><\/em><em><strong>\u2013 Natalia Dicenta<\/strong><\/em><\/p>\n<p style=\"padding-left: 80px;\"><em>Natalia Dicenta: voz<\/em><br \/>\n<em>Vicente Borland: piano<\/em><br \/>\n<em>Reinier Elizalde \u00abNegr\u00f3n\u00bb: contrabajo<\/em><br \/>\n<em>Antonio Calero: bater\u00eda<\/em><\/p>\n<p><strong><em>Actividades Paralelas:<\/em><\/strong><\/p>\n<ul>\n<li><em><strong>Masterclass<\/strong>\u00a0 \u00a0 \u00a0 10 de Febrero<\/em><\/li>\n<\/ul>\n<p>Impartida por\u00a0<strong><em>Aitor Berdiel\u00a0<\/em><\/strong>y<strong><em>\u00a0Sergio Rodrigo<\/em><\/strong>.<br \/>\nIntegrantes de\u00a0<strong><em>Noe &amp; The Bobifaces<\/em><\/strong>\u00a0y directores de\u00a0<strong><em>MUMO<\/em><\/strong>\u00a0(Escuela de M\u00fasica Moderna de Huesca)<\/p>\n<ul>\n<li><em><strong>Cine Forum<\/strong>\u00a0 \u00a0 \u00a023 de Febrero<br \/>\n<\/em><em>(Casa de Cultura Dur\u00e1n Gudiol)<\/em><\/li>\n<li><em>Exposici\u00f3n Fotogr\u00e1fica\u00a0 a partir del 23 de Febrero <strong>\u00abTomas Alternativas\u00bb<\/strong> de <strong>Fabio Galicia Jerez<\/strong><\/em><\/li>\n<\/ul>\n","protected":false},"excerpt":{"rendered":"<p>10 a 24 de Febrero Auditorio La Colina 10 de Febrero \u00a0\u2013\u00a0Viernes 22,30 horas \u00a0\u00a0\u2013 Noe &amp; The Daniel Escart\u00edn: bater\u00eda Sergio Rodriguez: bajo Aitor Berdiel: guitarra Gerardo L\u00f3pez: trompeta y teclado Noelia Rodr\u00edguez: voz 17 de Febrero \u00a0\u2013 Viernes 22,30 hora \u2013 Marta Casas Marta Casas: voz Gabriel Zenni: piano Eric Kopetz: contrabajo Roger &hellip; <a href=\"https:\/\/www.jazzypunto.es\/jazzaragon\/huesca\/sabinanigo\/jazz-en-la-colina-2017\/\" class=\"more-link\">Seguir leyendo <span class=\"screen-reader-text\">Jazz en la colina 2017<\/span> <span class=\"meta-nav\">&rarr;<\/span><\/a><\/p>\n","protected":false},"author":1,"featured_media":8833,"parent":451,"menu_order":0,"comment_status":"closed","ping_status":"closed","template":"page-templates\/full-width.php","meta":{"footnotes":""},"class_list":["post-8826","page","type-page","status-publish","has-post-thumbnail","hentry"],"yoast_head":"<!-- This site is optimized with the Yoast SEO plugin v27.3 - https:\/\/yoast.com\/product\/yoast-seo-wordpress\/ -->\n<title>Jazz en la colina 2017 &#8212; Jazz Arag\u00f3n<\/title>\n<meta name=\"robots\" content=\"index, follow, max-snippet:-1, max-image-preview:large, max-video-preview:-1\" \/>\n<link rel=\"canonical\" href=\"https:\/\/www.jazzypunto.es\/jazzaragon\/huesca\/sabinanigo\/jazz-en-la-colina-2017\/\" \/>\n<meta property=\"og:locale\" content=\"es_ES\" \/>\n<meta property=\"og:type\" content=\"article\" \/>\n<meta property=\"og:title\" content=\"Jazz en la colina 2017 &#8212; Jazz Arag\u00f3n\" \/>\n<meta property=\"og:description\" content=\"10 a 24 de Febrero Auditorio La Colina 10 de Febrero \u00a0\u2013\u00a0Viernes 22,30 horas \u00a0\u00a0\u2013 Noe &amp; The Daniel Escart\u00edn: bater\u00eda Sergio Rodriguez: bajo Aitor Berdiel: guitarra Gerardo L\u00f3pez: trompeta y teclado Noelia Rodr\u00edguez: voz 17 de Febrero \u00a0\u2013 Viernes 22,30 hora \u2013 Marta Casas Marta Casas: voz Gabriel Zenni: piano Eric Kopetz: contrabajo Roger &hellip; Seguir leyendo Jazz en la colina 2017 &rarr;\" \/>\n<meta property=\"og:url\" content=\"https:\/\/www.jazzypunto.es\/jazzaragon\/huesca\/sabinanigo\/jazz-en-la-colina-2017\/\" \/>\n<meta property=\"og:site_name\" content=\"Jazz Arag\u00f3n\" \/>\n<meta property=\"article:publisher\" content=\"https:\/\/www.facebook.com\/Danijazz\/\" \/>\n<meta property=\"article:modified_time\" content=\"2024-09-17T11:40:08+00:00\" \/>\n<meta property=\"og:image\" content=\"https:\/\/i0.wp.com\/www.jazzypunto.es\/jazzaragon\/wp-content\/uploads\/2020\/04\/Jazz-aragon-tour-2017-recorte.jpg?fit=292%2C106&ssl=1\" \/>\n\t<meta property=\"og:image:width\" content=\"292\" \/>\n\t<meta property=\"og:image:height\" content=\"106\" \/>\n\t<meta property=\"og:image:type\" content=\"image\/jpeg\" \/>\n<meta name=\"twitter:card\" content=\"summary_large_image\" \/>\n<meta name=\"twitter:site\" content=\"@_jazzaragon\" \/>\n<meta name=\"twitter:label1\" content=\"Tiempo de lectura\" \/>\n\t<meta name=\"twitter:data1\" content=\"2 minutos\" \/>\n<script type=\"application\/ld+json\" class=\"yoast-schema-graph\">{\"@context\":\"https:\\\/\\\/schema.org\",\"@graph\":[{\"@type\":\"WebPage\",\"@id\":\"https:\\\/\\\/www.jazzypunto.es\\\/jazzaragon\\\/huesca\\\/sabinanigo\\\/jazz-en-la-colina-2017\\\/\",\"url\":\"https:\\\/\\\/www.jazzypunto.es\\\/jazzaragon\\\/huesca\\\/sabinanigo\\\/jazz-en-la-colina-2017\\\/\",\"name\":\"Jazz en la colina 2017 &#8212; Jazz Arag\u00f3n\",\"isPartOf\":{\"@id\":\"https:\\\/\\\/www.jazzypunto.es\\\/jazzaragon\\\/#website\"},\"primaryImageOfPage\":{\"@id\":\"https:\\\/\\\/www.jazzypunto.es\\\/jazzaragon\\\/huesca\\\/sabinanigo\\\/jazz-en-la-colina-2017\\\/#primaryimage\"},\"image\":{\"@id\":\"https:\\\/\\\/www.jazzypunto.es\\\/jazzaragon\\\/huesca\\\/sabinanigo\\\/jazz-en-la-colina-2017\\\/#primaryimage\"},\"thumbnailUrl\":\"https:\\\/\\\/i0.wp.com\\\/www.jazzypunto.es\\\/jazzaragon\\\/wp-content\\\/uploads\\\/2020\\\/04\\\/Jazz-aragon-tour-2017-recorte.jpg?fit=292%2C106&ssl=1\",\"datePublished\":\"2020-04-13T12:16:59+00:00\",\"dateModified\":\"2024-09-17T11:40:08+00:00\",\"breadcrumb\":{\"@id\":\"https:\\\/\\\/www.jazzypunto.es\\\/jazzaragon\\\/huesca\\\/sabinanigo\\\/jazz-en-la-colina-2017\\\/#breadcrumb\"},\"inLanguage\":\"es\",\"potentialAction\":[{\"@type\":\"ReadAction\",\"target\":[\"https:\\\/\\\/www.jazzypunto.es\\\/jazzaragon\\\/huesca\\\/sabinanigo\\\/jazz-en-la-colina-2017\\\/\"]}]},{\"@type\":\"ImageObject\",\"inLanguage\":\"es\",\"@id\":\"https:\\\/\\\/www.jazzypunto.es\\\/jazzaragon\\\/huesca\\\/sabinanigo\\\/jazz-en-la-colina-2017\\\/#primaryimage\",\"url\":\"https:\\\/\\\/i0.wp.com\\\/www.jazzypunto.es\\\/jazzaragon\\\/wp-content\\\/uploads\\\/2020\\\/04\\\/Jazz-aragon-tour-2017-recorte.jpg?fit=292%2C106&ssl=1\",\"contentUrl\":\"https:\\\/\\\/i0.wp.com\\\/www.jazzypunto.es\\\/jazzaragon\\\/wp-content\\\/uploads\\\/2020\\\/04\\\/Jazz-aragon-tour-2017-recorte.jpg?fit=292%2C106&ssl=1\",\"width\":292,\"height\":106},{\"@type\":\"BreadcrumbList\",\"@id\":\"https:\\\/\\\/www.jazzypunto.es\\\/jazzaragon\\\/huesca\\\/sabinanigo\\\/jazz-en-la-colina-2017\\\/#breadcrumb\",\"itemListElement\":[{\"@type\":\"ListItem\",\"position\":1,\"name\":\"Portada\",\"item\":\"https:\\\/\\\/www.jazzypunto.es\\\/jazzaragon\\\/\"},{\"@type\":\"ListItem\",\"position\":2,\"name\":\"Huesca\",\"item\":\"https:\\\/\\\/www.jazzypunto.es\\\/jazzaragon\\\/huesca\\\/\"},{\"@type\":\"ListItem\",\"position\":3,\"name\":\"Sabi\u00f1\u00e1nigo\",\"item\":\"https:\\\/\\\/www.jazzypunto.es\\\/jazzaragon\\\/huesca\\\/sabinanigo\\\/\"},{\"@type\":\"ListItem\",\"position\":4,\"name\":\"Jazz en la colina 2017\"}]},{\"@type\":\"WebSite\",\"@id\":\"https:\\\/\\\/www.jazzypunto.es\\\/jazzaragon\\\/#website\",\"url\":\"https:\\\/\\\/www.jazzypunto.es\\\/jazzaragon\\\/\",\"name\":\"Jazz Arag\u00f3n\",\"description\":\"Historia y Actualidad\",\"publisher\":{\"@id\":\"https:\\\/\\\/www.jazzypunto.es\\\/jazzaragon\\\/#\\\/schema\\\/person\\\/c0d650c3b28b68befb325c5cddc3b0fe\"},\"potentialAction\":[{\"@type\":\"SearchAction\",\"target\":{\"@type\":\"EntryPoint\",\"urlTemplate\":\"https:\\\/\\\/www.jazzypunto.es\\\/jazzaragon\\\/?s={search_term_string}\"},\"query-input\":{\"@type\":\"PropertyValueSpecification\",\"valueRequired\":true,\"valueName\":\"search_term_string\"}}],\"inLanguage\":\"es\"},{\"@type\":[\"Person\",\"Organization\"],\"@id\":\"https:\\\/\\\/www.jazzypunto.es\\\/jazzaragon\\\/#\\\/schema\\\/person\\\/c0d650c3b28b68befb325c5cddc3b0fe\",\"name\":\"Danijazz\",\"image\":{\"@type\":\"ImageObject\",\"inLanguage\":\"es\",\"@id\":\"https:\\\/\\\/i0.wp.com\\\/www.jazzypunto.es\\\/jazzaragon\\\/wp-content\\\/uploads\\\/2022\\\/11\\\/Benja_Daniel-e1667983357479.jpg?fit=1000%2C975&ssl=1\",\"url\":\"https:\\\/\\\/i0.wp.com\\\/www.jazzypunto.es\\\/jazzaragon\\\/wp-content\\\/uploads\\\/2022\\\/11\\\/Benja_Daniel-e1667983357479.jpg?fit=1000%2C975&ssl=1\",\"contentUrl\":\"https:\\\/\\\/i0.wp.com\\\/www.jazzypunto.es\\\/jazzaragon\\\/wp-content\\\/uploads\\\/2022\\\/11\\\/Benja_Daniel-e1667983357479.jpg?fit=1000%2C975&ssl=1\",\"width\":1000,\"height\":975,\"caption\":\"Danijazz\"},\"logo\":{\"@id\":\"https:\\\/\\\/i0.wp.com\\\/www.jazzypunto.es\\\/jazzaragon\\\/wp-content\\\/uploads\\\/2022\\\/11\\\/Benja_Daniel-e1667983357479.jpg?fit=1000%2C975&ssl=1\"},\"sameAs\":[\"https:\\\/\\\/www.facebook.com\\\/Danijazz\\\/\"]}]}<\/script>\n<!-- \/ Yoast SEO plugin. -->","yoast_head_json":{"title":"Jazz en la colina 2017 &#8212; Jazz Arag\u00f3n","robots":{"index":"index","follow":"follow","max-snippet":"max-snippet:-1","max-image-preview":"max-image-preview:large","max-video-preview":"max-video-preview:-1"},"canonical":"https:\/\/www.jazzypunto.es\/jazzaragon\/huesca\/sabinanigo\/jazz-en-la-colina-2017\/","og_locale":"es_ES","og_type":"article","og_title":"Jazz en la colina 2017 &#8212; Jazz Arag\u00f3n","og_description":"10 a 24 de Febrero Auditorio La Colina 10 de Febrero \u00a0\u2013\u00a0Viernes 22,30 horas \u00a0\u00a0\u2013 Noe &amp; The Daniel Escart\u00edn: bater\u00eda Sergio Rodriguez: bajo Aitor Berdiel: guitarra Gerardo L\u00f3pez: trompeta y teclado Noelia Rodr\u00edguez: voz 17 de Febrero \u00a0\u2013 Viernes 22,30 hora \u2013 Marta Casas Marta Casas: voz Gabriel Zenni: piano Eric Kopetz: contrabajo Roger &hellip; Seguir leyendo Jazz en la colina 2017 &rarr;","og_url":"https:\/\/www.jazzypunto.es\/jazzaragon\/huesca\/sabinanigo\/jazz-en-la-colina-2017\/","og_site_name":"Jazz Arag\u00f3n","article_publisher":"https:\/\/www.facebook.com\/Danijazz\/","article_modified_time":"2024-09-17T11:40:08+00:00","og_image":[{"width":292,"height":106,"url":"https:\/\/i0.wp.com\/www.jazzypunto.es\/jazzaragon\/wp-content\/uploads\/2020\/04\/Jazz-aragon-tour-2017-recorte.jpg?fit=292%2C106&ssl=1","type":"image\/jpeg"}],"twitter_card":"summary_large_image","twitter_site":"@_jazzaragon","twitter_misc":{"Tiempo de lectura":"2 minutos"},"schema":{"@context":"https:\/\/schema.org","@graph":[{"@type":"WebPage","@id":"https:\/\/www.jazzypunto.es\/jazzaragon\/huesca\/sabinanigo\/jazz-en-la-colina-2017\/","url":"https:\/\/www.jazzypunto.es\/jazzaragon\/huesca\/sabinanigo\/jazz-en-la-colina-2017\/","name":"Jazz en la colina 2017 &#8212; Jazz Arag\u00f3n","isPartOf":{"@id":"https:\/\/www.jazzypunto.es\/jazzaragon\/#website"},"primaryImageOfPage":{"@id":"https:\/\/www.jazzypunto.es\/jazzaragon\/huesca\/sabinanigo\/jazz-en-la-colina-2017\/#primaryimage"},"image":{"@id":"https:\/\/www.jazzypunto.es\/jazzaragon\/huesca\/sabinanigo\/jazz-en-la-colina-2017\/#primaryimage"},"thumbnailUrl":"https:\/\/i0.wp.com\/www.jazzypunto.es\/jazzaragon\/wp-content\/uploads\/2020\/04\/Jazz-aragon-tour-2017-recorte.jpg?fit=292%2C106&ssl=1","datePublished":"2020-04-13T12:16:59+00:00","dateModified":"2024-09-17T11:40:08+00:00","breadcrumb":{"@id":"https:\/\/www.jazzypunto.es\/jazzaragon\/huesca\/sabinanigo\/jazz-en-la-colina-2017\/#breadcrumb"},"inLanguage":"es","potentialAction":[{"@type":"ReadAction","target":["https:\/\/www.jazzypunto.es\/jazzaragon\/huesca\/sabinanigo\/jazz-en-la-colina-2017\/"]}]},{"@type":"ImageObject","inLanguage":"es","@id":"https:\/\/www.jazzypunto.es\/jazzaragon\/huesca\/sabinanigo\/jazz-en-la-colina-2017\/#primaryimage","url":"https:\/\/i0.wp.com\/www.jazzypunto.es\/jazzaragon\/wp-content\/uploads\/2020\/04\/Jazz-aragon-tour-2017-recorte.jpg?fit=292%2C106&ssl=1","contentUrl":"https:\/\/i0.wp.com\/www.jazzypunto.es\/jazzaragon\/wp-content\/uploads\/2020\/04\/Jazz-aragon-tour-2017-recorte.jpg?fit=292%2C106&ssl=1","width":292,"height":106},{"@type":"BreadcrumbList","@id":"https:\/\/www.jazzypunto.es\/jazzaragon\/huesca\/sabinanigo\/jazz-en-la-colina-2017\/#breadcrumb","itemListElement":[{"@type":"ListItem","position":1,"name":"Portada","item":"https:\/\/www.jazzypunto.es\/jazzaragon\/"},{"@type":"ListItem","position":2,"name":"Huesca","item":"https:\/\/www.jazzypunto.es\/jazzaragon\/huesca\/"},{"@type":"ListItem","position":3,"name":"Sabi\u00f1\u00e1nigo","item":"https:\/\/www.jazzypunto.es\/jazzaragon\/huesca\/sabinanigo\/"},{"@type":"ListItem","position":4,"name":"Jazz en la colina 2017"}]},{"@type":"WebSite","@id":"https:\/\/www.jazzypunto.es\/jazzaragon\/#website","url":"https:\/\/www.jazzypunto.es\/jazzaragon\/","name":"Jazz Arag\u00f3n","description":"Historia y Actualidad","publisher":{"@id":"https:\/\/www.jazzypunto.es\/jazzaragon\/#\/schema\/person\/c0d650c3b28b68befb325c5cddc3b0fe"},"potentialAction":[{"@type":"SearchAction","target":{"@type":"EntryPoint","urlTemplate":"https:\/\/www.jazzypunto.es\/jazzaragon\/?s={search_term_string}"},"query-input":{"@type":"PropertyValueSpecification","valueRequired":true,"valueName":"search_term_string"}}],"inLanguage":"es"},{"@type":["Person","Organization"],"@id":"https:\/\/www.jazzypunto.es\/jazzaragon\/#\/schema\/person\/c0d650c3b28b68befb325c5cddc3b0fe","name":"Danijazz","image":{"@type":"ImageObject","inLanguage":"es","@id":"https:\/\/i0.wp.com\/www.jazzypunto.es\/jazzaragon\/wp-content\/uploads\/2022\/11\/Benja_Daniel-e1667983357479.jpg?fit=1000%2C975&ssl=1","url":"https:\/\/i0.wp.com\/www.jazzypunto.es\/jazzaragon\/wp-content\/uploads\/2022\/11\/Benja_Daniel-e1667983357479.jpg?fit=1000%2C975&ssl=1","contentUrl":"https:\/\/i0.wp.com\/www.jazzypunto.es\/jazzaragon\/wp-content\/uploads\/2022\/11\/Benja_Daniel-e1667983357479.jpg?fit=1000%2C975&ssl=1","width":1000,"height":975,"caption":"Danijazz"},"logo":{"@id":"https:\/\/i0.wp.com\/www.jazzypunto.es\/jazzaragon\/wp-content\/uploads\/2022\/11\/Benja_Daniel-e1667983357479.jpg?fit=1000%2C975&ssl=1"},"sameAs":["https:\/\/www.facebook.com\/Danijazz\/"]}]}},"jetpack_sharing_enabled":true,"_links":{"self":[{"href":"https:\/\/www.jazzypunto.es\/jazzaragon\/wp-json\/wp\/v2\/pages\/8826","targetHints":{"allow":["GET"]}}],"collection":[{"href":"https:\/\/www.jazzypunto.es\/jazzaragon\/wp-json\/wp\/v2\/pages"}],"about":[{"href":"https:\/\/www.jazzypunto.es\/jazzaragon\/wp-json\/wp\/v2\/types\/page"}],"author":[{"embeddable":true,"href":"https:\/\/www.jazzypunto.es\/jazzaragon\/wp-json\/wp\/v2\/users\/1"}],"replies":[{"embeddable":true,"href":"https:\/\/www.jazzypunto.es\/jazzaragon\/wp-json\/wp\/v2\/comments?post=8826"}],"version-history":[{"count":6,"href":"https:\/\/www.jazzypunto.es\/jazzaragon\/wp-json\/wp\/v2\/pages\/8826\/revisions"}],"predecessor-version":[{"id":23521,"href":"https:\/\/www.jazzypunto.es\/jazzaragon\/wp-json\/wp\/v2\/pages\/8826\/revisions\/23521"}],"up":[{"embeddable":true,"href":"https:\/\/www.jazzypunto.es\/jazzaragon\/wp-json\/wp\/v2\/pages\/451"}],"wp:featuredmedia":[{"embeddable":true,"href":"https:\/\/www.jazzypunto.es\/jazzaragon\/wp-json\/wp\/v2\/media\/8833"}],"wp:attachment":[{"href":"https:\/\/www.jazzypunto.es\/jazzaragon\/wp-json\/wp\/v2\/media?parent=8826"}],"curies":[{"name":"wp","href":"https:\/\/api.w.org\/{rel}","templated":true}]}}