{"id":966,"date":"2015-02-19T13:05:55","date_gmt":"2015-02-19T12:05:55","guid":{"rendered":"http:\/\/www.jazzypunto.es\/jazzaragon\/?page_id=966"},"modified":"2024-09-17T13:29:33","modified_gmt":"2024-09-17T11:29:33","slug":"jazz-en-la-colina-2009","status":"publish","type":"page","link":"https:\/\/www.jazzypunto.es\/jazzaragon\/huesca\/sabinanigo\/jazz-en-la-colina-2009\/","title":{"rendered":"Jazz en la Colina 2009"},"content":{"rendered":"<h3 style=\"text-align: center;\"><strong><em>13 a 27 de Febrero\u00a0<\/em><\/strong><\/h3>\n<p style=\"text-align: center;\"><strong>13 de Febrero <\/strong>\u2013 Viernes 22.30 horas<\/p>\n<p style=\"text-align: left;\"><strong>&#8211; D\u00b43<\/strong><\/p>\n<figure id=\"attachment_2189\" aria-describedby=\"caption-attachment-2189\" style=\"width: 420px\" class=\"wp-caption alignnone\"><a href=\"https:\/\/i0.wp.com\/www.jazzypunto.es\/jazzaragon\/wp-content\/uploads\/2015\/02\/D%C2%B43.jpg\" rel=\"lightbox-0\" data-rel=\"lightbox-image-0\" data-imagelightbox=\"0\" data-rl_title=\"\" data-rl_caption=\"\" title=\"\"><img data-recalc-dims=\"1\" decoding=\"async\" class=\"wp-image-2189 size-full lazyload\" data-src=\"https:\/\/i0.wp.com\/www.jazzypunto.es\/jazzaragon\/wp-content\/uploads\/2015\/02\/D%C2%B43.jpg?resize=420%2C208\" alt=\" \" width=\"420\" height=\"208\" src=\"data:image\/svg+xml;base64,PHN2ZyB3aWR0aD0iMSIgaGVpZ2h0PSIxIiB4bWxucz0iaHR0cDovL3d3dy53My5vcmcvMjAwMC9zdmciPjwvc3ZnPg==\" style=\"--smush-placeholder-width: 420px; --smush-placeholder-aspect-ratio: 420\/208;\" \/><\/a><figcaption id=\"caption-attachment-2189\" class=\"wp-caption-text\">D\u00b43<\/figcaption><\/figure>\n<p style=\"text-align: left; padding-left: 80px;\"><em>Jorge Pardo: Saxof\u00f3n<\/em><br \/>\n<em>Francis Pos\u00e9: Contrabajo<\/em><br \/>\n<em>Jos\u00e9 V\u00e1zquez\u201dRoper\u201d: Bater\u00eda<\/em><\/p>\n<p style=\"text-align: center;\"><strong>20 de Febrero \u00a0&#8211; <\/strong>Viernes 22.30 horas<\/p>\n<p style=\"text-align: left;\"><em><strong>-Wonderbrass<\/strong><\/em><\/p>\n<figure id=\"attachment_2190\" aria-describedby=\"caption-attachment-2190\" style=\"width: 284px\" class=\"wp-caption aligncenter\"><a href=\"https:\/\/i0.wp.com\/www.jazzypunto.es\/jazzaragon\/wp-content\/uploads\/2015\/02\/Wonderbrass.jpg\" rel=\"lightbox-1\" data-rel=\"lightbox-image-1\" data-imagelightbox=\"1\" data-rl_title=\"\" data-rl_caption=\"\" title=\"\"><img data-recalc-dims=\"1\" decoding=\"async\" class=\"wp-image-2190 size-full lazyload\" data-src=\"https:\/\/i0.wp.com\/www.jazzypunto.es\/jazzaragon\/wp-content\/uploads\/2015\/02\/Wonderbrass.jpg?resize=284%2C268\" alt=\"\" width=\"284\" height=\"268\" src=\"data:image\/svg+xml;base64,PHN2ZyB3aWR0aD0iMSIgaGVpZ2h0PSIxIiB4bWxucz0iaHR0cDovL3d3dy53My5vcmcvMjAwMC9zdmciPjwvc3ZnPg==\" style=\"--smush-placeholder-width: 284px; --smush-placeholder-aspect-ratio: 284\/268;\" \/><\/a><figcaption id=\"caption-attachment-2190\" class=\"wp-caption-text\">Wonderbrass<\/figcaption><\/figure>\n<p style=\"padding-left: 80px;\"><em>Nestor Casas: Trompeta y Voz<\/em><br \/>\n<em>Nacho Vegas: Saxo Tenor, Guitarra y Voz<\/em><br \/>\n<em>Didac Buscat\u00f3: Tuba<\/em><br \/>\n<em>Jos\u00e9 Luis Garc\u00eda: Bater\u00eda<\/em><\/p>\n<p style=\"text-align: center;\"><strong>27 de Febrero \u00a0&#8211; <\/strong>Viernes 22.30 horas<\/p>\n<p><strong><em>&#8211; Colina, Miralta, Sambeat Tr\u00edo<\/em><\/strong><\/p>\n<figure id=\"attachment_2192\" aria-describedby=\"caption-attachment-2192\" style=\"width: 550px\" class=\"wp-caption alignnone\"><a href=\"https:\/\/i0.wp.com\/www.jazzypunto.es\/jazzaragon\/wp-content\/uploads\/2015\/02\/cms-in.jpg\" rel=\"lightbox-2\" data-rel=\"lightbox-image-2\" data-imagelightbox=\"2\" data-rl_title=\"\" data-rl_caption=\"\" title=\"\"><img data-recalc-dims=\"1\" decoding=\"async\" class=\"wp-image-2192 lazyload\" data-src=\"https:\/\/i0.wp.com\/www.jazzypunto.es\/jazzaragon\/wp-content\/uploads\/2015\/02\/cms-in.jpg?resize=474%2C246\" alt=\"\" width=\"474\" height=\"246\" src=\"data:image\/svg+xml;base64,PHN2ZyB3aWR0aD0iMSIgaGVpZ2h0PSIxIiB4bWxucz0iaHR0cDovL3d3dy53My5vcmcvMjAwMC9zdmciPjwvc3ZnPg==\" style=\"--smush-placeholder-width: 474px; --smush-placeholder-aspect-ratio: 474\/246;\" \/><\/a><figcaption id=\"caption-attachment-2192\" class=\"wp-caption-text\">Colina, Miralta, Sambeat<\/figcaption><\/figure>\n<p style=\"padding-left: 80px;\"><em>Perico Sambeat: Saxo Alto<\/em><br \/>\n<em>Javier Colina: Contrabajo<\/em><br \/>\n<em>Marc Miralta: Contrabajo<\/em><\/p>\n<p style=\"padding-left: 180px;\">\n","protected":false},"excerpt":{"rendered":"<p>13 a 27 de Febrero\u00a0 13 de Febrero \u2013 Viernes 22.30 horas &#8211; D\u00b43 Jorge Pardo: Saxof\u00f3n Francis Pos\u00e9: Contrabajo Jos\u00e9 V\u00e1zquez\u201dRoper\u201d: Bater\u00eda 20 de Febrero \u00a0&#8211; Viernes 22.30 horas -Wonderbrass Nestor Casas: Trompeta y Voz Nacho Vegas: Saxo Tenor, Guitarra y Voz Didac Buscat\u00f3: Tuba Jos\u00e9 Luis Garc\u00eda: Bater\u00eda 27 de Febrero \u00a0&#8211; Viernes &hellip; <a href=\"https:\/\/www.jazzypunto.es\/jazzaragon\/huesca\/sabinanigo\/jazz-en-la-colina-2009\/\" class=\"more-link\">Seguir leyendo <span class=\"screen-reader-text\">Jazz en la Colina 2009<\/span> <span class=\"meta-nav\">&rarr;<\/span><\/a><\/p>\n","protected":false},"author":1,"featured_media":0,"parent":451,"menu_order":6,"comment_status":"closed","ping_status":"open","template":"page-templates\/full-width.php","meta":{"footnotes":""},"class_list":["post-966","page","type-page","status-publish","hentry"],"yoast_head":"<!-- This site is optimized with the Yoast SEO plugin v27.3 - https:\/\/yoast.com\/product\/yoast-seo-wordpress\/ -->\n<title>Jazz en la Colina 2009 &#8212; Jazz Arag\u00f3n<\/title>\n<meta name=\"robots\" content=\"index, follow, max-snippet:-1, max-image-preview:large, max-video-preview:-1\" \/>\n<link rel=\"canonical\" href=\"https:\/\/www.jazzypunto.es\/jazzaragon\/huesca\/sabinanigo\/jazz-en-la-colina-2009\/\" \/>\n<meta property=\"og:locale\" content=\"es_ES\" \/>\n<meta property=\"og:type\" content=\"article\" \/>\n<meta property=\"og:title\" content=\"Jazz en la Colina 2009 &#8212; Jazz Arag\u00f3n\" \/>\n<meta property=\"og:description\" content=\"13 a 27 de Febrero\u00a0 13 de Febrero \u2013 Viernes 22.30 horas &#8211; D\u00b43 Jorge Pardo: Saxof\u00f3n Francis Pos\u00e9: Contrabajo Jos\u00e9 V\u00e1zquez\u201dRoper\u201d: Bater\u00eda 20 de Febrero \u00a0&#8211; Viernes 22.30 horas -Wonderbrass Nestor Casas: Trompeta y Voz Nacho Vegas: Saxo Tenor, Guitarra y Voz Didac Buscat\u00f3: Tuba Jos\u00e9 Luis Garc\u00eda: Bater\u00eda 27 de Febrero \u00a0&#8211; Viernes &hellip; Seguir leyendo Jazz en la Colina 2009 &rarr;\" \/>\n<meta property=\"og:url\" content=\"https:\/\/www.jazzypunto.es\/jazzaragon\/huesca\/sabinanigo\/jazz-en-la-colina-2009\/\" \/>\n<meta property=\"og:site_name\" content=\"Jazz Arag\u00f3n\" \/>\n<meta property=\"article:publisher\" content=\"https:\/\/www.facebook.com\/Danijazz\/\" \/>\n<meta property=\"article:modified_time\" content=\"2024-09-17T11:29:33+00:00\" \/>\n<meta property=\"og:image\" content=\"http:\/\/www.jazzypunto.es\/jazzaragon\/wp-content\/uploads\/2015\/02\/Wonderbrass.jpg\" \/>\n<meta name=\"twitter:card\" content=\"summary_large_image\" \/>\n<meta name=\"twitter:site\" content=\"@_jazzaragon\" \/>\n<meta name=\"twitter:label1\" content=\"Tiempo de lectura\" \/>\n\t<meta name=\"twitter:data1\" content=\"1 minuto\" \/>\n<script type=\"application\/ld+json\" class=\"yoast-schema-graph\">{\"@context\":\"https:\\\/\\\/schema.org\",\"@graph\":[{\"@type\":\"WebPage\",\"@id\":\"https:\\\/\\\/www.jazzypunto.es\\\/jazzaragon\\\/huesca\\\/sabinanigo\\\/jazz-en-la-colina-2009\\\/\",\"url\":\"https:\\\/\\\/www.jazzypunto.es\\\/jazzaragon\\\/huesca\\\/sabinanigo\\\/jazz-en-la-colina-2009\\\/\",\"name\":\"Jazz en la Colina 2009 &#8212; Jazz Arag\u00f3n\",\"isPartOf\":{\"@id\":\"https:\\\/\\\/www.jazzypunto.es\\\/jazzaragon\\\/#website\"},\"primaryImageOfPage\":{\"@id\":\"https:\\\/\\\/www.jazzypunto.es\\\/jazzaragon\\\/huesca\\\/sabinanigo\\\/jazz-en-la-colina-2009\\\/#primaryimage\"},\"image\":{\"@id\":\"https:\\\/\\\/www.jazzypunto.es\\\/jazzaragon\\\/huesca\\\/sabinanigo\\\/jazz-en-la-colina-2009\\\/#primaryimage\"},\"thumbnailUrl\":\"http:\\\/\\\/www.jazzypunto.es\\\/jazzaragon\\\/wp-content\\\/uploads\\\/2015\\\/02\\\/Wonderbrass.jpg\",\"datePublished\":\"2015-02-19T12:05:55+00:00\",\"dateModified\":\"2024-09-17T11:29:33+00:00\",\"breadcrumb\":{\"@id\":\"https:\\\/\\\/www.jazzypunto.es\\\/jazzaragon\\\/huesca\\\/sabinanigo\\\/jazz-en-la-colina-2009\\\/#breadcrumb\"},\"inLanguage\":\"es\",\"potentialAction\":[{\"@type\":\"ReadAction\",\"target\":[\"https:\\\/\\\/www.jazzypunto.es\\\/jazzaragon\\\/huesca\\\/sabinanigo\\\/jazz-en-la-colina-2009\\\/\"]}]},{\"@type\":\"ImageObject\",\"inLanguage\":\"es\",\"@id\":\"https:\\\/\\\/www.jazzypunto.es\\\/jazzaragon\\\/huesca\\\/sabinanigo\\\/jazz-en-la-colina-2009\\\/#primaryimage\",\"url\":\"https:\\\/\\\/i0.wp.com\\\/www.jazzypunto.es\\\/jazzaragon\\\/wp-content\\\/uploads\\\/2015\\\/02\\\/Wonderbrass.jpg?fit=284%2C268&ssl=1\",\"contentUrl\":\"https:\\\/\\\/i0.wp.com\\\/www.jazzypunto.es\\\/jazzaragon\\\/wp-content\\\/uploads\\\/2015\\\/02\\\/Wonderbrass.jpg?fit=284%2C268&ssl=1\",\"width\":284,\"height\":268,\"caption\":\"Wonderbrass\"},{\"@type\":\"BreadcrumbList\",\"@id\":\"https:\\\/\\\/www.jazzypunto.es\\\/jazzaragon\\\/huesca\\\/sabinanigo\\\/jazz-en-la-colina-2009\\\/#breadcrumb\",\"itemListElement\":[{\"@type\":\"ListItem\",\"position\":1,\"name\":\"Portada\",\"item\":\"https:\\\/\\\/www.jazzypunto.es\\\/jazzaragon\\\/\"},{\"@type\":\"ListItem\",\"position\":2,\"name\":\"Huesca\",\"item\":\"https:\\\/\\\/www.jazzypunto.es\\\/jazzaragon\\\/huesca\\\/\"},{\"@type\":\"ListItem\",\"position\":3,\"name\":\"Sabi\u00f1\u00e1nigo\",\"item\":\"https:\\\/\\\/www.jazzypunto.es\\\/jazzaragon\\\/huesca\\\/sabinanigo\\\/\"},{\"@type\":\"ListItem\",\"position\":4,\"name\":\"Jazz en la Colina 2009\"}]},{\"@type\":\"WebSite\",\"@id\":\"https:\\\/\\\/www.jazzypunto.es\\\/jazzaragon\\\/#website\",\"url\":\"https:\\\/\\\/www.jazzypunto.es\\\/jazzaragon\\\/\",\"name\":\"Jazz Arag\u00f3n\",\"description\":\"Historia y Actualidad\",\"publisher\":{\"@id\":\"https:\\\/\\\/www.jazzypunto.es\\\/jazzaragon\\\/#\\\/schema\\\/person\\\/c0d650c3b28b68befb325c5cddc3b0fe\"},\"potentialAction\":[{\"@type\":\"SearchAction\",\"target\":{\"@type\":\"EntryPoint\",\"urlTemplate\":\"https:\\\/\\\/www.jazzypunto.es\\\/jazzaragon\\\/?s={search_term_string}\"},\"query-input\":{\"@type\":\"PropertyValueSpecification\",\"valueRequired\":true,\"valueName\":\"search_term_string\"}}],\"inLanguage\":\"es\"},{\"@type\":[\"Person\",\"Organization\"],\"@id\":\"https:\\\/\\\/www.jazzypunto.es\\\/jazzaragon\\\/#\\\/schema\\\/person\\\/c0d650c3b28b68befb325c5cddc3b0fe\",\"name\":\"Danijazz\",\"image\":{\"@type\":\"ImageObject\",\"inLanguage\":\"es\",\"@id\":\"https:\\\/\\\/i0.wp.com\\\/www.jazzypunto.es\\\/jazzaragon\\\/wp-content\\\/uploads\\\/2022\\\/11\\\/Benja_Daniel-e1667983357479.jpg?fit=1000%2C975&ssl=1\",\"url\":\"https:\\\/\\\/i0.wp.com\\\/www.jazzypunto.es\\\/jazzaragon\\\/wp-content\\\/uploads\\\/2022\\\/11\\\/Benja_Daniel-e1667983357479.jpg?fit=1000%2C975&ssl=1\",\"contentUrl\":\"https:\\\/\\\/i0.wp.com\\\/www.jazzypunto.es\\\/jazzaragon\\\/wp-content\\\/uploads\\\/2022\\\/11\\\/Benja_Daniel-e1667983357479.jpg?fit=1000%2C975&ssl=1\",\"width\":1000,\"height\":975,\"caption\":\"Danijazz\"},\"logo\":{\"@id\":\"https:\\\/\\\/i0.wp.com\\\/www.jazzypunto.es\\\/jazzaragon\\\/wp-content\\\/uploads\\\/2022\\\/11\\\/Benja_Daniel-e1667983357479.jpg?fit=1000%2C975&ssl=1\"},\"sameAs\":[\"https:\\\/\\\/www.facebook.com\\\/Danijazz\\\/\"]}]}<\/script>\n<!-- \/ Yoast SEO plugin. -->","yoast_head_json":{"title":"Jazz en la Colina 2009 &#8212; Jazz Arag\u00f3n","robots":{"index":"index","follow":"follow","max-snippet":"max-snippet:-1","max-image-preview":"max-image-preview:large","max-video-preview":"max-video-preview:-1"},"canonical":"https:\/\/www.jazzypunto.es\/jazzaragon\/huesca\/sabinanigo\/jazz-en-la-colina-2009\/","og_locale":"es_ES","og_type":"article","og_title":"Jazz en la Colina 2009 &#8212; Jazz Arag\u00f3n","og_description":"13 a 27 de Febrero\u00a0 13 de Febrero \u2013 Viernes 22.30 horas &#8211; D\u00b43 Jorge Pardo: Saxof\u00f3n Francis Pos\u00e9: Contrabajo Jos\u00e9 V\u00e1zquez\u201dRoper\u201d: Bater\u00eda 20 de Febrero \u00a0&#8211; Viernes 22.30 horas -Wonderbrass Nestor Casas: Trompeta y Voz Nacho Vegas: Saxo Tenor, Guitarra y Voz Didac Buscat\u00f3: Tuba Jos\u00e9 Luis Garc\u00eda: Bater\u00eda 27 de Febrero \u00a0&#8211; Viernes &hellip; Seguir leyendo Jazz en la Colina 2009 &rarr;","og_url":"https:\/\/www.jazzypunto.es\/jazzaragon\/huesca\/sabinanigo\/jazz-en-la-colina-2009\/","og_site_name":"Jazz Arag\u00f3n","article_publisher":"https:\/\/www.facebook.com\/Danijazz\/","article_modified_time":"2024-09-17T11:29:33+00:00","og_image":[{"url":"http:\/\/www.jazzypunto.es\/jazzaragon\/wp-content\/uploads\/2015\/02\/Wonderbrass.jpg","type":"","width":"","height":""}],"twitter_card":"summary_large_image","twitter_site":"@_jazzaragon","twitter_misc":{"Tiempo de lectura":"1 minuto"},"schema":{"@context":"https:\/\/schema.org","@graph":[{"@type":"WebPage","@id":"https:\/\/www.jazzypunto.es\/jazzaragon\/huesca\/sabinanigo\/jazz-en-la-colina-2009\/","url":"https:\/\/www.jazzypunto.es\/jazzaragon\/huesca\/sabinanigo\/jazz-en-la-colina-2009\/","name":"Jazz en la Colina 2009 &#8212; Jazz Arag\u00f3n","isPartOf":{"@id":"https:\/\/www.jazzypunto.es\/jazzaragon\/#website"},"primaryImageOfPage":{"@id":"https:\/\/www.jazzypunto.es\/jazzaragon\/huesca\/sabinanigo\/jazz-en-la-colina-2009\/#primaryimage"},"image":{"@id":"https:\/\/www.jazzypunto.es\/jazzaragon\/huesca\/sabinanigo\/jazz-en-la-colina-2009\/#primaryimage"},"thumbnailUrl":"http:\/\/www.jazzypunto.es\/jazzaragon\/wp-content\/uploads\/2015\/02\/Wonderbrass.jpg","datePublished":"2015-02-19T12:05:55+00:00","dateModified":"2024-09-17T11:29:33+00:00","breadcrumb":{"@id":"https:\/\/www.jazzypunto.es\/jazzaragon\/huesca\/sabinanigo\/jazz-en-la-colina-2009\/#breadcrumb"},"inLanguage":"es","potentialAction":[{"@type":"ReadAction","target":["https:\/\/www.jazzypunto.es\/jazzaragon\/huesca\/sabinanigo\/jazz-en-la-colina-2009\/"]}]},{"@type":"ImageObject","inLanguage":"es","@id":"https:\/\/www.jazzypunto.es\/jazzaragon\/huesca\/sabinanigo\/jazz-en-la-colina-2009\/#primaryimage","url":"https:\/\/i0.wp.com\/www.jazzypunto.es\/jazzaragon\/wp-content\/uploads\/2015\/02\/Wonderbrass.jpg?fit=284%2C268&ssl=1","contentUrl":"https:\/\/i0.wp.com\/www.jazzypunto.es\/jazzaragon\/wp-content\/uploads\/2015\/02\/Wonderbrass.jpg?fit=284%2C268&ssl=1","width":284,"height":268,"caption":"Wonderbrass"},{"@type":"BreadcrumbList","@id":"https:\/\/www.jazzypunto.es\/jazzaragon\/huesca\/sabinanigo\/jazz-en-la-colina-2009\/#breadcrumb","itemListElement":[{"@type":"ListItem","position":1,"name":"Portada","item":"https:\/\/www.jazzypunto.es\/jazzaragon\/"},{"@type":"ListItem","position":2,"name":"Huesca","item":"https:\/\/www.jazzypunto.es\/jazzaragon\/huesca\/"},{"@type":"ListItem","position":3,"name":"Sabi\u00f1\u00e1nigo","item":"https:\/\/www.jazzypunto.es\/jazzaragon\/huesca\/sabinanigo\/"},{"@type":"ListItem","position":4,"name":"Jazz en la Colina 2009"}]},{"@type":"WebSite","@id":"https:\/\/www.jazzypunto.es\/jazzaragon\/#website","url":"https:\/\/www.jazzypunto.es\/jazzaragon\/","name":"Jazz Arag\u00f3n","description":"Historia y Actualidad","publisher":{"@id":"https:\/\/www.jazzypunto.es\/jazzaragon\/#\/schema\/person\/c0d650c3b28b68befb325c5cddc3b0fe"},"potentialAction":[{"@type":"SearchAction","target":{"@type":"EntryPoint","urlTemplate":"https:\/\/www.jazzypunto.es\/jazzaragon\/?s={search_term_string}"},"query-input":{"@type":"PropertyValueSpecification","valueRequired":true,"valueName":"search_term_string"}}],"inLanguage":"es"},{"@type":["Person","Organization"],"@id":"https:\/\/www.jazzypunto.es\/jazzaragon\/#\/schema\/person\/c0d650c3b28b68befb325c5cddc3b0fe","name":"Danijazz","image":{"@type":"ImageObject","inLanguage":"es","@id":"https:\/\/i0.wp.com\/www.jazzypunto.es\/jazzaragon\/wp-content\/uploads\/2022\/11\/Benja_Daniel-e1667983357479.jpg?fit=1000%2C975&ssl=1","url":"https:\/\/i0.wp.com\/www.jazzypunto.es\/jazzaragon\/wp-content\/uploads\/2022\/11\/Benja_Daniel-e1667983357479.jpg?fit=1000%2C975&ssl=1","contentUrl":"https:\/\/i0.wp.com\/www.jazzypunto.es\/jazzaragon\/wp-content\/uploads\/2022\/11\/Benja_Daniel-e1667983357479.jpg?fit=1000%2C975&ssl=1","width":1000,"height":975,"caption":"Danijazz"},"logo":{"@id":"https:\/\/i0.wp.com\/www.jazzypunto.es\/jazzaragon\/wp-content\/uploads\/2022\/11\/Benja_Daniel-e1667983357479.jpg?fit=1000%2C975&ssl=1"},"sameAs":["https:\/\/www.facebook.com\/Danijazz\/"]}]}},"jetpack_sharing_enabled":true,"_links":{"self":[{"href":"https:\/\/www.jazzypunto.es\/jazzaragon\/wp-json\/wp\/v2\/pages\/966","targetHints":{"allow":["GET"]}}],"collection":[{"href":"https:\/\/www.jazzypunto.es\/jazzaragon\/wp-json\/wp\/v2\/pages"}],"about":[{"href":"https:\/\/www.jazzypunto.es\/jazzaragon\/wp-json\/wp\/v2\/types\/page"}],"author":[{"embeddable":true,"href":"https:\/\/www.jazzypunto.es\/jazzaragon\/wp-json\/wp\/v2\/users\/1"}],"replies":[{"embeddable":true,"href":"https:\/\/www.jazzypunto.es\/jazzaragon\/wp-json\/wp\/v2\/comments?post=966"}],"version-history":[{"count":12,"href":"https:\/\/www.jazzypunto.es\/jazzaragon\/wp-json\/wp\/v2\/pages\/966\/revisions"}],"predecessor-version":[{"id":23519,"href":"https:\/\/www.jazzypunto.es\/jazzaragon\/wp-json\/wp\/v2\/pages\/966\/revisions\/23519"}],"up":[{"embeddable":true,"href":"https:\/\/www.jazzypunto.es\/jazzaragon\/wp-json\/wp\/v2\/pages\/451"}],"wp:attachment":[{"href":"https:\/\/www.jazzypunto.es\/jazzaragon\/wp-json\/wp\/v2\/media?parent=966"}],"curies":[{"name":"wp","href":"https:\/\/api.w.org\/{rel}","templated":true}]}}